{"id":113,"date":"2012-09-13T08:46:15","date_gmt":"2012-09-13T08:46:15","guid":{"rendered":"http:\/\/people.unica.it\/mariorossi\/?page_id=113"},"modified":"2026-04-01T11:37:30","modified_gmt":"2026-04-01T10:37:30","slug":"informazioni-generali","status":"publish","type":"page","link":"https:\/\/people.unica.it\/carlopiga\/","title":{"rendered":"Informazioni Generali"},"content":{"rendered":"\n<figure class=\"wp-block-image size-full\"><a href=\"https:\/\/starts.unica.it\/it\/node\/184618\"><img decoding=\"async\" width=\"804\" height=\"461\" src=\"https:\/\/people.unica.it\/carlopiga\/files\/2026\/04\/Unica_Starts_Carlo_Piga-2.png\" alt=\"\" class=\"wp-image-304\" srcset=\"https:\/\/people.unica.it\/carlopiga\/files\/2026\/04\/Unica_Starts_Carlo_Piga-2.png 804w, https:\/\/people.unica.it\/carlopiga\/files\/2026\/04\/Unica_Starts_Carlo_Piga-2-300x172.png 300w, https:\/\/people.unica.it\/carlopiga\/files\/2026\/04\/Unica_Starts_Carlo_Piga-2-768x440.png 768w\" sizes=\"(max-width: 804px) 100vw, 804px\" \/><\/a><\/figure>\n\n\n<div id=\"content\">\n<article id=\"post-113\" class=\"post-113 page type-page status-publish has-post-thumbnail hentry meta-position-corners fix\">\n<div class=\"entry-container fix\">\n<p><!--\/entry --><\/p>\n<div id=\"infodoc\">\n<p><a href=\"http:\/\/people.unica.it\/carlopiga\/files\/2016\/02\/IMG_4819-e1455560836405.jpg\" rel=\"attachment wp-att-187\"><img decoding=\"async\" class=\"alignnone wp-image-187 size-thumbnail\" src=\"http:\/\/people.unica.it\/carlopiga\/files\/2016\/02\/IMG_4819-e1455560836405-120x150.jpg\" alt=\"IMG_4819\" width=\"120\" height=\"150\" \/><\/a><\/p>\n<p>Benvenuti nel sito di <strong>Carlo Piga<br \/><\/strong><\/p>\n<p>Per maggiori informazioni sulle mie pubblicazioni potete visitare il mio <span style=\"color: #000080\"><a style=\"color: #000080\" href=\"https:\/\/www.researchgate.net\/profile\/Carlo-Piga\"><strong>profilo Researchgate<\/strong><\/a><\/span><\/p>\n<dl class=\"record-riga\">\n<dt><strong>Ruolo: <\/strong><\/dt>\n<dd>Ricercatore affiliato in geofisica applicata (funzionario tecnico)<\/dd>\n<\/dl>\n<dl class=\"record-riga\">\n<dt><strong>Area scientifico disciplinare: <\/strong><\/dt>\n<dd>Scienze della terra<\/dd>\n<dt><strong>Settore scientifico disciplinare: <\/strong><\/dt>\n<dd>GEO\/11 GEOFISICA APPLICATA<\/dd>\n<dt><strong>Dipartimento di afferenza: <\/strong><\/dt>\n<dd>Dipartimento di Ingegneria Civile, Ambientale e Architettura<\/dd>\n<dt><strong>Contatti: <\/strong><\/dt>\n<dd>Email <span style=\"color: #000080\"><a style=\"color: #000080\" href=\"mailto:cpiga@unica.it\">cpiga@unica.it<\/a><\/span> &#8211; Tel. 070\/675-5174<\/dd>\n<dt><strong>Indirizzo: <\/strong><\/dt>\n<dd>Facolt\u00e0 di Ingegneria e Architettura &#8211; Via Marengo, 2 &#8211; Dipart. Ingegneria Civile, Ambientale e Architettura &#8211; Padiglione centrale, Edificio E &#8211; 1\u00b0 piano &#8211; Gi\u00e0 Sezione di Geologia Applicata e Geofisica Applicata<\/dd>\n<dt><strong>Orario di ricevimento: <\/strong><\/dt>\n<dd>Marted\u00ec e Mercoled\u00ec dalle ore 10 alle ore 11<\/dd>\n<\/dl>\n<\/div>\n<\/div>\n<\/article>\n<\/div>\n\n\n\n","protected":false},"excerpt":{"rendered":"<p>Benvenuti nel sito di Carlo Piga Per maggiori informazioni sulle mie pubblicazioni potete visitare il mio profilo Researchgate Ruolo: Ricercatore affiliato in geofisica applicata (funzionario tecnico) Area scientifico disciplinare: Scienze della terra Settore scientifico disciplinare: GEO\/11 GEOFISICA APPLICATA Dipartimento di afferenza: Dipartimento di Ingegneria Civile, Ambientale e Architettura Contatti: Email cpiga@unica.it &#8211; Tel. 070\/675-5174 Indirizzo: Facolt\u00e0 di Ingegneria e Architettura &#8211; Via Marengo, 2 &#8211; Dipart. Ingegneria Civile, Ambientale e Architettura &#8211; Padiglione centrale, Edificio E &#8211; 1\u00b0 piano &#8211; Gi\u00e0 Sezione di Geologia Applicata e Geofisica Applicata Orario di ricevimento: Marted\u00ec e Mercoled\u00ec dalle ore 10 alle ore 11<\/p>\n","protected":false},"author":2,"featured_media":0,"parent":0,"menu_order":0,"comment_status":"closed","ping_status":"closed","template":"curriculum.php","meta":{"footnotes":""},"class_list":["post-113","page","type-page","status-publish","hentry","post-seq-1","post-parity-odd","meta-position-corners","fix"],"publishpress_future_action":{"enabled":false,"date":"2026-05-12 19:46:21","action":"Draft","newStatus":"draft","terms":[],"taxonomy":"","extraData":[]},"publishpress_future_workflow_manual_trigger":{"enabledWorkflows":[]},"_links":{"self":[{"href":"https:\/\/people.unica.it\/carlopiga\/wp-json\/wp\/v2\/pages\/113","targetHints":{"allow":["GET"]}}],"collection":[{"href":"https:\/\/people.unica.it\/carlopiga\/wp-json\/wp\/v2\/pages"}],"about":[{"href":"https:\/\/people.unica.it\/carlopiga\/wp-json\/wp\/v2\/types\/page"}],"author":[{"embeddable":true,"href":"https:\/\/people.unica.it\/carlopiga\/wp-json\/wp\/v2\/users\/2"}],"replies":[{"embeddable":true,"href":"https:\/\/people.unica.it\/carlopiga\/wp-json\/wp\/v2\/comments?post=113"}],"version-history":[{"count":59,"href":"https:\/\/people.unica.it\/carlopiga\/wp-json\/wp\/v2\/pages\/113\/revisions"}],"predecessor-version":[{"id":322,"href":"https:\/\/people.unica.it\/carlopiga\/wp-json\/wp\/v2\/pages\/113\/revisions\/322"}],"wp:attachment":[{"href":"https:\/\/people.unica.it\/carlopiga\/wp-json\/wp\/v2\/media?parent=113"}],"curies":[{"name":"wp","href":"https:\/\/api.w.org\/{rel}","templated":true}]}}