{"id":170,"date":"2013-06-06T08:54:04","date_gmt":"2013-06-06T06:54:04","guid":{"rendered":"http:\/\/people.unica.it\/ricercaevalutazione\/?page_id=170"},"modified":"2013-08-01T11:42:39","modified_gmt":"2013-08-01T09:42:39","slug":"contatti","status":"publish","type":"page","link":"https:\/\/people.unica.it\/blogricerca\/contatti\/","title":{"rendered":"Come intervenire"},"content":{"rendered":"<p>Vorremmo offrire all&#8217;ateneo un nuovo spazio di interazione e dibattito. In questa prima fase, sar\u00e0 possibile interagire in due modi: <strong>commentando<\/strong> gli articoli pubblicati e\u00a0<a href=\"mailto:blogricerca@unica.it\"><strong>proponendo via mail<\/strong><\/a> nuovi temi di discussione.<\/p>\n<p><strong>Commenti<\/strong><br \/>\n<span style=\"font-size: 13px;line-height: 19px\">Per intervenire nelle discussioni, \u00e8 sufficiente identificarsi inserendo nome e indirizzo email.<\/span><\/p>\n<p>I commenti agli articoli verranno pubblicati <strong>senza moderazione<\/strong>: si invitano tutti a rispettare le consuete regole di interazione per gli ambienti digitali.\u00a0Sar\u00e0 importante, in particolare, mantenere toni rispettosi e leggere i commenti gi\u00e0 pubblicati prima di intervenire.<\/p>\n<p><strong>Proposte<\/strong><br \/>\nAffinch\u00e9 il dibattito si arricchisca di punti di vista, vi invitiamo a proporre nuovi temi di discussione inerenti la ricerca nell&#8217;ateneo di Cagliari scrivendo a <a href=\"mailto:blogricerca@unica.it\"><strong>blogricerca@unica.it<\/strong><\/a>.<br \/>\nSar\u00e0 possibile anche proporre interventi da pubblicare come nuovi post: in questo caso, la redazione si riserva di valutarne l&#8217;uniformit\u00e0 con la linea editoriale e il potenziale interesse per una collettivit\u00e0 di lettori.<\/p>","protected":false},"excerpt":{"rendered":"<p>Vorremmo offrire all&#8217;ateneo un nuovo spazio di interazione e dibattito. In questa prima fase, sar\u00e0 possibile interagire in due modi: commentando gli articoli pubblicati e\u00a0proponendo via mail nuovi temi di discussione. Commenti Per intervenire nelle discussioni, \u00e8 sufficiente identificarsi inserendo nome e indirizzo email. I commenti agli articoli verranno pubblicati senza moderazione: si invitano tutti a rispettare le consuete regole di interazione per gli ambienti digitali.\u00a0Sar\u00e0 importante, in particolare, mantenere toni rispettosi e leggere i commenti gi\u00e0 pubblicati prima di intervenire. Proposte Affinch\u00e9 il dibattito si arricchisca di punti di vista, vi invitiamo a proporre nuovi temi di discussione inerenti <a href='https:\/\/people.unica.it\/blogricerca\/contatti\/' class='excerpt-more'>[&#8230;]<\/a><\/p>\n","protected":false},"author":674,"featured_media":0,"parent":0,"menu_order":0,"comment_status":"closed","ping_status":"closed","template":"","meta":{"footnotes":""},"class_list":["post-170","page","type-page","status-publish","hentry","post-seq-1","post-parity-odd","meta-position-corners","fix"],"publishpress_future_action":{"enabled":false,"date":"2026-05-08 00:12:16","action":"Draft","newStatus":"draft","terms":[],"taxonomy":"","extraData":[]},"publishpress_future_workflow_manual_trigger":{"enabledWorkflows":[]},"_links":{"self":[{"href":"https:\/\/people.unica.it\/blogricerca\/wp-json\/wp\/v2\/pages\/170","targetHints":{"allow":["GET"]}}],"collection":[{"href":"https:\/\/people.unica.it\/blogricerca\/wp-json\/wp\/v2\/pages"}],"about":[{"href":"https:\/\/people.unica.it\/blogricerca\/wp-json\/wp\/v2\/types\/page"}],"author":[{"embeddable":true,"href":"https:\/\/people.unica.it\/blogricerca\/wp-json\/wp\/v2\/users\/674"}],"replies":[{"embeddable":true,"href":"https:\/\/people.unica.it\/blogricerca\/wp-json\/wp\/v2\/comments?post=170"}],"version-history":[{"count":28,"href":"https:\/\/people.unica.it\/blogricerca\/wp-json\/wp\/v2\/pages\/170\/revisions"}],"predecessor-version":[{"id":204,"href":"https:\/\/people.unica.it\/blogricerca\/wp-json\/wp\/v2\/pages\/170\/revisions\/204"}],"wp:attachment":[{"href":"https:\/\/people.unica.it\/blogricerca\/wp-json\/wp\/v2\/media?parent=170"}],"curies":[{"name":"wp","href":"https:\/\/api.w.org\/{rel}","templated":true}]}}