{"id":1511,"date":"2012-12-10T11:21:32","date_gmt":"2012-12-10T11:21:32","guid":{"rendered":"http:\/\/people.unica.it\/beniculturali\/?page_id=1511"},"modified":"2015-09-21T17:38:11","modified_gmt":"2015-09-21T17:38:11","slug":"commissione-g-a-v","status":"publish","type":"page","link":"https:\/\/people.unica.it\/beniculturali\/chi-siamo\/commissioni\/commissione-g-a-v\/","title":{"rendered":"Commissione di autovalutazione (C.A.V.)"},"content":{"rendered":"<p><strong>La commissione \u00e8 cos\u00ec composta:<\/strong><\/p>\n<p class=\"first-para\">Proff.ri B. Fadda (Coordinatore), C. Tasca, F. Pinna, C. Lugli\u00e8, I. Macchiarella.<\/p>\n<p>Amministrativi: A. D\u2019Alessandro.<\/p>\n<p>Studente: Nicol\u00f2 Atzori.<\/p>\n<p>&nbsp;<\/p>","protected":false},"excerpt":{"rendered":"<p>La commissione \u00e8 cos\u00ec composta: Proff.ri B. Fadda (Coordinatore), C. Tasca, F. Pinna, C. Lugli\u00e8, I. Macchiarella. Amministrativi: A. D\u2019Alessandro. Studente: Nicol\u00f2 Atzori. &nbsp;<\/p>\n","protected":false},"author":678,"featured_media":0,"parent":14,"menu_order":0,"comment_status":"closed","ping_status":"closed","template":"","meta":{"footnotes":""},"class_list":["post-1511","page","type-page","status-publish","hentry","post-seq-1","post-parity-odd","meta-position-corners","fix"],"_links":{"self":[{"href":"https:\/\/people.unica.it\/beniculturali\/wp-json\/wp\/v2\/pages\/1511","targetHints":{"allow":["GET"]}}],"collection":[{"href":"https:\/\/people.unica.it\/beniculturali\/wp-json\/wp\/v2\/pages"}],"about":[{"href":"https:\/\/people.unica.it\/beniculturali\/wp-json\/wp\/v2\/types\/page"}],"author":[{"embeddable":true,"href":"https:\/\/people.unica.it\/beniculturali\/wp-json\/wp\/v2\/users\/678"}],"replies":[{"embeddable":true,"href":"https:\/\/people.unica.it\/beniculturali\/wp-json\/wp\/v2\/comments?post=1511"}],"version-history":[{"count":10,"href":"https:\/\/people.unica.it\/beniculturali\/wp-json\/wp\/v2\/pages\/1511\/revisions"}],"predecessor-version":[{"id":2778,"href":"https:\/\/people.unica.it\/beniculturali\/wp-json\/wp\/v2\/pages\/1511\/revisions\/2778"}],"up":[{"embeddable":true,"href":"https:\/\/people.unica.it\/beniculturali\/wp-json\/wp\/v2\/pages\/14"}],"wp:attachment":[{"href":"https:\/\/people.unica.it\/beniculturali\/wp-json\/wp\/v2\/media?parent=1511"}],"curies":[{"name":"wp","href":"https:\/\/api.w.org\/{rel}","templated":true}]}}