{"id":7,"date":"2011-03-17T13:25:18","date_gmt":"2011-03-17T12:25:18","guid":{"rendered":"http:\/\/people.unica.it\/bbua\/home\/normativa\/"},"modified":"2012-09-10T12:42:54","modified_gmt":"2012-09-10T11:42:54","slug":"normativa","status":"publish","type":"page","link":"https:\/\/people.unica.it\/bbua\/home\/normativa\/","title":{"rendered":"Normativa"},"content":{"rendered":"<p style=\"margin-bottom: 0cm\" align=\"center\"><span style=\"font-size: small\"><strong>REGOLAMENTO DELLA SCUOLA DI DOTTORATO DI RICERCA IN <\/strong><em><strong>BIOLOGIA E BIOCHIMICA DELL\u2019UOMO E DELL\u2019AMBIENTE<\/strong><\/em><\/span><\/p>\n<p style=\"margin-bottom: 0cm\" align=\"justify\"><span style=\"font-size: small\"><strong>CAPO I NORME GENERALI<br \/>\n<\/strong><\/span><\/p>\n<p style=\"margin-bottom: 0cm\" align=\"justify\"><span style=\"font-size: small\"><em>Art. 1 Ambito di applicazione<\/em><\/span><\/p>\n<p style=\"margin-bottom: 0cm\" align=\"justify\"><span style=\"font-size: small\">Il presente regolamento stabilisce i principi e le norme generali per l\u2019istituzione ed il funzionamento della Scuola di Dottorato di Ricerca dell\u2019Universit\u00e0 di Cagliari in <\/span><span style=\"font-size: small\"><em>Biologia e Biochimica dell\u2019uomo e dell\u2019ambiente<\/em><\/span><span style=\"font-size: small\">. <\/span><\/p>\n<p style=\"margin-bottom: 0cm\" align=\"justify\"><span style=\"font-size: small\"><em><br \/>\nArt. 2 Finalit\u00e0 della Scuola<\/em><\/span><\/p>\n<p style=\"margin-bottom: 0cm\" align=\"justify\"><span style=\"font-size: small\">1. La Scuola di Dottorato di Ricerca dell\u2019Universit\u00e0 di Cagliari in <\/span><span style=\"font-size: small\"><em>Biologia e Biochimica dell\u2019uomo e dell\u2019ambiente<\/em><\/span><span style=\"font-size: small\"> ha lo scopo di promuovere, organizzare e gestire attivit\u00e0 collegate ad un progetto formativo di livello dottorale. <\/span><\/p>\n<p style=\"margin-bottom: 0cm\" align=\"justify\"><span style=\"font-size: small\">2. La Scuola ha il compito di favorire l\u2019acquisizione, anche attraverso processi di internazionalizzazione, delle competenze necessarie per esercitare attivit\u00e0 di ricerca di alta qualificazione presso Universit\u00e0 italiane o straniere, nonch\u00e9 presso enti pubblici o soggetti privati.<\/span><\/p>\n<p style=\"margin-bottom: 0cm\" align=\"justify\"><span style=\"font-size: small\">3. La Scuola coincide con un unico corso di dottorato (avente la stessa denominazione della Scuola), articolato in quattro indirizzi: <\/span><span style=\"font-size: small\"><em>Biologia animale, Biochimica e Biologia molecolare, Biologia dell\u2019uomo, Bioenergetica del movimento umano<\/em><\/span><span style=\"font-size: small\">. La Scuola \u00e8 connotata inoltre da stretti rapporti con il sistema economico-sociale, nonch\u00e9 da documentate e riconosciute collaborazioni con Atenei ed enti pubblici e privati nazionali ed internazionali. <\/span><\/p>\n<p style=\"margin-bottom: 0cm\" align=\"justify\"><span style=\"font-size: small\"><em><br \/>\nArt. 3 Autonomia delle Scuola<\/em><\/span><\/p>\n<p style=\"margin-bottom: 0cm\" align=\"justify\"><span style=\"font-size: small\">1. La Scuola di Dottorato ha proprie regole di funzionamento nel rispetto delle norme del vigente regolamento d\u2019Ateneo sulle Scuole di Dottorato di Ricerca.<\/span><\/p>\n<p style=\"margin-bottom: 0cm\" align=\"justify\"><span style=\"font-size: small\">2. La Scuola non ha autonomia di bilancio ed utilizza per il proprio funzionamento le strutture esistenti presso i Dipartimenti di riferimento. La sede amministrativa delle Scuole \u00e8 istituita presso il Dipartimento cui afferisce il Direttore della Scuola.<\/span><\/p>\n<p style=\"margin-bottom: 0cm\" align=\"justify\"><span style=\"font-size: small\"><strong>CAPO II ORGANI DELLA SCUOLA<\/strong><\/span><\/p>\n<p style=\"margin-bottom: 0cm\" align=\"justify\"><span style=\"font-size: small\"><em>Art. 4 Sono Organi della Scuola<\/em><\/span><span style=\"font-size: small\">:<\/span><\/p>\n<ul>\n<li>\n<p style=\"margin-bottom: 0cm\" align=\"justify\"><span style=\"font-size: small\">Il Collegio della Scuola <\/span><\/p>\n<\/li>\n<li>\n<p style=\"margin-bottom: 0cm\" align=\"justify\"><span style=\"font-size: small\">Il Direttore della Scuola<\/span><\/p>\n<\/li>\n<\/ul>\n<p style=\"margin-bottom: 0cm\" align=\"justify\"><span style=\"font-size: small\"><em><br \/>\nArt. 5 Collegio della Scuola<\/em><\/span><\/p>\n<p style=\"margin-bottom: 0cm\" align=\"justify\"><span style=\"font-size: small\">1. Il Collegio della Scuola coincidente con il Collegio dei docenti del Corso di dottorato, \u00e8 organo di programmazione, di indirizzo e di coordinamento delle attivit\u00e0 e delle esigenze generali della Scuola.<\/span><\/p>\n<p style=\"margin-bottom: 0cm\" align=\"justify\"><span style=\"font-size: small\">2. In particolare, il Collegio:<\/span><\/p>\n<ul>\n<li>\n<p style=\"margin-bottom: 0cm\" align=\"justify\"><span style=\"font-size: small\">Formula il progetto formativo complessivo della Scuola comprendente le attivit\u00e0 didattiche e di ricerca comuni ai singoli indirizzi;<\/span><\/p>\n<\/li>\n<li>\n<p style=\"margin-bottom: 0cm\" align=\"justify\"><span style=\"font-size: small\">delibera annualmente gli indirizzi da attivare;<\/span><\/p>\n<\/li>\n<li>\n<p style=\"margin-bottom: 0cm\" align=\"justify\"><span style=\"font-size: small\">ripartisce le risorse finanziarie assegnate alla Scuola e distribuisce borse di dottorato tra i singoli indirizzi, prevedendo, eventualmente, una quota da riservare agli studenti stranieri;<\/span><\/p>\n<\/li>\n<li>\n<p style=\"margin-bottom: 0cm\" align=\"justify\"><span style=\"font-size: small\">approva la relazione consuntiva e programmatica annuale del Direttore;<\/span><\/p>\n<\/li>\n<li>\n<p style=\"margin-bottom: 0cm\" align=\"justify\"><span style=\"font-size: small\">individua i criteri per l\u2019ammissione dei soprannumerari;<\/span><\/p>\n<\/li>\n<li>\n<p style=\"margin-bottom: 0cm\" align=\"justify\"><span style=\"font-size: small\">stabilisce la durata minima degli indirizzi, che non pu\u00f2 comunque essere inferiore a tre anni.<\/span><\/p>\n<\/li>\n<\/ul>\n<p style=\"margin-bottom: 0cm\" align=\"justify\"><span style=\"font-size: small\">3. Il Collegio della Scuola \u00e8 presieduto dal Direttore della Scuola ed \u00e8 composto dai docenti afferenti alla Scuola. Il Collegio della Scuola coincide con il Collegio dei docenti del corso di dottorato.<\/span><\/p>\n<p style=\"margin-bottom: 0cm\" align=\"justify\"><span style=\"font-size: small\">4. Del Collegio fanno parte, limitatamente agli argomenti riguardanti l\u2019andamento generale delle attivit\u00e0 e dei percorsi formativi, almeno due rappresentanti dei dottorandi eletti annualmente tra gli iscritti alla scuola di dottorato.<\/span><\/p>\n<p style=\"margin-bottom: 0cm\" align=\"justify\"><span style=\"font-size: small\"><em><br \/>\nArt. 6 Direttore della Scuola<\/em><\/span><\/p>\n<p style=\"margin-bottom: 0cm\" align=\"justify\"><span style=\"font-size: small\">1. Il Direttore \u00e8 il responsabile della Scuola, la rappresenta e d\u00e0 esecuzione alle deliberazioni del Collegio della Scuola. <\/span><\/p>\n<p style=\"margin-bottom: 0cm\" align=\"justify\"><span style=\"font-size: small\">2. Il Direttore \u00e8 eletto dai docenti componenti il Collegi dei docenti afferenti alla scuola, dura in carica tre anni ed \u00e8 rieleggibile consecutivamente una sola volta. Il Direttore della Scuola non pu\u00f2 ricoprire contemporaneamente la carica di coordinatore di corso di dottorato o di Direttore di altra Scuola di dottorato.<\/span><\/p>\n<p style=\"margin-bottom: 0cm\" align=\"justify\"><span style=\"font-size: small\">3. Il Direttore, in particolare, redige la relazione di cui al successivo art. 8.<\/span><\/p>\n<p style=\"margin-bottom: 0cm\" align=\"justify\"><span style=\"font-size: small\"><em><br \/>\nArt. 7 Collegio dei docenti della Scuola<\/em><\/span><\/p>\n<p style=\"margin-bottom: 0cm\" align=\"justify\"><span style=\"font-size: small\">1.<\/span><span style=\"font-size: small\">Il Collegio<\/span><span style=\"font-size: small\">dei docenti \u00e8 l\u2019organo preposto alla garanzia e alla gestione delle specificit\u00e0 dei singoli indirizzi, organizza le attivit\u00e0 didattiche e di ricerca proprie della Scuola e dei relativi indirizzi ai sensi dei vigenti regolamenti. <\/span><\/p>\n<p style=\"margin-bottom: 0cm\" align=\"justify\"><span style=\"font-size: small\">2. Il Collegio dei docenti coincide con l\u2019organo previsto dall\u2019art. 5 del presente regolamento. <\/span><\/p>\n<p style=\"margin-bottom: 0cm\" align=\"justify\"><span style=\"font-size: small\"><strong>CAPO III VALUTAZIONE DELL\u2019ATTIVITA\u2019 DELLA SCUOLA<br \/>\n<\/strong><\/span><\/p>\n<p style=\"margin-bottom: 0cm\" align=\"justify\"><span style=\"font-size: small\"><em>Art. 8 Relazione annuale del Direttore<\/em><\/span><\/p>\n<p style=\"margin-bottom: 0cm\" align=\"justify\"><span style=\"font-size: small\">Il Direttore della Scuola predispone annualmente una relazione consuntiva in merito all\u2019attivit\u00e0 generale della Scuola. La relazione del Direttore \u00e8 approvata dal Collegio ed \u00e8 trasmessa al Nucleo di valutazione.<\/span><\/p>\n<p style=\"margin-bottom: 0cm\" align=\"justify\"><span style=\"font-size: small\"><em><br \/>\nArt. 9 Comitato Scientifico <\/em><\/span><\/p>\n<p style=\"margin-bottom: 0cm\" align=\"justify\"><span style=\"font-size: small\">1. Il Collegio della Scuola pu\u00f2 proporre al Rettore la nomina di un Comitato Scientifico costituito prevalentemente da personalit\u00e0 esterne all\u2019Ateneo, anche straniere, di riconosciuta autorevolezza scientifica nelle varie aree di ricerca della Scuola.<\/span><\/p>\n<p style=\"margin-bottom: 0cm\" align=\"justify\"><span style=\"font-size: small\">2. Il Comitato, composto da tre a cinque membri, valuta la qualit\u00e0 dell\u2019attivit\u00e0 didattica, scientifica e culturale della Scuola e dei singoli corsi. A tal fine il Comitato redige annualmente una relazione che espone al Collegio della Scuola. Il Collegio trasmette la relazione con le proprie eventuali osservazioni al Rettore e al Senato.<\/span><\/p>\n<p style=\"margin-bottom: 0cm\" align=\"justify\"><span style=\"font-size: small\"><strong>CAPO IV ATTIVITA\u2019 FORMATIVA<br \/>\n<\/strong><\/span><\/p>\n<p style=\"margin-bottom: 0cm\" align=\"justify\"><span style=\"font-size: small\"><em>Art. 10 Organizzazione e programmazione dell\u2019attivit\u00e0 formativa<\/em><\/span><\/p>\n<p style=\"margin-bottom: 0cm\" align=\"justify\"><span style=\"font-size: small\">1. La Scuola organizza l\u2019offerta formativa in aree che interessano specifici settori scientifici disciplinari. <\/span><\/p>\n<p style=\"margin-bottom: 0cm\" align=\"justify\"><span style=\"font-size: small\">2. La programmazione delle attivit\u00e0 comuni e specifiche avviene previa definizione degli obiettivi formativi e delle prospettive professionali dei dottorandi. <\/span><\/p>\n<p style=\"margin-bottom: 0cm\" align=\"justify\"><span style=\"font-size: small\">3. La didattica frontale offerta ai dottorandi non pu\u00f2 superare il 20% dell\u2019impegno complessivo e deve essere per lo pi\u00f9 concentrata nel primo anno.<\/span><\/p>\n<p style=\"margin-bottom: 0cm\" align=\"justify\"><span style=\"font-size: small\"><em>Art. 11 Crediti di formazione alla ricerca (CFR)<\/em><\/span><\/p>\n<p style=\"margin-bottom: 0cm\" align=\"justify\"><span style=\"font-size: small\">1. Il percorso formativo \u00e8 formulato ed espresso in 180 crediti di formazione alla ricerca (CFR).<\/span><\/p>\n<p style=\"margin-bottom: 0cm\" align=\"justify\"><span style=\"font-size: small\">2. I crediti di formazione alla ricerca si acquisiscono prevalentemente tramite pubblicazioni, presentazione di lavori a congressi e convegni, partecipazione a gruppi scientifici di lavoro e a scuole estive, attivit\u00e0 seminariale attiva sulle proprie ricerche. <\/span><\/p>\n<p style=\"margin-bottom: 0cm\" align=\"justify\"><span style=\"font-size: small\"><strong>CAPO V RAPPORTI CON L\u2019ESTERNO<br \/>\n<\/strong><\/span><\/p>\n<p style=\"margin-bottom: 0cm\" align=\"justify\"><span style=\"font-size: small\"><em>Art. 12 Presenza nazionale ed internazionale della Scuola di dottorato<\/em><\/span><\/p>\n<p style=\"margin-bottom: 0cm\" align=\"justify\"><span style=\"font-size: small\">1. La Scuole promuove la collaborazione con Atenei e con enti pubblici e privati al fine di inserire il percorso formativo e di ricerca dei dottorandi entro reti nazionali ed internazionali di ricerca.<\/span><\/p>\n<p style=\"margin-bottom: 0cm\" align=\"justify\"><span style=\"font-size: small\">2. La Scuola cura, inoltre, i rapporti con le realt\u00e0 produttive e sociali presenti nel territorio anche ai fini della qualificazione professionale dei dottorandi e del loro inserimento lavorativo <\/span><\/p>\n<p style=\"margin-bottom: 0cm\" align=\"justify\"><span style=\"font-size: small\">3. La Scuola si prefigge l\u2019obiettivo di acquisire capacit\u00e0 attrattiva e di apertura a studenti e docenti di altre sedi e Paesi.<\/span><\/p>\n<p style=\"margin-bottom: 0cm\" align=\"justify\"><span style=\"font-size: small\"><em>Art. 13 Accordi di cooperazione internazionale<\/em><\/span><\/p>\n<p style=\"margin-bottom: 0cm\" align=\"justify\"><span style=\"font-size: small\">1. Per il perseguimento delle finalit\u00e0 indicate nel presente capo, la Scuola pu\u00f2 promuovere anche la sottoscrizione da parte dell\u2019Ateneo di accordi di cooperazione internazionale con altre Universit\u00e0 o enti stranieri. <\/span><\/p>\n<p style=\"margin-bottom: 0cm\" align=\"justify\"><span style=\"font-size: small\">2. Gli accordi di cooperazione possono altres\u00ec perseguire il riconoscimento reciproco del titolo o il rilascio di titoli congiunti. <\/span><\/p>\n<p style=\"margin-bottom: 0cm\" align=\"justify\"><span style=\"font-size: small\"><em>Art. 14 Pubblicit\u00e0 della Scuola<\/em><\/span><\/p>\n<p style=\"margin-bottom: 0cm\" align=\"justify\"><span style=\"font-size: small\">La Scuola intende conseguire un\u2019adeguata pubblicit\u00e0 nazionale ed internazionale dell\u2019offerta formativa, dei criteri di selezione, delle modalit\u00e0 di accesso e delle informazioni di particolare rilievo per gli studenti stranieri.<\/span><\/p>\n<p style=\"margin-bottom: 0cm\" align=\"justify\"><span style=\"font-size: small\"><em>Art. 15 Docenza internazionale<\/em><\/span><\/p>\n<p style=\"margin-bottom: 0cm\" align=\"justify\"><span style=\"font-size: small\">1. La Scuola promuove la presenza di una qualificata e non episodica docenza internazionale per le attivit\u00e0 formative comuni e le attivit\u00e0 specifiche dei singoli indirizzi. <\/span><\/p>\n<p style=\"margin-bottom: 0cm\" align=\"justify\"><span style=\"font-size: small\">2. La Scuola incentiva altres\u00ec l\u2019inserimento di studiosi di chiara fama internazionale nelle Commissioni di selezione e valutazione finale del percorso formativo.<\/span><\/p>\n<p style=\"margin-bottom: 0cm\" align=\"justify\"><span style=\"font-size: small\"><em>Art. 16 Internazionalizzazione dell\u2019attivit\u00e0 formativa<\/em><\/span><\/p>\n<p style=\"margin-bottom: 0cm\" align=\"justify\"><span style=\"font-size: small\">1. La Scuola favorisce, ove possibile, la programmazione in lingua straniera di parte delle attivit\u00e0 del percorso formativo dei dottorandi.<\/span><\/p>\n<p style=\"margin-bottom: 0cm\" align=\"justify\"><span style=\"font-size: small\">2. La Scuola incentiva lo svolgimento all\u2019estero di una parte dell\u2019attivit\u00e0 formativa e di ricerca anche mediante l\u2019inserimento del dottorando all\u2019interno di progetti di ricerca internazionali. <\/span><\/p>\n<p style=\"margin-bottom: 0cm\" align=\"justify\"><span style=\"font-size: small\">3. E\u2019, comunque, considerato strumento formativo importante ed efficace la stesura e la discussione della tesi in lingua inglese anche in relazione a quanto previsto dal precedente art. 15, comma 2. <\/span><\/p>\n<p style=\"margin-bottom: 0cm\" align=\"justify\"><span style=\"font-size: small\"><em>Art. 17 Dottorato Europeo<\/em><\/span><\/p>\n<p style=\"margin-bottom: 0cm\" align=\"justify\"><span style=\"font-size: small\">Per i dottorandi che ne facciano esplicita richiesta, la Scuola pu\u00f2 chiedere il riconoscimento del titolo di dottorato a livello europeo, attraverso il rilascio di una certificazione congiunta \u201cDoctor Europaeus\u201d aggiuntiva al titolo e al valore nazionale del dottorato.<\/span><\/p>\n","protected":false},"excerpt":{"rendered":"<p>REGOLAMENTO DELLA SCUOLA DI DOTTORATO DI RICERCA IN BIOLOGIA E BIOCHIMICA DELL\u2019UOMO E DELL\u2019AMBIENTE CAPO I NORME GENERALI Art. 1 Ambito di applicazione Il presente regolamento stabilisce i principi e le norme generali per l\u2019istituzione ed il funzionamento della Scuola di Dottorato di Ricerca dell\u2019Universit\u00e0 di Cagliari in Biologia e Biochimica dell\u2019uomo e dell\u2019ambiente. Art. <a href='https:\/\/people.unica.it\/bbua\/home\/normativa\/' class='excerpt-more'>[&#8230;]<\/a><\/p>\n","protected":false},"author":145,"featured_media":0,"parent":3,"menu_order":0,"comment_status":"closed","ping_status":"closed","template":"","meta":{"footnotes":""},"class_list":["post-7","page","type-page","status-publish","hentry","post-seq-1","post-parity-odd","meta-position-corners","fix"],"_links":{"self":[{"href":"https:\/\/people.unica.it\/bbua\/wp-json\/wp\/v2\/pages\/7","targetHints":{"allow":["GET"]}}],"collection":[{"href":"https:\/\/people.unica.it\/bbua\/wp-json\/wp\/v2\/pages"}],"about":[{"href":"https:\/\/people.unica.it\/bbua\/wp-json\/wp\/v2\/types\/page"}],"author":[{"embeddable":true,"href":"https:\/\/people.unica.it\/bbua\/wp-json\/wp\/v2\/users\/145"}],"replies":[{"embeddable":true,"href":"https:\/\/people.unica.it\/bbua\/wp-json\/wp\/v2\/comments?post=7"}],"version-history":[{"count":5,"href":"https:\/\/people.unica.it\/bbua\/wp-json\/wp\/v2\/pages\/7\/revisions"}],"predecessor-version":[{"id":514,"href":"https:\/\/people.unica.it\/bbua\/wp-json\/wp\/v2\/pages\/7\/revisions\/514"}],"up":[{"embeddable":true,"href":"https:\/\/people.unica.it\/bbua\/wp-json\/wp\/v2\/pages\/3"}],"wp:attachment":[{"href":"https:\/\/people.unica.it\/bbua\/wp-json\/wp\/v2\/media?parent=7"}],"curies":[{"name":"wp","href":"https:\/\/api.w.org\/{rel}","templated":true}]}}