{"id":36,"date":"2011-12-01T09:38:40","date_gmt":"2011-12-01T08:38:40","guid":{"rendered":"http:\/\/people.unica.it\/bbua\/?page_id=36"},"modified":"2011-12-23T13:22:50","modified_gmt":"2011-12-23T12:22:50","slug":"programma-formativo","status":"publish","type":"page","link":"https:\/\/people.unica.it\/bbua\/home\/il-dottorato-di-ricerca\/programma-formativo\/","title":{"rendered":"Programma formativo"},"content":{"rendered":"<p style=\"margin-bottom: 0cm\"><span style=\"font-size: small\"><strong>Programma formativo per Indirizzo<\/strong><\/span><\/p>\n<p style=\"margin-bottom: 0cm\" align=\"justify\">\n<p style=\"margin-bottom: 0cm\" align=\"justify\"><span style=\"font-size: small\"><strong>Biologia animale<\/strong><\/span><\/p>\n<p style=\"margin-bottom: 0cm\" align=\"justify\"><span style=\"font-size: small\">L&#8217;attivit\u00e0 formativa prevede la frequenza quotidiana presso i laboratori interni al Dipartimento di Biologia animale ed ecologia per la preparazione della tesi dottorale, nonch\u00e9 la partecipazione attiva dei dottorandi alle attivit\u00e0 di ricerca in laboratorio e sul campo nei settori disciplinari a cui afferiscono i docenti del dottorato del Dipartimento. Inoltre, i dottorandi parteciperanno a seminari, stages e conferenze svolte sia dai da docenti del Collegio, su argomenti attinenti le ricerche in corso nel Dipartimento, sia da docenti stranieri o di altra sede universitaria nazionale che da eminenti studiosi nazionali ed internazionali, ed esperti di Aziende ed Enti la cui attivit\u00e0 sia pertinente gli obiettivi del dottorato. <\/span><\/p>\n<p style=\"margin-bottom: 0cm\" align=\"justify\"><span style=\"font-size: small\">Sar\u00e0, inoltre, particolarmente curata l\u2019acquisizione delle metodologie di ricerca bibliografica in banche dati digitali e cartacee, lo studio sistematico e l\u2019interpretazione critica dei principali testi biologici di riferimento e delle pi\u00f9 recenti pubblicazioni specifiche per la elaborazione, completamente autonoma, della tesi finale. <\/span><\/p>\n<p style=\"margin-bottom: 0cm\" align=\"justify\"><span style=\"font-size: small\">Ogni dottorando sar\u00e0 guidato da un supervisore, concordato con il Collegio dei docenti, per tutta la durata del Corso, con il quale programmer\u00e0 le priorit\u00e0 nelle attivit\u00e0 di laboratorio e studio. Sar\u00e0 favorito ed incoraggiato il soggiorno dei dottorandi presso istituzioni qualificate, consapevoli della utilit\u00e0 di acquisire esperienze di ricerca presso laboratori nazionali ed esteri.<\/span><\/p>\n<p style=\"margin-bottom: 0cm\" align=\"justify\"><span style=\"font-size: small\">Al termine di ogni anno di corso ogni dottorando dovr\u00e0 preparare ed esporre al Collegio dei docenti una relazione sull\u2019attivit\u00e0 di ricerca intrapresa e sulla base del giudizio espresso dai docenti verr\u00e0 valutata la sua ammissione agli anni successivi.<\/span><\/p>\n<p style=\"margin-bottom: 0cm\" align=\"justify\"><span style=\"font-size: small\">Sbocchi professionali dei dottorandi possono essere individuati sia nell&#8217;insegnamento universitario che nel settore della ricerca di base e applicata presso Universit\u00e0, Enti di Ricerca pubblici e privati, servizi governativi di controllo e gestione della biodiversit\u00e0, aree protette, parchi e riserve, musei naturalistici, giardini zoologici e acquari.<\/span><\/p>\n<p style=\"margin-left: 0.64cm;margin-bottom: 0cm\">\n<p style=\"margin-bottom: 0cm\" align=\"justify\">\n<p style=\"margin-bottom: 0cm\" align=\"justify\">\n<p style=\"margin-bottom: 0cm\" align=\"justify\"><span style=\"font-size: small\"><strong>Biochimica e Biologia molecolare<\/strong><\/span><\/p>\n<p style=\"margin-bottom: 0cm\" align=\"justify\"><span><span style=\"font-size: small\">Sono previste soprattutto attivit\u00e0 pratiche e prove sperimentali di laboratorio in cui i dottorandi dovranno dimostrare la loro capacit\u00e0 di lavorare in gruppo, di operare in autonomia e di essere in grado di inserirsi prontamente negli ambienti di lavoro. I dottorati conseguiranno, al completamento del Corso, una buona padronanza delle basi teoriche della biochimica, con particolare riferimento allo studio delle proteine. Acquisiranno contestualmente la capacit\u00e0 di utilizzare autonomamente le principali tecniche di laboratorio biochimico, con riferimento alla purificazione e alla caratterizzazione funzionale di proteine ed enzimi.<\/span><\/span><\/p>\n<p style=\"margin-bottom: 0cm\" align=\"justify\"><span><span style=\"font-size: small\">Ambiti occupazionali previsti per i laureati; i<\/span><\/span><span style=\"font-size: small\"> Dottorati potranno pertanto svolgere attivit\u00e0 professionali e tecnico-scientifiche non solo in regime di libera professione ma soprattutto \u2013 in posizione apicale e\/o di coordinamento \u2013 presso Enti Pubblici o Centri di Ricerca preposti allo studio e all\u2019applicazione degli intimi meccanismi che sono alla base della vita.<\/span><\/p>\n<p align=\"justify\"><span style=\"font-size: small\">Le attivit\u00e0 di ricerca in sede e fuori sede si svolgeranno secondo le linee proposte dal dottorando nel suo progetto di ricerca. Il progetto \u00e8 presentato dal dottorando al Collegio dei Docenti per l\u2019approvazione all\u2019inizio del ciclo. Nello stesso programma \u00e8 pianificato lo svolgimento temporale delle attivit\u00e0 in sede e fuori sede, e sono descritti l\u2019approccio metodologico e le apparecchiature da impiegare. Le attivit\u00e0 di studio, ricerca bibliografica, stesura e realizzazione del progetto sono condotte dal dottorando in modo autonomo. Il dottorando \u00e8 seguito nella sua attivit\u00e0 da un supervisore, nominato dal Collegio dei Docenti. Il supervisore \u00e8 uno specialista degli argomenti di ricerca che si incarica di mettere a disposizione di quest\u2019ultimo le apparecchiature necessarie e di fornirgli il supporto scientifico ed organizzativo necessario alla realizzazione del progetto, inserendolo nel suo staff di ricerca. In questo modo si favorisce la crescita del dottorando in termini di autonomia, inventiva e spirito di cooperazione.<\/span><\/p>\n<p style=\"margin-bottom: 0cm\" align=\"justify\">\n<p style=\"margin-bottom: 0cm\" align=\"justify\"><span style=\"font-size: small\"><strong>Biologia dell\u2019uomo<\/strong><\/span><\/p>\n<p style=\"margin-bottom: 0cm\" align=\"justify\"><span><span style=\"font-size: small\">La formazione culturale del dottorando avverr\u00e0 tramite l\u2019apprendimento delle diverse tecniche di analisi proprie del retroterra scientifico dell\u2019indirizzo. Apprender\u00e0 dunque a progettare un piano di campionamento atto a creare un database finalizzato, in seguito alle attivit\u00e0 pratiche sul campo ed in laboratorio potr\u00e0 gestire ed eleborare in modo autonomo e competente i dati,  conseguir\u00e0 quindi una capacit\u00e0 di lavorare non solo in modo autonomo ma anche coordinato cos\u00ec da potersi inserire immediatamente negli ambienti di lavoro. Il programma formativo prevede un iniziale momento di  apprendimento dello stato dell\u2019arte nei diversi settori di competenza dell\u2019Antropologia biologica, quindi sar\u00e0 guidato a diventare autonomo nella gestione delle conoscenze acquisite, nella progettazione della ricerca e nel trattamento statistico dei dati. Il cammino formativo del singolo dottorando avverr\u00e0 seguendo un iter ben preciso e scandito da momenti di verifica dello stato di apprendimento. Infatti dopo la formazione scientifica di base dovr\u00e0 proporre un progetto di ricerca che sia innovativo e dovr\u00e0 presentare un piano dettagliato del lavoro previsto e dei risultati attesi.<\/span><\/span><\/p>\n<p style=\"margin-bottom: 0cm\" align=\"justify\"><span style=\"font-size: small\">Il dottorando sar\u00e0 seguito nella sua attivit\u00e0 da un supervisore, nominato dal Collegio dei Docenti. Il supervisore sar\u00e0 uno specialista nel campo della ricerca proposta e lo assister\u00e0 nel corso della realizzazione del progetto al fine di favorirne la crescita scientifica e l\u2019autonomia di gestione delle risorse strumentali. <\/span><\/p>\n<p style=\"margin-bottom: 0cm\" align=\"justify\"><span><span style=\"font-size: small\">Gli ambiti occupazionali previsti per i dottorati sono quelle di attivit\u00e0 professionali <\/span><\/span><span style=\"font-size: small\">non solo in regime di libera professione ma anche \u2013 in posizione apicale e\/o di coordinamento \u2013 presso Enti Pubblici o Centri di Ricerca preposti allo studio e gestione della interazione uomo e ambiente, sensu lato, sia in termini di controllo e valorizzazione delle risorse ambientali sia della salvaguardia dello stato di salute delle popolazioni umane.<\/span><\/p>\n<p style=\"margin-bottom: 0cm\" align=\"justify\">\n<p style=\"margin-bottom: 0cm\" align=\"justify\"><span style=\"font-size: small\"><strong>Bioenergetica del movimento umano<\/strong><\/span><\/p>\n<p style=\"margin-bottom: 0cm\" align=\"justify\"><span><span style=\"font-size: small\">Sono previste sia attivit\u00e0 seminariali sia attivit\u00e0 pratiche e prove sperimentali di laboratorio in cui i dottorandi dovranno acquisire capacit\u00e0 di lavorare in gruppo, di operare in autonomia e di essere in grado di inserirsi prontamente negli ambienti di lavoro. I dottorandi conseguiranno, al completamento del Corso, una buona padronanza dei principi della valutazione funzionale su basi cardiorespiratorie, metaboliche e biochimiche. Acquisiranno contestualmente la capacit\u00e0 di utilizzare autonomamente le principali tecniche di analisi del comportamento motorio ed alimentare sia in animali che nell\u2019uomo,inoltre saranno in grado di progettare protocolli per la sperimentazione biomeccanica su preparati muscolari ex-vivo.<\/span><\/span><\/p>\n<p style=\"margin-bottom: 0cm\" align=\"justify\"><span><span style=\"font-size: small\">Per ci\u00f2 che concerne gli ambiti occupazionali previsti per i laureati, i<\/span><\/span><span style=\"font-size: small\"> dottorati potranno pertanto svolgere attivit\u00e0 professionali e tecnico-scientifiche non solo in regime di libera professione ma soprattutto \u2013 in posizione apicale e\/o di coordinamento \u2013 presso Enti Pubblici o Centri di Ricerca preposti allo studio e all\u2019applicazione dei meccanismi che sono alla base dell\u2019attivit\u00e0 locomotoria nell\u2019uomo.<\/span><\/p>\n<p style=\"margin-bottom: 0cm\" align=\"justify\"><span style=\"font-size: small\">Le attivit\u00e0 di ricerca in sede e fuori sede si svolgeranno secondo le linee proposte dal dottorando nel suo progetto di ricerca. Il progetto \u00e8 presentato dal dottorando al Collegio dei Docenti per l\u2019approvazione all\u2019inizio del ciclo. Nello stesso programma \u00e8 pianificato lo svolgimento temporale delle attivit\u00e0 in sede e fuori sede, e sono descritti l\u2019approccio metodologico e le apparecchiature da impiegare. Le attivit\u00e0 di studio, ricerca bibliografica, stesura e realizzazione del progetto sono condotte dal dottorando in modo autonomo. Il dottorando \u00e8 seguito nella sua attivit\u00e0 da un supervisore, nominato dal Collegio dei Docenti. Il supervisore \u00e8 uno specialista degli argomenti di ricerca che si incarica di mettere a disposizione di quest\u2019ultimo le apparecchiature necessarie e di fornirgli il supporto scientifico ed organizzativo necessario alla realizzazione del progetto, inserendolo nel suo staff di ricerca. In questo modo si favorisce la crescita del dottorando in termini di autonomia, inventiva e spirito di cooperazione.<\/span><\/p>\n","protected":false},"excerpt":{"rendered":"<p>Programma formativo per Indirizzo Biologia animale L&#8217;attivit\u00e0 formativa prevede la frequenza quotidiana presso i laboratori interni al Dipartimento di Biologia animale ed ecologia per la preparazione della tesi dottorale, nonch\u00e9 la partecipazione attiva dei dottorandi alle attivit\u00e0 di ricerca in laboratorio e sul campo nei settori disciplinari a cui afferiscono i docenti del dottorato del <a href='https:\/\/people.unica.it\/bbua\/home\/il-dottorato-di-ricerca\/programma-formativo\/' class='excerpt-more'>[&#8230;]<\/a><\/p>\n","protected":false},"author":145,"featured_media":0,"parent":4,"menu_order":0,"comment_status":"closed","ping_status":"closed","template":"","meta":{"footnotes":""},"class_list":["post-36","page","type-page","status-publish","hentry","post-seq-1","post-parity-odd","meta-position-corners","fix"],"_links":{"self":[{"href":"https:\/\/people.unica.it\/bbua\/wp-json\/wp\/v2\/pages\/36","targetHints":{"allow":["GET"]}}],"collection":[{"href":"https:\/\/people.unica.it\/bbua\/wp-json\/wp\/v2\/pages"}],"about":[{"href":"https:\/\/people.unica.it\/bbua\/wp-json\/wp\/v2\/types\/page"}],"author":[{"embeddable":true,"href":"https:\/\/people.unica.it\/bbua\/wp-json\/wp\/v2\/users\/145"}],"replies":[{"embeddable":true,"href":"https:\/\/people.unica.it\/bbua\/wp-json\/wp\/v2\/comments?post=36"}],"version-history":[{"count":5,"href":"https:\/\/people.unica.it\/bbua\/wp-json\/wp\/v2\/pages\/36\/revisions"}],"predecessor-version":[{"id":38,"href":"https:\/\/people.unica.it\/bbua\/wp-json\/wp\/v2\/pages\/36\/revisions\/38"}],"up":[{"embeddable":true,"href":"https:\/\/people.unica.it\/bbua\/wp-json\/wp\/v2\/pages\/4"}],"wp:attachment":[{"href":"https:\/\/people.unica.it\/bbua\/wp-json\/wp\/v2\/media?parent=36"}],"curies":[{"name":"wp","href":"https:\/\/api.w.org\/{rel}","templated":true}]}}