{"id":28,"date":"2011-04-01T09:28:51","date_gmt":"2011-04-01T08:28:51","guid":{"rendered":"http:\/\/people.unica.it\/bbua\/?page_id=28"},"modified":"2011-12-23T13:24:27","modified_gmt":"2011-12-23T12:24:27","slug":"tematiche-di-ricerca","status":"publish","type":"page","link":"https:\/\/people.unica.it\/bbua\/home\/il-dottorato-di-ricerca\/tematiche-di-ricerca\/","title":{"rendered":"Tematiche di ricerca"},"content":{"rendered":"<p style=\"text-align: justify\"><strong>Biologia animale<\/strong><br \/>\n1) Zoologia: classificazione e filogenesi tradizionale e con metodi citogenetici e molecolari.<br \/>\nApplicazione dei principi teorici e pratici della moderna cladistica e della biologia molecolare allo studio della diversit\u00e0 animale.<br \/>\n2) Ecologia: studio dell\u2019ambiente naturale in tutte le sue componenti biotiche ed abiotiche per l\u2019analisi dei processi, dei sistemi e dei problemi produttivi con particolare riguardo all\u2019ambiente marino e lagunare. Analisi quali-quantitative dei nutrienti nelle acque, del particellato e nei sedimenti, della componente zooplanctonica e zoobentonica delle biocenosi marine costiere e lagunari, bioindicatori e descrittori dello stato di salute degli ecosistemi fluviali.<br \/>\n3) Biologia marina: studio, conservazione e valorizzazione della biodiversit\u00e0 marina mediterranea. Per una efficace gestione e valutazione delle risorse di ambienti marini e salmastri sono studiate tematiche biologiche quali i cicli riproduttivi, stime di abbondanza, distribuzione, meccanismi di reclutamento e le correlazioni bio-ecologiche in riferimento ai Teleostei, Crostacei, Cefalopodi e Selaci mediterranei. Sono monitorate le risorse alieutiche e determinati gli effetti della pressione di pesca e dei diversi attrezzi di pesca sulla fauna marina sarda. Sono valutate metodologie alternative e sperimentali per assicurare uno sviluppo ecosostenibile del mare.<br \/>\n4) Anatomia comparata: studio dell\u2019anatomia di mammiferi ed anfibi a vari livelli. In particolare, sono approfondite le ricerche sul sistema nervoso attraverso tecniche di microscopia confocale laser sulla: innervazione del Pancreas, cervello del Ratto, vie nervose del geotritone sardo (Hidromantes genei)<br \/>\n5) Parassitologia: biologia, sistematica ed ecologia di zooparassiti dell\u2019uomo e degli animali. In particolare sono studiati artropodi vettori di infezioni nell\u2019uomo e negli animali, ectoparassiti dell\u2019uomo e deBiochimica e Biologia molecolare<br \/>\n1) Nuove metodologie per l\u2019identificazione e lo studio delle relazioni struttura-funzione di proteine respiratorie (varianti emoglobiniche umane normali e patologiche e mioglobine). Studio delle propriet\u00e0 funzionali, strutturali e dinamiche in soluzione, di varianti emoglobiniche umane naturali.<br \/>\n2) Caratterizzazione strutturale e funzionale di proteine respiratorie di vertebrati ed invertebrati anche mediante lo studio di proteine ricombinanti opportunamente mutate, espresse in E. coli.<br \/>\n3) Studio comparato biochimico e biomolecolare delle propriet\u00e0 di proteine vegetali. Viene approfondito lo studio di proteine coinvolte nello stress ossidativi e di ossidasi a rame.<br \/>\n4) Studio biochimico-strutturale di mucillagini bentoniche. Vengono studiate le caratteristiche biochimiche degli aggregati mucillaginosi bentonici e della dinamica della loro formazione.<br \/>\n5) Studio della saliva umana e di altri mammiferi.<br \/>\n6) Caratterizzazione proteomica di biofluidii, tessuti e cellule.<br \/>\n7) Immobilizzazione di proteine su supporti solidi.<br \/>\n8 ) Identificazione e diagnosi di difetti ereditari a carico del metabolismo delle purine e pirimidine.<br \/>\n9) Identificazione e caratterizzazione funzionale di proteine regolatorie coinvolte nella patogenesi delle malattie autoimmuni gli animali domestici e d\u2019allevamento possibili cause di zoonosi ed antropozoonosi, acari della polvere.<br \/>\n<strong><br \/>\nBiochimica e Biologia molecolare<\/strong><br \/>\n1) Nuove metodologie per l\u2019identificazione e lo studio delle relazioni struttura-funzione di proteine respiratorie (varianti emoglobiniche umane normali e patologiche e mioglobine). Studio delle propriet\u00e0 funzionali, strutturali e dinamiche in soluzione, di varianti emoglobiniche umane naturali.<br \/>\n2) Caratterizzazione strutturale e funzionale di proteine respiratorie di vertebrati ed invertebrati anche mediante lo studio di proteine ricombinanti opportunamente mutate, espresse in E. coli.<br \/>\n3) Studio comparato biochimico e biomolecolare delle propriet\u00e0 di proteine vegetali. Viene approfondito lo studio di proteine coinvolte nello stress ossidativi e di ossidasi a rame.<br \/>\n4) Studio biochimico-strutturale di mucillagini bentoniche. Vengono studiate le caratteristiche biochimiche degli aggregati mucillaginosi bentonici e della dinamica della loro formazione.<br \/>\n5) Studio della saliva umana e di altri mammiferi.<br \/>\n6) Caratterizzazione proteomica di biofluidii, tessuti e cellule.<br \/>\n7) Immobilizzazione di proteine su supporti solidi.<br \/>\n8 ) Identificazione e diagnosi di difetti ereditari a carico del metabolismo delle purine e pirimidine.<br \/>\n9) Identificazione e caratterizzazione funzionale di proteine regolatorie coinvolte nella patogenesi delle malattie autoimmuni.<\/p>\n<p style=\"text-align: justify\"><strong>Biologia dell\u2019uomo<\/strong><br \/>\n1) Antropologia molecolare per l\u2019analisi delle caratteristiche genetiche delle popolazioni per ricostruire le relazioni tra le popolazioni e le caratteristiche all\u2019interno delle popolazioni.<br \/>\n2) Antropometria per lo studio della composizione corporea, delle dimensioni corporee e somatometriche sia nelle varie fasi dell\u2019accrescimento post-natale sia di specifici raggruppamenti umani e del dimorfismo sessuale.<br \/>\n3) Biodemografia per la valutazione delle variazioni nel tempo della struttura matrimoniale tramite i il Liber Matrimoniorum e gli Status Animarum dei Quinque Libri ecclesiastici, per analizzare le tendenze microevolutive delle popolazioni anche tramite lo studio delle relazioni isonimiche.<br \/>\n4) Dermatoglifi per lo studio delle relazioni biologiche a livello interpopolazionistico ed intrapopolazionistico e per la valutazione della connessioni tra stati patologici e variabili dermatoglifiche.<br \/>\n5) Ecologia umana per la valutazione dei livelli di metalli pesanti e radioattivi nelle popolazioni a rischio da inquinamento non-occupazionale, per la individuazione dei fattori ambientali che maggiormente influiscano sull\u2019accrescimento e sulle dimensioni corporee nell\u2019et\u00e0 adulta e nella vecchiaia, per la valutazione degli effetti determinati dal secular trend.<br \/>\n6) Paleoantropologia molecolare per l\u2019analisi, tramite l\u2019estrazione in particolare del DNA mitocondriale, delle caratteristiche genetiche delle popolazioni antiche e lo studio delle relazioni tra le popolazioni del passato.<br \/>\n7) Paleobiologia umana per stabilire le caratteristiche osteologiche, paleonutrizionali e paleopatologiche delle popolazioni del passato.<\/p>\n<p style=\"text-align: justify\"><strong>Bioenergetica del movimento umano<\/strong><br \/>\n1) Studio degli aggiustamenti cardiorespiratori all\u2019esercizio fisico. Viene approfondita la conoscenza delle modulazioni del profilo cardiodinamico (e quindi delle variazioni della portata cardiaca, del volume sistolico, della frequenza cardiaca, della pressione arteriosa, delle resistenze vascolari periferiche, della contrattilit\u00e0 miocardia e del ritorno venoso) e del pattern respiratorio (e quindi delle variazioni della ventilazione polmonare, del volume corrente, della frequenza respiratoria, dell\u2019output inspiratorio e dei tempi respiratori) indotte nell\u2019uomo dalle diverse modalit\u00e0 di azione motoria, attraverso l\u2019utilizzo di metodiche non invasive.<br \/>\n2) Bioenergetica muscolare e fisiologia della nutrizione. Tramite metodiche di calorimetria indiretta, legate alla misurazione del consumo di ossigeno ed alla produzione di anidride carbonica, si valutano le modalit\u00e0 di reclutamento delle diverse fonti energetiche per la produzione di ATP muscolare, e si quantificano metodi di personalizzazione della dieta sulla base del reale tasso metabolico in condizioni di attivit\u00e0 fisica.<br \/>\n3) Quantificazione dello stress ossidativo in relazione a diverse modalit\u00e0 di impegno della forza muscolare. Tramite metodiche di laboratorio mirate alla quantificazione degli agenti ossidanti e delle molecole con attivit\u00e0 riducente che si attivano durante l\u2019attivit\u00e0 fisica si individuano i protocolli di esercizio fisico mirati ad ottimizzare il rapporto tra stress ossidativo e performance motoria.<br \/>\n4) Approccio neurochimico alla valutazione dei meccanismi di apprendimento dei comportamenti motori. Su modelli animali vengono studiate le relazioni tra il turnover di diversi mediatori chimici centrali e le risposte motorie a stimoli condizionati.<br \/>\n5) Biofisica della contrazione muscolare. Su preparati di muscolo vengono studiate ex-vivo le curve forza-lunghezza e forza-velocit\u00e0 in relazione alla pregressa modalit\u00e0 di attivit\u00e0 fisica attuata.<\/p>\n","protected":false},"excerpt":{"rendered":"<p>Biologia animale 1) Zoologia: classificazione e filogenesi tradizionale e con metodi citogenetici e molecolari. Applicazione dei principi teorici e pratici della moderna cladistica e della biologia molecolare allo studio della diversit\u00e0 animale. 2) Ecologia: studio dell\u2019ambiente naturale in tutte le sue componenti biotiche ed abiotiche per l\u2019analisi dei processi, dei sistemi e dei problemi produttivi <a href='https:\/\/people.unica.it\/bbua\/home\/il-dottorato-di-ricerca\/tematiche-di-ricerca\/' class='excerpt-more'>[&#8230;]<\/a><\/p>\n","protected":false},"author":145,"featured_media":0,"parent":4,"menu_order":0,"comment_status":"closed","ping_status":"closed","template":"","meta":{"footnotes":""},"class_list":["post-28","page","type-page","status-publish","hentry","post-seq-1","post-parity-odd","meta-position-corners","fix"],"_links":{"self":[{"href":"https:\/\/people.unica.it\/bbua\/wp-json\/wp\/v2\/pages\/28","targetHints":{"allow":["GET"]}}],"collection":[{"href":"https:\/\/people.unica.it\/bbua\/wp-json\/wp\/v2\/pages"}],"about":[{"href":"https:\/\/people.unica.it\/bbua\/wp-json\/wp\/v2\/types\/page"}],"author":[{"embeddable":true,"href":"https:\/\/people.unica.it\/bbua\/wp-json\/wp\/v2\/users\/145"}],"replies":[{"embeddable":true,"href":"https:\/\/people.unica.it\/bbua\/wp-json\/wp\/v2\/comments?post=28"}],"version-history":[{"count":13,"href":"https:\/\/people.unica.it\/bbua\/wp-json\/wp\/v2\/pages\/28\/revisions"}],"predecessor-version":[{"id":330,"href":"https:\/\/people.unica.it\/bbua\/wp-json\/wp\/v2\/pages\/28\/revisions\/330"}],"up":[{"embeddable":true,"href":"https:\/\/people.unica.it\/bbua\/wp-json\/wp\/v2\/pages\/4"}],"wp:attachment":[{"href":"https:\/\/people.unica.it\/bbua\/wp-json\/wp\/v2\/media?parent=28"}],"curies":[{"name":"wp","href":"https:\/\/api.w.org\/{rel}","templated":true}]}}