{"id":446,"date":"2012-05-25T15:00:06","date_gmt":"2012-05-25T15:00:06","guid":{"rendered":"http:\/\/people.unica.it\/arcilab11\/?page_id=446"},"modified":"2012-05-25T15:01:04","modified_gmt":"2012-05-25T15:01:04","slug":"workshop-e-temi-2012","status":"publish","type":"page","link":"https:\/\/people.unica.it\/arcilab11\/workshop-e-temi-2012\/","title":{"rendered":"Workshop e temi 2012"},"content":{"rendered":"<div><span style=\"font-family: arial, helvetica, sans-serif\"><strong>Descrizione del workshop e temi<\/strong><\/span><\/div>\n<div style=\"text-align: justify\"><\/div>\n<div style=\"text-align: justify\"><span style=\"color: #000000;font-family: arial, helvetica, sans-serif;font-size: small\">Le attivit\u00e0 del workshop nell\u2019edizione del 2012 avranno come interesse centrale la definizione di una strategia di riqualificazione, di valorizzazione, di facilitazione e miglioramento della fruibilit\u00e0 dei siti paesaggistico-archeologici pi\u00f9 significativi della Rete dei comuni del Monte Arci, attraverso uno studio di micro-architetture in grado di connotare la riconoscibilit\u00e0 di questi luoghi secondo un progetto coordinato e condiviso proprio della Rete.<\/span><\/div>\n<div style=\"text-align: justify\"><span style=\"color: #000000;font-family: arial, helvetica, sans-serif;font-size: small\">I partecipanti all\u2019ARCIlab12, organizzati in 5\/6 gruppi di lavoro costituiti da studenti provenienti dalle differenti scuole di architettura coinvolte, avranno il compito di studiare una strategia generale per la rete che prevede l\u2019individuazione di percorsi culturali attraverso i paesaggi archeologici del territorio della rete resi riconoscibili e attrezzati con piccole architetture reversibili da impiegarsi come unit\u00e0 minime di accesso ai siti, come punti privilegiati per la percezione dei luoghi, come punti informativi e per la sosta ecc\u2026\u00a0<\/span><\/div>\n<div style=\"text-align: justify\"><span style=\"color: #000000;font-family: arial, helvetica, sans-serif;font-size: small\">Negli ultimi tre-quattro giorni di workshop, ciascun gruppo coordiner\u00e0 il lavoro di artigiani locali (falegnami, fabbri) e di quanti vorranno partecipare all\u2019iniziativa, per la realizzazione di un modello in scala reale di architettura reversibile proposta nell\u2019ambito del proprio progetto generale. A questo scopo ciascun gruppo disporr\u00e0 di una quantit\u00e0 prestabilita invariabile di materiali come tavole, perline e morali di legno e pannelli di policarbonato, oltre ai kit di montaggio (chiodi, viti, squadrette) con i quali dovr\u00e0 procedere sia al progetto esecutivo che alla realizzazione del modello. La dimensione orientativa del modello da realizzare sar\u00e0 di circa 10-12mq per un\u2019altezza di circa 2,50-3,00m. Ovviamente, fatte salve le quantit\u00e0 di materiale a disposizione, sar\u00e0 facolt\u00e0 dei gruppi scegliere forme, geometrie, dimensioni e linguaggi da impiegare per il progetto dei moduli. Questo esercizio, oltre a consentire alla rete dei comuni di avere una serie di \u201cprodotti\u201d di qualit\u00e0 da utilizzare come riferimento per il ripensamento dei propri luoghi, permetter\u00e0 alle comunit\u00e0 di partecipare attivamente ai lavori del seminario essendo protagonista insieme agli studenti degli esiti del lavoro.<\/span><\/div>\n<div style=\"text-align: justify\"><span style=\"color: #000000;font-family: arial, helvetica, sans-serif;font-size: small\">I sei modelli realizzati saranno di propriet\u00e0 della Rete e resteranno come \u201ctraccia\u201d della ricerca associata alle attivit\u00e0 di ARCIlab12, contribuendo al progressivo affinamento della riflessione progettuale gi\u00e0 avviata con le precedenti edizioni del seminario.<\/span><\/div>\n<div style=\"text-align: justify\"><span style=\"color: #000000;font-family: arial, helvetica, sans-serif;font-size: small\">Un sociologo e un artista del paesaggio svolgeranno un progetto integrato di partecipazione comunitaria ai temi del workshop, migliorando il livello di consapevolezza e condivisione delle attivit\u00e0 del workshop da parte degli abitanti dei comuni coinvolti e arricchendo la multidisciplinariet\u00e0 della proposta di progetto dei gruppi di lavoro.<\/span><\/div>\n","protected":false},"excerpt":{"rendered":"<p>Descrizione del workshop e temi Le attivit\u00e0 del workshop nell\u2019edizione del 2012 avranno come interesse centrale la definizione di una strategia di riqualificazione, di valorizzazione, di facilitazione e miglioramento della fruibilit\u00e0 dei siti paesaggistico-archeologici pi\u00f9 significativi della Rete dei comuni del Monte Arci, attraverso uno studio di micro-architetture in grado di connotare la riconoscibilit\u00e0 di questi luoghi secondo un progetto coordinato e condiviso proprio della Rete. I partecipanti all\u2019ARCIlab12, organizzati in 5\/6 gruppi di lavoro costituiti da studenti provenienti dalle differenti scuole di architettura coinvolte, avranno il compito di studiare una strategia generale per la rete che prevede l\u2019individuazione di <a href='https:\/\/people.unica.it\/arcilab11\/workshop-e-temi-2012\/' class='excerpt-more'>[&#8230;]<\/a><\/p>\n","protected":false},"author":485,"featured_media":0,"parent":0,"menu_order":0,"comment_status":"open","ping_status":"open","template":"","meta":{"ngg_post_thumbnail":0,"footnotes":""},"class_list":["post-446","page","type-page","status-publish","hentry","post-seq-1","post-parity-odd","meta-position-corners","fix"],"_links":{"self":[{"href":"https:\/\/people.unica.it\/arcilab11\/wp-json\/wp\/v2\/pages\/446","targetHints":{"allow":["GET"]}}],"collection":[{"href":"https:\/\/people.unica.it\/arcilab11\/wp-json\/wp\/v2\/pages"}],"about":[{"href":"https:\/\/people.unica.it\/arcilab11\/wp-json\/wp\/v2\/types\/page"}],"author":[{"embeddable":true,"href":"https:\/\/people.unica.it\/arcilab11\/wp-json\/wp\/v2\/users\/485"}],"replies":[{"embeddable":true,"href":"https:\/\/people.unica.it\/arcilab11\/wp-json\/wp\/v2\/comments?post=446"}],"version-history":[{"count":3,"href":"https:\/\/people.unica.it\/arcilab11\/wp-json\/wp\/v2\/pages\/446\/revisions"}],"predecessor-version":[{"id":449,"href":"https:\/\/people.unica.it\/arcilab11\/wp-json\/wp\/v2\/pages\/446\/revisions\/449"}],"wp:attachment":[{"href":"https:\/\/people.unica.it\/arcilab11\/wp-json\/wp\/v2\/media?parent=446"}],"curies":[{"name":"wp","href":"https:\/\/api.w.org\/{rel}","templated":true}]}}