{"id":444,"date":"2012-05-25T14:59:03","date_gmt":"2012-05-25T14:59:03","guid":{"rendered":"http:\/\/people.unica.it\/arcilab11\/?page_id=444"},"modified":"2012-05-25T15:04:13","modified_gmt":"2012-05-25T15:04:13","slug":"enti-e-scuole-partecipanti","status":"publish","type":"page","link":"https:\/\/people.unica.it\/arcilab11\/enti-e-scuole-partecipanti\/","title":{"rendered":"Enti e Scuole partecipanti"},"content":{"rendered":"<p><strong><span style=\"color: #000000\">Facolt\u00e0 partners\u00a0<\/span><\/strong><\/p>\n<p><span style=\"color: #000000;font-family: arial, helvetica, sans-serif;font-size: small\">&#8211; Universidad Federal de Bahia \u2013 Facultad de Arquitectura (Salvador, Brasile)<\/span><\/p>\n<p><span style=\"color: #000000;font-family: arial, helvetica, sans-serif;font-size: small\">&#8211; UCEN &#8211; Universidad Central de Chile &#8211; Escuela de Arquitectura (Santiago &#8211; Cile)\u00a0<\/span><\/p>\n<p><span style=\"color: #000000;font-family: arial, helvetica, sans-serif;font-size: small\">&#8211; Universit\u00e0 degli Studi di Pavia \u2013 Facolt\u00e0 di Ingegneria (Pavia, Italia)<\/span><\/p>\n<p><span style=\"color: #000000;font-family: arial, helvetica, sans-serif;font-size: small\">&#8211; Universit\u00e0 degli Studi di Roma Valle Giulia \u2013 Scuola di Architettura Ludovico Quaroni \u00a0(Roma, Italia)<\/span><\/p>\n<p><strong><span style=\"color: #000000\">Facolt\u00e0 invitate<\/span><\/strong><\/p>\n<p><span style=\"color: #000000;font-family: arial, helvetica, sans-serif;font-size: small\">&#8211; Universit\u00e9 Toulouse Le Mirail &#8211; Ecole National de Architecture (Tolosa, Francia)<\/span><\/p>\n<p><span style=\"color: #000000;font-family: arial, helvetica, sans-serif;font-size: small\">&#8211; UPC Universitat Polit\u00e8cnica de Catalunya &#8211; Escola d\u2019Enginyeria d\u2019Edificaci\u00f3n (Barcellona, Spagna)\u00a0<\/span><\/p>\n<p><span style=\"color: #000000;font-family: arial, helvetica, sans-serif;font-size: small\">&#8211; ETSAG Escuela Tecnica Superior de Arquitectura de Granada \u2013 (Granada, Spagna)\u00a0<\/span><\/p>\n<p><span style=\"color: #000000;font-family: arial, helvetica, sans-serif;font-size: small\">&#8211; ESTA-US Escuela Tecnica Superior de Arquitectura Universidad de Sevilla \u2013 (Siviglia, Spagna)\u00a0<\/span><\/p>\n<p><span style=\"color: #000000;font-family: arial, helvetica, sans-serif;font-size: small\">&#8211; ETSAM \u2013 Escuela Tecnica Superior de Arquitectura de Madrid &#8211; (Madrid, Spagna)\u00a0<\/span><\/p>\n<p><span style=\"color: #000000;font-family: arial, helvetica, sans-serif;font-size: small\">&#8211; Universit\u00e9 Paris La Villette &#8211; Ecole National de Architecture (Parigi, Francia)<\/span><\/p>\n<p><span style=\"color: #000000;font-family: arial, helvetica, sans-serif;font-size: small\">&#8211; Universit\u00e9 Paris Val de Seine &#8211; Ecole National de Architecture (Parigi, Francia)<\/span><\/p>\n<p><span style=\"color: #000000;font-family: arial, helvetica, sans-serif;font-size: small\">&#8211; Escola Superior Artistica do Porto &#8211; Curso Superior de Arquitectura (Porto, Portogallo)<\/span><\/p>\n<p><span style=\"font-family: arial, helvetica, sans-serif;font-size: small\"><strong>Enti promotori<\/strong><\/span><\/p>\n<p><span style=\"font-family: arial, helvetica, sans-serif;font-size: small\">Rete CIVIS MONTE ARCI<\/span><\/p>\n<div><span style=\"font-family: arial, helvetica, sans-serif;font-size: small\">dei comuni di ALES, MASULLAS, MORGONGIORI, PAU, USELLUS, VILLA VERDE<\/span><\/div>\n<p><span style=\"font-family: arial, helvetica, sans-serif;font-size: small\">\u00a0Facolt\u00e0 di Architettura &#8211; Universit\u00e0 degli Studi di Cagliari\u00a0<\/span><\/p>\n<p><span style=\"font-family: arial, helvetica, sans-serif;font-size: small\">\u00a0Dipartimento di Ingegneria Civile, Ambientale e Architettura<\/span><\/p>\n<p><span style=\"font-family: arial, helvetica, sans-serif;font-size: small\">\u00a0RAS Regione Autonoma della Sardegna<\/span><\/p>\n<p><span style=\"font-family: arial, helvetica, sans-serif;font-size: small\">\u00a0Provincia di Oristano<\/span><\/p>\n<p><span style=\"color: #000000;font-family: arial, helvetica, sans-serif;font-size: small\"><br \/>\n<\/span><\/p>\n","protected":false},"excerpt":{"rendered":"<p>Facolt\u00e0 partners\u00a0 &#8211; Universidad Federal de Bahia \u2013 Facultad de Arquitectura (Salvador, Brasile) &#8211; UCEN &#8211; Universidad Central de Chile &#8211; Escuela de Arquitectura (Santiago &#8211; Cile)\u00a0 &#8211; Universit\u00e0 degli Studi di Pavia \u2013 Facolt\u00e0 di Ingegneria (Pavia, Italia) &#8211; Universit\u00e0 degli Studi di Roma Valle Giulia \u2013 Scuola di Architettura Ludovico Quaroni \u00a0(Roma, Italia) Facolt\u00e0 invitate &#8211; Universit\u00e9 Toulouse Le Mirail &#8211; Ecole National de Architecture (Tolosa, Francia) &#8211; UPC Universitat Polit\u00e8cnica de Catalunya &#8211; Escola d\u2019Enginyeria d\u2019Edificaci\u00f3n (Barcellona, Spagna)\u00a0 &#8211; ETSAG Escuela Tecnica Superior de Arquitectura de Granada \u2013 (Granada, Spagna)\u00a0 &#8211; ESTA-US Escuela Tecnica Superior de Arquitectura <a href='https:\/\/people.unica.it\/arcilab11\/enti-e-scuole-partecipanti\/' class='excerpt-more'>[&#8230;]<\/a><\/p>\n","protected":false},"author":485,"featured_media":0,"parent":0,"menu_order":3,"comment_status":"open","ping_status":"open","template":"","meta":{"ngg_post_thumbnail":0,"footnotes":""},"class_list":["post-444","page","type-page","status-publish","hentry","post-seq-1","post-parity-odd","meta-position-corners","fix"],"_links":{"self":[{"href":"https:\/\/people.unica.it\/arcilab11\/wp-json\/wp\/v2\/pages\/444","targetHints":{"allow":["GET"]}}],"collection":[{"href":"https:\/\/people.unica.it\/arcilab11\/wp-json\/wp\/v2\/pages"}],"about":[{"href":"https:\/\/people.unica.it\/arcilab11\/wp-json\/wp\/v2\/types\/page"}],"author":[{"embeddable":true,"href":"https:\/\/people.unica.it\/arcilab11\/wp-json\/wp\/v2\/users\/485"}],"replies":[{"embeddable":true,"href":"https:\/\/people.unica.it\/arcilab11\/wp-json\/wp\/v2\/comments?post=444"}],"version-history":[{"count":3,"href":"https:\/\/people.unica.it\/arcilab11\/wp-json\/wp\/v2\/pages\/444\/revisions"}],"predecessor-version":[{"id":452,"href":"https:\/\/people.unica.it\/arcilab11\/wp-json\/wp\/v2\/pages\/444\/revisions\/452"}],"wp:attachment":[{"href":"https:\/\/people.unica.it\/arcilab11\/wp-json\/wp\/v2\/media?parent=444"}],"curies":[{"name":"wp","href":"https:\/\/api.w.org\/{rel}","templated":true}]}}