{"id":139,"date":"2011-06-20T10:58:09","date_gmt":"2011-06-20T10:58:09","guid":{"rendered":"http:\/\/people.unica.it\/arcilab11\/?page_id=139"},"modified":"2011-06-24T12:03:29","modified_gmt":"2011-06-24T12:03:29","slug":"siti-di-progetto-2","status":"publish","type":"page","link":"https:\/\/people.unica.it\/arcilab11\/arcilab09\/siti-di-progetto-2\/","title":{"rendered":"Aree e temi di progetto"},"content":{"rendered":"<p><strong><span style=\"font-size: medium;font-family: arial, helvetica, sans-serif\"><a href=\"http:\/\/people.unica.it\/arcilab11\/files\/2011\/06\/SITI-DI-PROGETTO-CON-SCRITTE.jpg\"><img decoding=\"async\" class=\"alignleft size-full wp-image-144\" src=\"http:\/\/people.unica.it\/arcilab11\/files\/2011\/06\/SITI-DI-PROGETTO-CON-SCRITTE.jpg\" alt=\"\" width=\"1644\" height=\"1236\" srcset=\"https:\/\/people.unica.it\/arcilab11\/files\/2011\/06\/SITI-DI-PROGETTO-CON-SCRITTE.jpg 1644w, https:\/\/people.unica.it\/arcilab11\/files\/2011\/06\/SITI-DI-PROGETTO-CON-SCRITTE-300x225.jpg 300w, https:\/\/people.unica.it\/arcilab11\/files\/2011\/06\/SITI-DI-PROGETTO-CON-SCRITTE-1024x769.jpg 1024w\" sizes=\"(max-width: 1644px) 100vw, 1644px\" \/><\/a><br \/>\n<\/span><\/strong><\/p>\n<p><strong><span style=\"font-size: medium;font-family: arial, helvetica, sans-serif\"> <\/span><\/strong><\/p>\n<p><span class=\"aligncenter\" style=\"font-family: arial, helvetica, sans-serif\"> <\/span><\/p>\n<div class=\"mceTemp\" style=\"text-align: left\">\n<dl>\n<dd><span style=\"font-family: arial, helvetica, sans-serif;font-size: x-small\">Inquadramento territoriale: Ales, Pau, Morgongiori<\/span><\/dd>\n<\/dl>\n<\/div>\n<p><strong><span style=\"font-family: arial, helvetica, sans-serif;font-size: medium\"> <\/span><\/strong><\/p>\n<p><span style=\"font-family: arial, helvetica, sans-serif;line-height: 19px;font-size: small\">I tre centri di Ales, Morgongiori e Pau si configurano oggi come nuove porte di accesso al sistema territoriale, ambientale, storico e culturale del Monte Arci e della Marmilla settentrionale rispetto a una nuova forma di ripensamento della promozione territoriale all\u2019esterno e della necessit\u00e0 di accoglienza che ne deriva. In questo senso \u00e8 possibile inquadrare i temi dell\u2019ARCILAB09 secondo una duplice prospettiva: da un lato la questione legata alle strutture di promozione del territorio, che possono essere considerate anche come occasioni per una riqualificazione pi\u00f9 estesa dei margini e dei centri nel loro complesso (centri di accoglienza e foresterie, punti informativi, luoghi per le esposizioni e per gli eventi legati al territorio e alla sua cultura, spazi per l\u2019innalzamento della qualit\u00e0 della vita delle comunit\u00e0 e dei visitatori), dall\u2019altro si pone la questione della residenza stabile e radicata e temporanea pi\u00f9 direttamente legata alle presenze turistiche.<\/span><\/p>\n<p style=\"text-align: justify\"><span style=\"font-family: arial, helvetica, sans-serif;font-size: small\">Le aree di progetto dell\u2019ARCILAB09 sono situate nei tre centri promotori dell\u2019iniziativa, Ales, Morgongiori e Pau e per ciascuna di esse si prevede un programma funzionale di orientamento differente ma perfettamente riconducibile a questo quadro di sintesi generale.<\/span><\/p>\n<p style=\"text-align: justify\"><strong><span style=\"font-family: arial, helvetica, sans-serif;font-size: small\"> <a title=\"Ales\" href=\"http:\/\/people.unica.it\/arcilab11\/arcilab09\/siti-di-progetto-2\/ales\/\">Ales<\/a> <a title=\"Pau\" href=\"http:\/\/people.unica.it\/arcilab11\/arcilab09\/siti-di-progetto-2\/pau\/\">Pau<\/a> <a title=\"Morgongiori\" href=\"http:\/\/people.unica.it\/arcilab11\/arcilab09\/siti-di-progetto-2\/morgongiori\/\">Morgongiori<\/a><\/span><\/strong><\/p>\n<p style=\"text-align: justify\"><strong><span style=\"font-size: small;font-family: arial, helvetica, sans-serif\">Gli ambiti di progetto nel quadro di una strategia territoriale coordinata<\/span><\/strong><\/p>\n<p style=\"text-align: justify\"><span style=\"font-size: small;font-family: arial, helvetica, sans-serif\">Il sistema dei microcentri della Marmilla, regione collinare storica della Sardegna centrale, da diversi decenni resiste con sempre maggiori difficolt\u00e0 ai fenomeni dello spopolamento e della perdita di significato del radicamento delle comunit\u00e0 al proprio territorio, tipicamente in atto nelle aree interne dell\u2019isola meno direttamente interessate dai mercati e dai processi globali, come accade in analoghe aree del bacino del Mediterraneo. <\/span><span style=\"font-family: arial, helvetica, sans-serif;line-height: 19px;font-size: small\">Lo storico equilibrio che ha sostanziato il nesso tra comunit\u00e0 e luoghi, essenzialmente fondato sul corretto dimensionamento delle prime in ragione delle capacit\u00e0 produttive dei secondi, con l\u2019avvento dei mercati globali, dei fenomeni di inurbamento delle citt\u00e0, con la migrazione su scala regionale e extra regionale, \u00e8 messo in forte discussione in questo momento, ponendo interrogativi particolarmente urgenti sul significato dell\u2019abitare in questi luoghi e su possibili nuove forme dell\u2019abitare che siano ancora sostenibili per le comunit\u00e0. <\/span><span style=\"font-family: arial, helvetica, sans-serif;line-height: 19px;font-size: small\">Il sistema \u201cMarmilla\u201d tanto forte su scala regionale e locale da mantenere inalterata per secoli la sua struttura tardo &#8211; medioevale, affronta attualmente la questione sempre pi\u00f9 drammatica e urgente dell\u2019abbandono e dello spopolamento, attraversando un processo che appare irreversibile e che ha portato la popolazione complessiva a quasi dimezzarsi negli ultimi 50 anni.<\/span><\/p>\n<p style=\"text-align: justify\"><span style=\"font-family: arial, helvetica, sans-serif;line-height: 19px;font-size: small\"> <\/span><span style=\"font-family: arial, helvetica, sans-serif;line-height: 19px;font-size: small\">Da tempo ormai, i centri che appartengono a questo territorio, organizzano gran parte delle proprie attivit\u00e0 comunitarie (scuole, sanit\u00e0, trasporti, offerta di servizi al cittadino, aree per lo sport e il tempo libero) secondo un modello di rete, che prevede la condivisione di attrezzature e funzioni fra i comuni secondo un\u2019offerta locale differenziata che si completa e si integra in una dimensione sovra comunale, di rete appunto. <\/span><span style=\"font-family: arial, helvetica, sans-serif;line-height: 19px;font-size: small\">Numerosi consorzi e agenzie di sviluppo locale, Unioni di Comuni in sostituzione delle Comunit\u00e0 Montane e un importante G.A.L. interprovinciale in fase di ricostituzione, orientano e indirizzano le strategie di sviluppo del territorio, secondo un approccio che partendo dalla condivisione dei problemi e delle aspettative dei singoli centri si pone come obiettivo il miglioramento della qualit\u00e0 della vita su scala territoriale, incrementando le capacit\u00e0 imprenditoriali private, differenziando le economie su forme pi\u00f9 contemporanee legate in particolare all\u2019industria del turismo culturale e rurale, fondato sulla scoperta e sulla ri-scoperta dell\u2019identit\u00e0 dei luoghi.<\/span><\/p>\n<p style=\"text-align: justify\"><span style=\"font-size: small;font-family: arial, helvetica, sans-serif\">In questo senso anche le iniziative e le misure comunitarie a regia regionale volte alla riqualificazione di queste aree si sono articolate e si articolano sempre pi\u00f9 nella direzione dei progetti di qualit\u00e0 per reti di comuni con caratteri\u00a0 culturali, territoriali, economici, di prossimit\u00e0 geografica ecc\u2026 omogenei. Fra questi programmi, oltre all\u2019interesse specifico che il nuovo Piano Paesaggistico della Regione riserva allo sviluppo e alla tutela delle aree interne e dei paesaggi rurali con i relativi centri, di particolare interesse sotto il profilo dei temi della riqualificazione urbana e della valorizzazione dell\u2019identit\u00e0 locale e delle culture materiali, sono da citare i Progetti di qualit\u00e0 associati alla Legge Regionale 29 sui Centri Storici, fra cui i pi\u00f9 recenti e significativi sono stati, come noto, i bandi CIVIS (2006), DOMOS (2006), BIDDAS (2008).<\/span><\/p>\n<p style=\"text-align: justify\"><span style=\"font-size: small;font-family: arial, helvetica, sans-serif\">I comuni di Ales, Morgongiori e Pau costituiscono parte integrante di questo sistema : appartengono all\u2019Unione dei Comuni dell\u2019Alta Marmilla, appartengono al Consorzio Parco del monte Arci, appartengono al G.A.L. interprovinciale della Marmilla, sono stati coinvolti in pi\u00f9 occasioni nei progetti di qualit\u00e0 della Regione Sardegna costituendo reti locali con i comuni ad essi pi\u00f9 prossimi.<\/span><\/p>\n<p style=\"text-align: justify\"><span style=\"color: #000000;font-size: small\"><strong><br \/>\n<\/strong><\/span><\/p>\n","protected":false},"excerpt":{"rendered":"<p>Inquadramento territoriale: Ales, Pau, Morgongiori I tre centri di Ales, Morgongiori e Pau si configurano oggi come nuove porte di accesso al sistema territoriale, ambientale, storico e culturale del Monte Arci e della Marmilla settentrionale rispetto a una nuova forma di ripensamento della promozione territoriale all\u2019esterno e della necessit\u00e0 di accoglienza che ne deriva. In questo senso \u00e8 possibile inquadrare i temi dell\u2019ARCILAB09 secondo una duplice prospettiva: da un lato la questione legata alle strutture di promozione del territorio, che possono essere considerate anche come occasioni per una riqualificazione pi\u00f9 estesa dei margini e dei centri nel loro complesso (centri <a href='https:\/\/people.unica.it\/arcilab11\/arcilab09\/siti-di-progetto-2\/' class='excerpt-more'>[&#8230;]<\/a><\/p>\n","protected":false},"author":485,"featured_media":0,"parent":38,"menu_order":1,"comment_status":"open","ping_status":"open","template":"","meta":{"ngg_post_thumbnail":0,"footnotes":""},"class_list":["post-139","page","type-page","status-publish","hentry","post-seq-1","post-parity-odd","meta-position-corners","fix"],"_links":{"self":[{"href":"https:\/\/people.unica.it\/arcilab11\/wp-json\/wp\/v2\/pages\/139","targetHints":{"allow":["GET"]}}],"collection":[{"href":"https:\/\/people.unica.it\/arcilab11\/wp-json\/wp\/v2\/pages"}],"about":[{"href":"https:\/\/people.unica.it\/arcilab11\/wp-json\/wp\/v2\/types\/page"}],"author":[{"embeddable":true,"href":"https:\/\/people.unica.it\/arcilab11\/wp-json\/wp\/v2\/users\/485"}],"replies":[{"embeddable":true,"href":"https:\/\/people.unica.it\/arcilab11\/wp-json\/wp\/v2\/comments?post=139"}],"version-history":[{"count":13,"href":"https:\/\/people.unica.it\/arcilab11\/wp-json\/wp\/v2\/pages\/139\/revisions"}],"predecessor-version":[{"id":304,"href":"https:\/\/people.unica.it\/arcilab11\/wp-json\/wp\/v2\/pages\/139\/revisions\/304"}],"up":[{"embeddable":true,"href":"https:\/\/people.unica.it\/arcilab11\/wp-json\/wp\/v2\/pages\/38"}],"wp:attachment":[{"href":"https:\/\/people.unica.it\/arcilab11\/wp-json\/wp\/v2\/media?parent=139"}],"curies":[{"name":"wp","href":"https:\/\/api.w.org\/{rel}","templated":true}]}}