{"id":14,"date":"2009-03-12T11:11:56","date_gmt":"2009-03-12T10:11:56","guid":{"rendered":"http:\/\/people.unica.it\/arcilab\/home\/"},"modified":"2009-04-21T19:05:37","modified_gmt":"2009-04-21T18:05:37","slug":"home","status":"publish","type":"page","link":"https:\/\/people.unica.it\/arcilab\/","title":{"rendered":"home"},"content":{"rendered":"<p><strong>ARCILAB09<\/strong><br \/>\nhabitat tra l&#8217;urbano e il rurale<\/p>\n<p><strong>Workshop Internazionale di progetto<\/strong><br \/>\nAles, Cagliari, Morgongiori, Pau 14-26 settembre 2009<\/p>\n<p><strong>Enti promotori<\/strong><br \/>\nUniversit\u00e0 degli Studi di Cagliari &#8211; Facolt\u00e0 di Architettura<br \/>\nDIARCH &#8211; DIPARTIMENTO DI ARCHITETTURA.<\/p>\n<p>Comuni di ALES, MORGONGIORI, PAU<\/p>\n<p><strong>Facolt\u00e0 partners<\/strong><br \/>\n&#8211; Universidad Federal de Bahia \u2013 Facultad de Arquitectura (Salvador, Brasile)<br \/>\n&#8211; ETSAM \u2013 Escuela Tecnica Superior de Arquitectura (Madrid, Spagna)<br \/>\n&#8211; Universit\u00e0 degli Studi di Pavia \u2013 Facolt\u00e0 di Ingegneria (Pavia, Italia)<br \/>\n&#8211; Universidade de Coimbra &#8211; Facultade de Ci\u00eancias e Tecnologia &#8211; Centro de Estudos de Arquitectura<br \/>\n(Coimbra, Portogallo)<br \/>\n&#8211; Universidad SEK (Santiago del Cile, Cile)<\/p>\n<p><strong>Descrizione del workshop e temi<\/strong><br \/>\nLa facolt\u00e0 di Architettura di Cagliari da tempo prende parte ad incontri tra scuole di progetto dell\u2019America latina, della penisola iberica e italiane che ogni anno si incontrano organizzando un workshop internazionale itinerante sui temi della riqualifi cazione urbana. Nel 2009 l\u2019organizzazione del seminario \u00e8 affidato alla Facolt\u00e0 di Architettura di Cagliari.<br \/>\nCon l\u2019intento di dare risposte alle reali esigenze delle comunit\u00e0 e del territorio e di rafforzare il rapporto di scambio culturale gi\u00e0 in corso tra la Facolt\u00e0 di Architettura di Cagliari e alcune amministrazioni locali delle aree interne della Sardegna, col patrocinio e il supporto organizzativo dei Comuni di Ales, Morgongiori e Pau, il laboratorio rivolger\u00e0 l\u2019attenzione disciplinare al progetto locale tra l\u2019urbano e il rurale di questi centri abitati, che costituiscono un ambito di rilievo della corona insediativa del Monte Arci, nella regione storica dell\u2019Alta Marmilla.<br \/>\nPer l\u2019occasione, durante il mese di settembre, studenti, tutores e docenti delle scuole di Architettura di Santiago-Cile, Salvador de Bahia-Brasile, Coimbra-Portogallo, Madrid-Spagna, Pavia e Cagliari &#8211; Italia, si confronteranno sui temi legati alla riqualifi cazione di ambiti urbani contraddistinti da una forte relazione con l\u2019identit\u00e0 storica delle comunit\u00e0 e dei paesaggi. Il seminario ha come obiettivo ripensare e dare nuovo senso al radicamento nei luoghi pi\u00f9 distanti dalla dimensione metropolitana che caratterizza le nostre citt\u00e0.<br \/>\nQuesta iniziativa, oltre che rappresentare un luogo di confronto sul progetto fra scuole di pensiero differenti, costituir\u00e0 un importante momento di incontro e scambio culturale; il tema dell\u2019ospitalit\u00e0, da sempre al centro della storia del seminario, si concretizzer\u00e0 attraverso l\u2019accoglienza degli studenti stranieri da parte dei loro colleghi sardi e, nei giorni di lavoro e permanenza presso i luoghi di progetto, delle comunit\u00e0 locali.<\/p>\n<p><strong>Obiettivi<\/strong><br \/>\nIl workshop ha come obiettivi:<br \/>\n&#8211; il confronto culturale fra le diverse scuole di architettura;<br \/>\n&#8211; l\u2019approfondimento del progetto urbano e architettonico alle varie scale di studio;<br \/>\n&#8211; l\u2019interdisciplinarit\u00e0 fra le diverse scale di progetto.<\/p>\n<p><strong>Coordinamento scientifico<\/strong><br \/>\nCarlo Aymerich, Carlo Atzeni<\/p>\n<p><strong>Comitato scientifico<\/strong><br \/>\nEmanuela Abis, Carlo Atzeni, Carlo Aymerich, Esterzilda Berenstein de Azevedo, Enrico Corti,<br \/>\nAlessandro Greco, Jaime Migone Rettig, Salvador Perez Arroyo, Walter Rossa, Antonello Sanna, Luca Sanna<\/p>\n<p><strong>Coordinamento Operativo<\/strong><br \/>\nAdriano Dess\u00ec, Romina Marvaldi, Silvia Mocci, Elisabetta Pani<\/p>\n<p><strong>Luogo di svolgimento<\/strong><br \/>\nComuni di Ales, Morgongiori, Pau (OR) &#8211; Italia<br \/>\nSede universitaria, Facolt\u00e0 di Architettura, Cagliari (CA) &#8211; Italia<\/p>\n<p><strong>Data di svolgimento<\/strong><br \/>\n14 settembre \u2013 26 settembre 2009<\/p>\n<p><a rel=\"attachment wp-att-50\" href=\"http:\/\/people.unica.it\/arcilab\/home\/arcilab09\/\">ARCILAB09.pdf<\/a><a rel=\"attachment wp-att-39\" href=\"http:\/\/people.unica.it\/arcilab\/?attachment_id=39\"><\/a><\/p>\n","protected":false},"excerpt":{"rendered":"<p>ARCILAB09 habitat tra l&#8217;urbano e il rurale Workshop Internazionale di progetto Ales, Cagliari, Morgongiori, Pau 14-26 settembre 2009 Enti promotori Universit\u00e0 degli Studi di Cagliari &#8211; Facolt\u00e0 di Architettura DIARCH &#8211; DIPARTIMENTO DI ARCHITETTURA. Comuni di ALES, MORGONGIORI, PAU Facolt\u00e0 partners &#8211; Universidad Federal de Bahia \u2013 Facultad de Arquitectura (Salvador, Brasile) &#8211; ETSAM \u2013 Escuela Tecnica Superior de Arquitectura (Madrid, Spagna) &#8211; Universit\u00e0 degli Studi di Pavia \u2013 Facolt\u00e0 di Ingegneria (Pavia, Italia) &#8211; Universidade de Coimbra &#8211; Facultade de Ci\u00eancias e Tecnologia &#8211; Centro de Estudos de Arquitectura (Coimbra, Portogallo) &#8211; Universidad SEK (Santiago del Cile, Cile) Descrizione <a href='https:\/\/people.unica.it\/arcilab\/' class='excerpt-more'>[&#8230;]<\/a><\/p>\n","protected":false},"author":262,"featured_media":0,"parent":0,"menu_order":0,"comment_status":"closed","ping_status":"closed","template":"","meta":{"footnotes":""},"class_list":["post-14","page","type-page","status-publish","hentry","category-1-id","post-seq-1","post-parity-odd","meta-position-corners","fix"],"_links":{"self":[{"href":"https:\/\/people.unica.it\/arcilab\/wp-json\/wp\/v2\/pages\/14","targetHints":{"allow":["GET"]}}],"collection":[{"href":"https:\/\/people.unica.it\/arcilab\/wp-json\/wp\/v2\/pages"}],"about":[{"href":"https:\/\/people.unica.it\/arcilab\/wp-json\/wp\/v2\/types\/page"}],"author":[{"embeddable":true,"href":"https:\/\/people.unica.it\/arcilab\/wp-json\/wp\/v2\/users\/262"}],"replies":[{"embeddable":true,"href":"https:\/\/people.unica.it\/arcilab\/wp-json\/wp\/v2\/comments?post=14"}],"version-history":[{"count":20,"href":"https:\/\/people.unica.it\/arcilab\/wp-json\/wp\/v2\/pages\/14\/revisions"}],"predecessor-version":[{"id":52,"href":"https:\/\/people.unica.it\/arcilab\/wp-json\/wp\/v2\/pages\/14\/revisions\/52"}],"wp:attachment":[{"href":"https:\/\/people.unica.it\/arcilab\/wp-json\/wp\/v2\/media?parent=14"}],"curies":[{"name":"wp","href":"https:\/\/api.w.org\/{rel}","templated":true}]}}