{"id":88,"date":"2007-02-22T18:49:47","date_gmt":"2007-02-22T18:49:47","guid":{"rendered":"http:\/\/people.unica.it\/archiviosonoroluisaorru\/news\/ciclo-riproduttivoparto\/"},"modified":"2017-10-20T11:23:38","modified_gmt":"2017-10-20T11:23:38","slug":"ciclo-riproduttivoparto","status":"publish","type":"page","link":"https:\/\/people.unica.it\/archiviosonoroluisaorru\/news\/ciclo-riproduttivoparto\/","title":{"rendered":"Ciclo riproduttivo\/Parto"},"content":{"rendered":"<!--[if lt IE 9]><script>document.createElement('audio');<\/script><![endif]-->\n<audio class=\"wp-audio-shortcode\" id=\"audio-88-1\" preload=\"none\" style=\"width: 100%;\" controls=\"controls\"><source type=\"audio\/mpeg\" src=\"http:\/\/people.unica.it\/archiviosonoroluisaorru\/files\/\/home\/people\/wp-content\/blogs.dir\/52\/files\/\/2007\/10\/09-traccia-9.mp3?_=1\" \/><a href=\"http:\/\/people.unica.it\/archiviosonoroluisaorru\/files\/\/home\/people\/wp-content\/blogs.dir\/52\/files\/\/2007\/10\/09-traccia-9.mp3\">http:\/\/people.unica.it\/archiviosonoroluisaorru\/files\/\/home\/people\/wp-content\/blogs.dir\/52\/files\/\/2007\/10\/09-traccia-9.mp3<\/a><\/audio>\n<p><strong>I.<\/strong> Eh, questa donna in stato di gravidanza avanzata \u00e8 andata in campagna, a raccogliere le ghiande, perch\u00e9 allora si raccoglievano le ghiande. E&#8217; andata anche col marito, ma, se non sbaglio, avevano un ovile per\u00f2 in campagna, per\u00f2 lei \u00e8 andata per fare la provvista de&#8230; delle ghiande. A un certo punto gli son venute le doglie, e&#8230; non sapeva come fare perch\u00e9 era sola col marito, non avevano niente [scampanellio di greggi], e era&#8230; era in inverno, perch\u00e9 le ghiande si raccolgono nel mese di dicembre, gennaio&#8230; Allora il bambino \u00e8 nato, ha cercato pi\u00f9 o meno, questo uomo, di&#8230; di sistemate il bambino e&#8230; e ha fatto cos\u00ec: il bambino \u00e8 nato e gli ha annodato l&#8217;ombelico, non lo so come avr\u00e0\u00a0 fatto, e si \u00e8 tolta la sua giacca e l&#8217;ha coperto con la giacca del mari&#8230; del pap\u00e0\u00a0 del bambino, no? Poi per&#8230; per cercare di non far venire qualche emorragia alla&#8230; alla moglie, alla mamma del bambino, allora si \u00e8 tolto le fasce dalle gambe perch\u00e9 (<strong>I1:<\/strong> Eh ci avevano le fasce, mi&#8217;) allora avevano le fasce, si \u00e8 tolto le fasce dalle gambe e l&#8217;ha tutta ben stretta, cos\u00ec, e piano piano l&#8217;ha fatta arrivare in paese, a piedi. E hanno detto che ha partorito sotto una pianta di lentischio.<\/p>\n<p><strong>Perdasdefogu, anno 1987, UR 97 &#8211; USO 70, lato A<br \/>\n<\/strong><strong>Rilevatrice: Rosa Spanu<br \/>\n<\/strong><strong>Informatrice: Teresa, nata nel 1919<\/strong><\/p>\n","protected":false},"excerpt":{"rendered":"<p>I. Eh, questa donna in stato di gravidanza avanzata \u00e8 andata in campagna, a raccogliere le ghiande, perch\u00e9 allora si raccoglievano le ghiande. E&#8217; andata anche col marito, ma, se non sbaglio, avevano un ovile per\u00f2 in campagna, per\u00f2 lei \u00e8 andata per fare la provvista de&#8230; delle ghiande. A un certo punto gli son venute le doglie, e&#8230; non sapeva come fare perch\u00e9 era sola col marito, non avevano niente [scampanellio di greggi], e era&#8230; era in inverno, perch\u00e9 le ghiande si raccolgono nel mese di dicembre, gennaio&#8230; Allora il bambino \u00e8 nato, ha cercato pi\u00f9 o meno, questo <a href='https:\/\/people.unica.it\/archiviosonoroluisaorru\/news\/ciclo-riproduttivoparto\/' class='excerpt-more'>[&#8230;]<\/a><\/p>\n","protected":false},"author":34,"featured_media":0,"parent":24,"menu_order":0,"comment_status":"closed","ping_status":"closed","template":"","meta":{"footnotes":""},"class_list":["post-88","page","type-page","status-publish","hentry","category-143-id","post-seq-1","post-parity-odd","meta-position-corners","fix"],"_links":{"self":[{"href":"https:\/\/people.unica.it\/archiviosonoroluisaorru\/wp-json\/wp\/v2\/pages\/88","targetHints":{"allow":["GET"]}}],"collection":[{"href":"https:\/\/people.unica.it\/archiviosonoroluisaorru\/wp-json\/wp\/v2\/pages"}],"about":[{"href":"https:\/\/people.unica.it\/archiviosonoroluisaorru\/wp-json\/wp\/v2\/types\/page"}],"author":[{"embeddable":true,"href":"https:\/\/people.unica.it\/archiviosonoroluisaorru\/wp-json\/wp\/v2\/users\/34"}],"replies":[{"embeddable":true,"href":"https:\/\/people.unica.it\/archiviosonoroluisaorru\/wp-json\/wp\/v2\/comments?post=88"}],"version-history":[{"count":2,"href":"https:\/\/people.unica.it\/archiviosonoroluisaorru\/wp-json\/wp\/v2\/pages\/88\/revisions"}],"predecessor-version":[{"id":255,"href":"https:\/\/people.unica.it\/archiviosonoroluisaorru\/wp-json\/wp\/v2\/pages\/88\/revisions\/255"}],"up":[{"embeddable":true,"href":"https:\/\/people.unica.it\/archiviosonoroluisaorru\/wp-json\/wp\/v2\/pages\/24"}],"wp:attachment":[{"href":"https:\/\/people.unica.it\/archiviosonoroluisaorru\/wp-json\/wp\/v2\/media?parent=88"}],"curies":[{"name":"wp","href":"https:\/\/api.w.org\/{rel}","templated":true}]}}