{"id":83,"date":"2007-02-22T18:48:47","date_gmt":"2007-02-22T18:48:47","guid":{"rendered":"http:\/\/people.unica.it\/archiviosonoroluisaorru\/news\/ciclo-riproduttivobiografie-di-medici\/"},"modified":"2017-10-20T11:21:30","modified_gmt":"2017-10-20T11:21:30","slug":"ciclo-riproduttivobiografie-di-medici","status":"publish","type":"page","link":"https:\/\/people.unica.it\/archiviosonoroluisaorru\/news\/ciclo-riproduttivobiografie-di-medici\/","title":{"rendered":"Ciclo riproduttivo\/Medici"},"content":{"rendered":"<!--[if lt IE 9]><script>document.createElement('audio');<\/script><![endif]-->\n<audio class=\"wp-audio-shortcode\" id=\"audio-83-1\" preload=\"none\" style=\"width: 100%;\" controls=\"controls\"><source type=\"audio\/mpeg\" src=\"http:\/\/people.unica.it\/archiviosonoroluisaorru\/files\/\/home\/people\/wp-content\/blogs.dir\/52\/files\/\/2007\/10\/07-traccia-7.mp3?_=1\" \/><a href=\"http:\/\/people.unica.it\/archiviosonoroluisaorru\/files\/\/home\/people\/wp-content\/blogs.dir\/52\/files\/\/2007\/10\/07-traccia-7.mp3\">http:\/\/people.unica.it\/archiviosonoroluisaorru\/files\/\/home\/people\/wp-content\/blogs.dir\/52\/files\/\/2007\/10\/07-traccia-7.mp3<\/a><\/audio>\n<p><strong>R.<\/strong> Come principio, ecco! Io come principio. Siamo, siamo&#8230; cio\u00e8 siamo, siamo civili. Ih, dovremmo progredire ancora di pi\u00f9, insomma perch\u00e9 a un certo momento queste&#8230; questi parti in casa? non ce li vedo io questi parti in casa. Insomma, qualche complicazione che pu\u00f2 avvenire, invece di portarla dalla casa in ospedale con la complicazione gi\u00e0\u00a0 in atto, \u00e8 gi\u00e0\u00a0 l\u00ec \u00e8 gi\u00e0\u00a0 pronta e&#8230; si possono&#8230; e si pu\u00f2 intervenire immediatamente, senza&#8230; senza aspettare un sacco di tempo. Ecco, questo \u00e8 il punto.<\/p>\n<p><strong>Cabras, 21.4.1989, UR 227 &#8211; USO 181, lato A<br \/>\n<\/strong><strong>Rilevatrice: Anna Maria Manca<br \/>\n<\/strong><strong>Informatore: dott. F. S., nato nel 1925<\/strong><\/p>\n","protected":false},"excerpt":{"rendered":"<p>R. Come principio, ecco! Io come principio. Siamo, siamo&#8230; cio\u00e8 siamo, siamo civili. Ih, dovremmo progredire ancora di pi\u00f9, insomma perch\u00e9 a un certo momento queste&#8230; questi parti in casa? non ce li vedo io questi parti in casa. Insomma, qualche complicazione che pu\u00f2 avvenire, invece di portarla dalla casa in ospedale con la complicazione gi\u00e0\u00a0 in atto, \u00e8 gi\u00e0\u00a0 l\u00ec \u00e8 gi\u00e0\u00a0 pronta e&#8230; si possono&#8230; e si pu\u00f2 intervenire immediatamente, senza&#8230; senza aspettare un sacco di tempo. Ecco, questo \u00e8 il punto. Cabras, 21.4.1989, UR 227 &#8211; USO 181, lato A Rilevatrice: Anna Maria Manca Informatore: dott. F. <a href='https:\/\/people.unica.it\/archiviosonoroluisaorru\/news\/ciclo-riproduttivobiografie-di-medici\/' class='excerpt-more'>[&#8230;]<\/a><\/p>\n","protected":false},"author":34,"featured_media":0,"parent":24,"menu_order":0,"comment_status":"closed","ping_status":"closed","template":"","meta":{"footnotes":""},"class_list":["post-83","page","type-page","status-publish","hentry","category-143-id","post-seq-1","post-parity-odd","meta-position-corners","fix"],"_links":{"self":[{"href":"https:\/\/people.unica.it\/archiviosonoroluisaorru\/wp-json\/wp\/v2\/pages\/83","targetHints":{"allow":["GET"]}}],"collection":[{"href":"https:\/\/people.unica.it\/archiviosonoroluisaorru\/wp-json\/wp\/v2\/pages"}],"about":[{"href":"https:\/\/people.unica.it\/archiviosonoroluisaorru\/wp-json\/wp\/v2\/types\/page"}],"author":[{"embeddable":true,"href":"https:\/\/people.unica.it\/archiviosonoroluisaorru\/wp-json\/wp\/v2\/users\/34"}],"replies":[{"embeddable":true,"href":"https:\/\/people.unica.it\/archiviosonoroluisaorru\/wp-json\/wp\/v2\/comments?post=83"}],"version-history":[{"count":1,"href":"https:\/\/people.unica.it\/archiviosonoroluisaorru\/wp-json\/wp\/v2\/pages\/83\/revisions"}],"predecessor-version":[{"id":243,"href":"https:\/\/people.unica.it\/archiviosonoroluisaorru\/wp-json\/wp\/v2\/pages\/83\/revisions\/243"}],"up":[{"embeddable":true,"href":"https:\/\/people.unica.it\/archiviosonoroluisaorru\/wp-json\/wp\/v2\/pages\/24"}],"wp:attachment":[{"href":"https:\/\/people.unica.it\/archiviosonoroluisaorru\/wp-json\/wp\/v2\/media?parent=83"}],"curies":[{"name":"wp","href":"https:\/\/api.w.org\/{rel}","templated":true}]}}