{"id":82,"date":"2007-02-22T18:48:34","date_gmt":"2007-02-22T18:48:34","guid":{"rendered":"http:\/\/people.unica.it\/archiviosonoroluisaorru\/news\/ciclo-riproduttivobiografie-di-donne-madri\/"},"modified":"2017-10-20T11:19:38","modified_gmt":"2017-10-20T11:19:38","slug":"ciclo-riproduttivobiografie-di-donne-madri","status":"publish","type":"page","link":"https:\/\/people.unica.it\/archiviosonoroluisaorru\/news\/ciclo-riproduttivobiografie-di-donne-madri\/","title":{"rendered":"Ciclo riproduttivo\/Biografie di donne madri"},"content":{"rendered":"<!--[if lt IE 9]><script>document.createElement('audio');<\/script><![endif]-->\n<audio class=\"wp-audio-shortcode\" id=\"audio-82-1\" preload=\"none\" style=\"width: 100%;\" controls=\"controls\"><source type=\"audio\/mpeg\" src=\"http:\/\/people.unica.it\/archiviosonoroluisaorru\/files\/\/home\/people\/wp-content\/blogs.dir\/52\/files\/\/2007\/10\/04-traccia-4.mp3?_=1\" \/><a href=\"http:\/\/people.unica.it\/archiviosonoroluisaorru\/files\/\/home\/people\/wp-content\/blogs.dir\/52\/files\/\/2007\/10\/04-traccia-4.mp3\">http:\/\/people.unica.it\/archiviosonoroluisaorru\/files\/\/home\/people\/wp-content\/blogs.dir\/52\/files\/\/2007\/10\/04-traccia-4.mp3<\/a><\/audio>\n<p><strong>R. <\/strong>E il bambino \u00e8 nato dopo quante ore dai primi dolori?<br \/>\n<strong>I. <\/strong><em>E&#8230; non s&#8217;\u00e8 stentau, no <\/em>(non ci ha messo tanto).<br \/>\n<strong>R. <\/strong><em>No s&#8217;esti&#8230;?<br \/>\n<\/em><strong>Int.<\/strong> <em>No s&#8217;\u00e8 stentau <\/em>(non ci ha messo tanto)<em>.<br \/>\n<\/em><strong>I. <\/strong><em>Faremmu, partoremmu luegusu, mi ben\u00ecanta dolorisi, non m&#8217;akkurriara manku sa maista. Su primu fillu, kandu\u00a0\u00e8 andau mariru miu a, a avvisai sa maista,\u00a0\u00e8 andau, kandu funti ben\u00ecusu, su pippiu fui nasciu puru&#8230; <\/em>(facevo&#8230;, partorivo velocemente, mi venivano i dolori, non faceva in tempo ad arrivare nemmeno la levatrice. Il primo figlio, quando\u00a0\u00e8 andato mio marito ad avvisare la levatrice,\u00a0\u00e8 andato, quando son venuti, il bambino era gi\u00e0\u00a0 nato).<em> <\/em><\/p>\n<p><strong>Capoterra, 25.11.2002, UR 1244 &#8211; USO 1205, lato A<br \/>\n<\/strong><strong>Rilevatrice: Stefania Pili<br \/>\n<\/strong><strong>Informatrice: Anna, nata nel 1913<br \/>\n<\/strong><strong>Persone presenti durante l&#8217;intervista: Intermediario (Int.)<\/strong><\/p>\n","protected":false},"excerpt":{"rendered":"<p>R. E il bambino \u00e8 nato dopo quante ore dai primi dolori? I. E&#8230; non s&#8217;\u00e8 stentau, no (non ci ha messo tanto). R. No s&#8217;esti&#8230;? Int. No s&#8217;\u00e8 stentau (non ci ha messo tanto). I. Faremmu, partoremmu luegusu, mi ben\u00ecanta dolorisi, non m&#8217;akkurriara manku sa maista. Su primu fillu, kandu\u00a0\u00e8 andau mariru miu a, a avvisai sa maista,\u00a0\u00e8 andau, kandu funti ben\u00ecusu, su pippiu fui nasciu puru&#8230; (facevo&#8230;, partorivo velocemente, mi venivano i dolori, non faceva in tempo ad arrivare nemmeno la levatrice. Il primo figlio, quando\u00a0\u00e8 andato mio marito ad avvisare la levatrice,\u00a0\u00e8 andato, quando son venuti, il <a href='https:\/\/people.unica.it\/archiviosonoroluisaorru\/news\/ciclo-riproduttivobiografie-di-donne-madri\/' class='excerpt-more'>[&#8230;]<\/a><\/p>\n","protected":false},"author":34,"featured_media":0,"parent":24,"menu_order":0,"comment_status":"closed","ping_status":"closed","template":"","meta":{"footnotes":""},"class_list":["post-82","page","type-page","status-publish","hentry","category-143-id","post-seq-1","post-parity-odd","meta-position-corners","fix"],"_links":{"self":[{"href":"https:\/\/people.unica.it\/archiviosonoroluisaorru\/wp-json\/wp\/v2\/pages\/82","targetHints":{"allow":["GET"]}}],"collection":[{"href":"https:\/\/people.unica.it\/archiviosonoroluisaorru\/wp-json\/wp\/v2\/pages"}],"about":[{"href":"https:\/\/people.unica.it\/archiviosonoroluisaorru\/wp-json\/wp\/v2\/types\/page"}],"author":[{"embeddable":true,"href":"https:\/\/people.unica.it\/archiviosonoroluisaorru\/wp-json\/wp\/v2\/users\/34"}],"replies":[{"embeddable":true,"href":"https:\/\/people.unica.it\/archiviosonoroluisaorru\/wp-json\/wp\/v2\/comments?post=82"}],"version-history":[{"count":2,"href":"https:\/\/people.unica.it\/archiviosonoroluisaorru\/wp-json\/wp\/v2\/pages\/82\/revisions"}],"predecessor-version":[{"id":234,"href":"https:\/\/people.unica.it\/archiviosonoroluisaorru\/wp-json\/wp\/v2\/pages\/82\/revisions\/234"}],"up":[{"embeddable":true,"href":"https:\/\/people.unica.it\/archiviosonoroluisaorru\/wp-json\/wp\/v2\/pages\/24"}],"wp:attachment":[{"href":"https:\/\/people.unica.it\/archiviosonoroluisaorru\/wp-json\/wp\/v2\/media?parent=82"}],"curies":[{"name":"wp","href":"https:\/\/api.w.org\/{rel}","templated":true}]}}