{"id":81,"date":"2007-02-22T18:48:20","date_gmt":"2007-02-22T18:48:20","guid":{"rendered":"http:\/\/people.unica.it\/archiviosonoroluisaorru\/news\/ciclo-riproduttivobiografie-di-levatrici-empiriche\/"},"modified":"2017-10-20T11:20:09","modified_gmt":"2017-10-20T11:20:09","slug":"ciclo-riproduttivobiografie-di-levatrici-empiriche","status":"publish","type":"page","link":"https:\/\/people.unica.it\/archiviosonoroluisaorru\/news\/ciclo-riproduttivobiografie-di-levatrici-empiriche\/","title":{"rendered":"Ciclo riproduttivo\/Biografie di levatrici empiriche"},"content":{"rendered":"<!--[if lt IE 9]><script>document.createElement('audio');<\/script><![endif]-->\n<audio class=\"wp-audio-shortcode\" id=\"audio-81-1\" preload=\"none\" style=\"width: 100%;\" controls=\"controls\"><source type=\"audio\/mpeg\" src=\"http:\/\/people.unica.it\/archiviosonoroluisaorru\/files\/\/home\/people\/wp-content\/blogs.dir\/52\/files\/\/2007\/03\/ribie.mp3?_=1\" \/><a href=\"http:\/\/people.unica.it\/archiviosonoroluisaorru\/files\/\/home\/people\/wp-content\/blogs.dir\/52\/files\/\/2007\/03\/ribie.mp3\">http:\/\/people.unica.it\/archiviosonoroluisaorru\/files\/\/home\/people\/wp-content\/blogs.dir\/52\/files\/\/2007\/03\/ribie.mp3<\/a><\/audio>\n<p><font face=\"Times New Roman\"><strong>I.<\/strong> Ed io le assistevo fino al quinto giorno, per fare il bagno al bambino ogni giorno&#8230; per cambiarlo, a loro: lavarle, farle tutto ci\u00f2 che era necessario farle&#8230; E a molte pulivo anche la casa (<strong>R:<\/strong> Cio\u00e8&#8230; ) e lavavo persino i panni.<br \/>\n<\/font><font face=\"Times New Roman\"><strong>R.<\/strong> Lo faceva lei?<br \/>\n<\/font><font face=\"Times New Roman\"><strong>I.<\/strong> <em>Sissi, sissi, sissi<\/em> anche quello. E di molte&#8230; ma questo adesso non del <em><u>medau<\/u><\/em>&#8230; l&#8217;ho fatto, e ce ne sono anche molte bisognose&#8230; mi toglievo persino la sottana e la sottana la tagliavo a teli per fare stracci per loro e per&#8230; Lo sa? Per quanti? Per quanti mi \u00e8 capitato? Bisognosa come ero, e Ges\u00f9 Cristo mi ha dato la forza di dare anche quello&#8230; Quando partivo da casa&#8230; perch\u00e9 si usava, noi usavamo lavarli&#8230; a lavare tutto, no!, con l&#8217;acquavite&#8230; Dico la verit\u00e0, che io la facevo in casa&#8230; dal po&#8217; di vino che facevo me ne facevo un pochino&#8230; anche acquavite. Allora mettevo la bottiglietta dell&#8217;acquavite in tasca&#8230; per forza con una tasca (ride) cos\u00ec&#8230; Questa. &#8220;Nascondi l\u00ec!&#8221;&#8230; E partivo. <u>Sa <em>korrieddha<\/em><\/u><em> <\/em>(la cordicella) fatta a casa (<strong>R:<\/strong> Per l&#8217;ombelico.) per l&#8217;ombelichino (<strong>R:<\/strong> Eppoi?), perch\u00e9 molte non riuscivano a trovare neanche un pezzo di filo (ride). Me lo ricordo: avvolta nella carta, la carta con la cenere, la cordicella l\u00ec. E conserva! Quando partivo avevo tutto questo. [&#8230;] <\/font><font face=\"Times New Roman\"><br \/>\nNon avevano nulla&#8230; E io press&#8217;a poco conoscevo le condizioni in cui vivevano: le prendevo il bucato, glielo lavavo, glielo riportavo pulito&#8230; A qualcuna&#8230; che avevo gallinelle, pure un pezzetto di carne per farle un pochino di brodo&#8230; E di questa acquavite ne davo a loro quando&#8230; molte la usavano anche cos\u00ec prima&#8230; quando era dura&#8230; nelle doglie le facevano bere un bicchiere d&#8217;acquavite&#8230; e le dava forza&#8230; il bicchiere d&#8217;acquavite d\u00e0\u00a0 la forza per far nascere la creatura. La creatura, dopo nata, dopo che la lavavo e la mettevo a posto, allora con uno straccetto le mettevo un pochino &#8230; nelle giunture delle ossa, guardi (<strong>R:<\/strong> Al&#8230; ) l&#8217;acquavite.<br \/>\n<\/font><font face=\"Times New Roman\"><strong>R.<\/strong> A chi? Alla mam&#8230; al bambino?<br \/>\n<\/font><font face=\"Times New Roman\"><strong>I.<\/strong> Al bambino.<br \/>\n<\/font><font face=\"Times New Roman\"><strong>R.<\/strong> Al bambino.<\/font><font face=\"Times New Roman\"> <\/font><\/p>\n<p><font face=\"Times New Roman\"><font face=\"Times New Roman\"><strong><font face=\"Times New Roman\">Masainas, 8 novembre 1984, UR 162 &#8211; USO 129, lato A (estratto di due minuti su tre ore di intervista)<br \/>\n<\/font><\/strong><strong><font face=\"Times New Roman\">Rilevatrice: Luisa Orr\u00f9<br \/>\n<\/font><\/strong><strong><font face=\"Times New Roman\">Informatrice: Adele, levatrice empirica nata nel 1905<\/font><\/strong><font face=\"Times New Roman\"> <\/font><\/font><\/font><\/p>\n","protected":false},"excerpt":{"rendered":"<p>I. Ed io le assistevo fino al quinto giorno, per fare il bagno al bambino ogni giorno&#8230; per cambiarlo, a loro: lavarle, farle tutto ci\u00f2 che era necessario farle&#8230; E a molte pulivo anche la casa (R: Cio\u00e8&#8230; ) e lavavo persino i panni. R. Lo faceva lei? I. Sissi, sissi, sissi anche quello. E di molte&#8230; ma questo adesso non del medau&#8230; l&#8217;ho fatto, e ce ne sono anche molte bisognose&#8230; mi toglievo persino la sottana e la sottana la tagliavo a teli per fare stracci per loro e per&#8230; Lo sa? Per quanti? Per quanti mi \u00e8 capitato? <a href='https:\/\/people.unica.it\/archiviosonoroluisaorru\/news\/ciclo-riproduttivobiografie-di-levatrici-empiriche\/' class='excerpt-more'>[&#8230;]<\/a><\/p>\n","protected":false},"author":34,"featured_media":0,"parent":24,"menu_order":0,"comment_status":"closed","ping_status":"closed","template":"","meta":{"footnotes":""},"class_list":["post-81","page","type-page","status-publish","hentry","category-143-id","post-seq-1","post-parity-odd","meta-position-corners","fix"],"_links":{"self":[{"href":"https:\/\/people.unica.it\/archiviosonoroluisaorru\/wp-json\/wp\/v2\/pages\/81","targetHints":{"allow":["GET"]}}],"collection":[{"href":"https:\/\/people.unica.it\/archiviosonoroluisaorru\/wp-json\/wp\/v2\/pages"}],"about":[{"href":"https:\/\/people.unica.it\/archiviosonoroluisaorru\/wp-json\/wp\/v2\/types\/page"}],"author":[{"embeddable":true,"href":"https:\/\/people.unica.it\/archiviosonoroluisaorru\/wp-json\/wp\/v2\/users\/34"}],"replies":[{"embeddable":true,"href":"https:\/\/people.unica.it\/archiviosonoroluisaorru\/wp-json\/wp\/v2\/comments?post=81"}],"version-history":[{"count":2,"href":"https:\/\/people.unica.it\/archiviosonoroluisaorru\/wp-json\/wp\/v2\/pages\/81\/revisions"}],"predecessor-version":[{"id":236,"href":"https:\/\/people.unica.it\/archiviosonoroluisaorru\/wp-json\/wp\/v2\/pages\/81\/revisions\/236"}],"up":[{"embeddable":true,"href":"https:\/\/people.unica.it\/archiviosonoroluisaorru\/wp-json\/wp\/v2\/pages\/24"}],"wp:attachment":[{"href":"https:\/\/people.unica.it\/archiviosonoroluisaorru\/wp-json\/wp\/v2\/media?parent=81"}],"curies":[{"name":"wp","href":"https:\/\/api.w.org\/{rel}","templated":true}]}}