{"id":79,"date":"2007-02-22T18:47:49","date_gmt":"2007-02-22T18:47:49","guid":{"rendered":"http:\/\/people.unica.it\/archiviosonoroluisaorru\/news\/ciclo-riproduttivo-generico\/"},"modified":"2017-10-20T11:19:21","modified_gmt":"2017-10-20T11:19:21","slug":"ciclo-riproduttivo-generico","status":"publish","type":"page","link":"https:\/\/people.unica.it\/archiviosonoroluisaorru\/news\/ciclo-riproduttivo-generico\/","title":{"rendered":"Ciclo riproduttivo (generico)"},"content":{"rendered":"<!--[if lt IE 9]><script>document.createElement('audio');<\/script><![endif]-->\n<audio class=\"wp-audio-shortcode\" id=\"audio-79-1\" preload=\"none\" style=\"width: 100%;\" controls=\"controls\"><source type=\"audio\/mpeg\" src=\"http:\/\/people.unica.it\/archiviosonoroluisaorru\/files\/\/home\/people\/wp-content\/blogs.dir\/52\/files\/\/2007\/10\/05-traccia-5.mp3?_=1\" \/><a href=\"http:\/\/people.unica.it\/archiviosonoroluisaorru\/files\/\/home\/people\/wp-content\/blogs.dir\/52\/files\/\/2007\/10\/05-traccia-5.mp3\">http:\/\/people.unica.it\/archiviosonoroluisaorru\/files\/\/home\/people\/wp-content\/blogs.dir\/52\/files\/\/2007\/10\/05-traccia-5.mp3<\/a><\/audio>\n<p><strong>R. <\/strong>Allora, se lo ricorda chi le aveva detto delle mestruazioni per la prima volta?<br \/>\n<strong>I. <\/strong>Un&#8217;amica<br \/>\n<strong>R. <\/strong>Un&#8217;amica. La mamma no?<br \/>\n<strong>I. <\/strong>No, no, no. Eh! ce l&#8217;avr\u00f2 avuto un&#8230; un sei mesi prima che lei se ne accorgesse, addirittura! perch\u00e9 stavo cucendo, capito? ed erano tutte ragazze pi\u00f9 grandi di me. Ed io questo lavoro lo facevo in laboratorio, per mezzo di queste amiche. Perch\u00e9&#8230; la stupidaggine, la vergogna.<br \/>\n<strong>R. <\/strong>E non aveva detto niente a sua madre?<br \/>\n<strong>I. <\/strong>E non avevo detto niente!<br \/>\n<strong><br \/>\nIglesias, 4.5.1988, UR 157 &#8211; USO 122, lato A<br \/>\n<\/strong><strong>Rilevatrice: Donata Congia<br \/>\n<\/strong><strong>Informatrice: Anna, nata nel 1924<\/strong><\/p>\n","protected":false},"excerpt":{"rendered":"<p>R. Allora, se lo ricorda chi le aveva detto delle mestruazioni per la prima volta? I. Un&#8217;amica R. Un&#8217;amica. La mamma no? I. No, no, no. Eh! ce l&#8217;avr\u00f2 avuto un&#8230; un sei mesi prima che lei se ne accorgesse, addirittura! perch\u00e9 stavo cucendo, capito? ed erano tutte ragazze pi\u00f9 grandi di me. Ed io questo lavoro lo facevo in laboratorio, per mezzo di queste amiche. Perch\u00e9&#8230; la stupidaggine, la vergogna. R. E non aveva detto niente a sua madre? I. E non avevo detto niente! Iglesias, 4.5.1988, UR 157 &#8211; USO 122, lato A Rilevatrice: Donata Congia Informatrice: Anna, <a href='https:\/\/people.unica.it\/archiviosonoroluisaorru\/news\/ciclo-riproduttivo-generico\/' class='excerpt-more'>[&#8230;]<\/a><\/p>\n","protected":false},"author":34,"featured_media":0,"parent":24,"menu_order":0,"comment_status":"closed","ping_status":"closed","template":"","meta":{"footnotes":""},"class_list":["post-79","page","type-page","status-publish","hentry","category-143-id","post-seq-1","post-parity-odd","meta-position-corners","fix"],"_links":{"self":[{"href":"https:\/\/people.unica.it\/archiviosonoroluisaorru\/wp-json\/wp\/v2\/pages\/79","targetHints":{"allow":["GET"]}}],"collection":[{"href":"https:\/\/people.unica.it\/archiviosonoroluisaorru\/wp-json\/wp\/v2\/pages"}],"about":[{"href":"https:\/\/people.unica.it\/archiviosonoroluisaorru\/wp-json\/wp\/v2\/types\/page"}],"author":[{"embeddable":true,"href":"https:\/\/people.unica.it\/archiviosonoroluisaorru\/wp-json\/wp\/v2\/users\/34"}],"replies":[{"embeddable":true,"href":"https:\/\/people.unica.it\/archiviosonoroluisaorru\/wp-json\/wp\/v2\/comments?post=79"}],"version-history":[{"count":1,"href":"https:\/\/people.unica.it\/archiviosonoroluisaorru\/wp-json\/wp\/v2\/pages\/79\/revisions"}],"predecessor-version":[{"id":232,"href":"https:\/\/people.unica.it\/archiviosonoroluisaorru\/wp-json\/wp\/v2\/pages\/79\/revisions\/232"}],"up":[{"embeddable":true,"href":"https:\/\/people.unica.it\/archiviosonoroluisaorru\/wp-json\/wp\/v2\/pages\/24"}],"wp:attachment":[{"href":"https:\/\/people.unica.it\/archiviosonoroluisaorru\/wp-json\/wp\/v2\/media?parent=79"}],"curies":[{"name":"wp","href":"https:\/\/api.w.org\/{rel}","templated":true}]}}