{"id":7,"date":"2007-01-19T17:09:59","date_gmt":"2007-01-19T17:09:59","guid":{"rendered":"http:\/\/people.unica.it\/archiviosonoroluisaorru\/progetto\/"},"modified":"2017-10-20T11:17:58","modified_gmt":"2017-10-20T11:17:58","slug":"progetto","status":"publish","type":"page","link":"https:\/\/people.unica.it\/archiviosonoroluisaorru\/progetto\/","title":{"rendered":"Progetto"},"content":{"rendered":"<p>Dal maggio 2016 l\u2019ASDALO, l\u2019Archivio Sonoro Demoantropologico Luisa Orr\u00f9, costituisce un fondo dell\u2019Archivio Storico dell\u2019Universit\u00e0 di Cagliari, di cui \u00e8 responsabile la prof.ssa Cecilia Tasca.<\/p>\n<p>Il progetto di salvaguardia e ordinamento dell\u2019ASDALO, coordinato da Fulvia Putzolu, \u00e8 stato avviato nel 2005-06. Hanno collaborato in quell\u2019anno: Anna Lecca, Grazia Loi, Anna Luigia Moica, Livia Monne, Annarita Perra, Stefania Pili, \u00a0Susanna Sitzia, Teresa Usala e i familiari di Luisa Orr\u00f9: Giovanni Di Malta, Carmina Orr\u00f9, Giovanna Orr\u00f9.<\/p>\n<p>Alla base del progetto di ricerca vi era la volont\u00e0 di conservare nel miglior modo possibile il materiale raccolto in oltre 20 anni di lavoro e il proposito di rendere consultabili nel tempo i materiali dell\u2019Archivio nel rispetto delle leggi sulla tutela dei dati personali.<\/p>\n<p>Per salvaguardare e ordinare l\u2019Archivio nell\u2019anno 2005-06 si \u00e8 proceduto seguendo tre direttive di intervento:<\/p>\n<ol>\n<li>salvaguardia e ordinamento dei documenti sonori:<br \/>\nsono state duplicate 300 audiocassette: su audiocassetta e su CD. Sia l\u2019originale che il duplicato sono stati catalogati in un modulo appositamente elaborato;<\/li>\n<li>salvaguardia e ordinamento dei documenti cartacei:<br \/>\nsono stati catalogati secondo moduli appositamente predisposti i documenti custoditi nelle cartelle;<\/li>\n<li>informatizzazione dell\u2019archivio:<br \/>\n\u00e8 stato realizzato questo sito.<\/li>\n<\/ol>\n<p>Nel 2007-2008 si \u00e8 completato l\u2019ordinamento delle inchieste relative alle biografie delle levatici empiriche e ostetriche condotte. Si \u00e8 trattato complessivamente di 77 interviste (65 a ostetriche condotte e 12 a levatrici empiriche) per oltre 150 ore di registrazione. Sono state completate le trascrizioni di queste interviste e sono state digitalizzate quelle gi\u00e0 trascritte di cui non si aveva copia digitale. Hanno collaborato alla realizzazione di questa parte del progetto Teresa Usala, Annarita Perra e Grazia Loi, col coordinamento di Fulvia Putzolu.<\/p>\n<p>Negli anni successivi si \u00e8 cominciato il <strong>riversamento su file audio MP3. <\/strong>Al momento attuale (novembre 2016) sono state riversate complessivamente 494 Unit\u00e0 Sonore, oltre un terzo di tutto il materiale sonoro presente in Archivio. Il lavoro di riversamento \u00e8 stato fatto da Enrico Spanu.<\/p>\n<p>Si \u00e8 realizzato, con la collaborazione della dott.ssa Valeria Flore, ricercatrice del Dipartimento di Sanit\u00e0 pubblica, medicina clinica e molecolare dell\u2019Universit\u00e0 di Cagliari, un <strong>Data Base Access<\/strong>, organizzato in tabelle correlate per <em>Unit\u00e0 di Rilevazione, Argomento<\/em>, <em>Informatori<\/em>, <em>Rilevatori<\/em>, <em>Localit\u00e0, Lingua,<\/em> <em>Trascrizioni<\/em>, <em>Unit\u00e0 sonora<\/em>, <em>Cartella e Tesi<\/em>. E\u2019 stato effettuato il collegamento ipertestuale con le trascrizioni digitalizzate e programmato il collegamento con i files audio.<\/p>\n<p>E\u2019 stata effettuata inoltre la <strong>digitalizzazione<\/strong> di tutto il <strong>materiale cartaceo<\/strong> contenuto nelle cartelle dell\u2019Archivio. Questo lavoro \u00e8 stato svolto da Salvatore Capra, funzionario tecnico del Dipartimento di Scienze della Vita e dell\u2019Ambiente.<\/p>\n<p>I documenti sonori originari sono attualmente conservati a cura dei familiari di Luisa Orr\u00f9; mentre il materiale sonoro duplicato e il materiale cartaceo si trovano presso la ex <a href=\"http:\/\/people.unica.it\/archiviosonoroluisaorru\/progetto\/istituto-di-parassitologia\/\">Sezione di Parassitologia<\/a> del Dipartimento di Scienze della Vita e dell\u2019Ambiente dell\u2019Universit\u00e0 di Cagliari, in attesa del trasferimento nei nuovi locali dell\u2019Archivio Storico.<\/p>\n<p style=\"text-align: center;\" align=\"center\"><strong>Con il contributo<\/strong><\/p>\n<p style=\"text-align: center;\" align=\"center\"><a title=\"Regione Autonoma della Sardegna\" href=\"http:\/\/www.regione.sardegna.it\"><img decoding=\"async\" src=\"http:\/\/people.unica.it\/archiviosonoroluisaorru\/files\/2007\/01\/logoregione.gif\" alt=\"Regione Autonoma della Sardegna\" width=\"201\" height=\"47\" \/><\/a><br \/>\nAssessorato della Pubblica Istruzione, beni culturali, informazione, spettacolo e sport<br \/>\n&#8220;Promozione e valorizzazione della cultura e della lingua della Sardegna&#8221;<br \/>\nL. R. 15.10.1997 n. 26, art. 13, esercizio finanziario 2005<\/p>\n<p style=\"text-align: center;\" align=\"center\"><a title=\"Universit\u00c3\u00a0 degli Studi di Cagliari\" href=\"http:\/\/www.unica.it\"><img decoding=\"async\" src=\"http:\/\/people.unica.it\/archiviosonoroluisaorru\/files\/2007\/01\/cagliari.gif\" alt=\"Universit\u00c3\u00a0 degli Studi di Cagliari\" width=\"93\" height=\"91\" \/><\/a><strong><br \/>\nUniversit\u00e0\u00a0 degli Studi di Cagliari<\/strong><br \/>\nProgetti di Ricerca Scientifica Locale (ex 60%)<\/p>\n<p style=\"text-align: center;\"><a href=\"http:\/\/people.unica.it\/archiviosonoroluisaorru\/files\/2007\/01\/araldica.gif\"><img decoding=\"async\" class=\"aligncenter size-full wp-image-149\" src=\"http:\/\/people.unica.it\/archiviosonoroluisaorru\/files\/2007\/01\/araldica.gif\" alt=\"araldica\" width=\"135\" height=\"104\" \/><\/a><strong>Provincia di Cagliari<\/strong><\/p>\n<p style=\"text-align: center;\" align=\"center\">Assessorato alla Cultura<\/p>\n<p style=\"text-align: center;\">&#8220;Promozione e valorizzazione della cultura e della lingua della Sardegna&#8221;<br \/>\nL. R. 15.10.1997 n. 26, art. 13, esercizio finanziario 2007<\/p>\n<p align=\"center\"><img decoding=\"async\" src=\"\/DOCUME%7E1\/User\/IMPOST%7E1\/Temp\/moz-screenshot.jpg\" alt=\"\" \/><\/p>\n<p><img decoding=\"async\" src=\"\/DOCUME%7E1\/User\/IMPOST%7E1\/Temp\/moz-screenshot-1.jpg\" alt=\"\" \/><\/p>\n","protected":false},"excerpt":{"rendered":"<p>Dal maggio 2016 l\u2019ASDALO, l\u2019Archivio Sonoro Demoantropologico Luisa Orr\u00f9, costituisce un fondo dell\u2019Archivio Storico dell\u2019Universit\u00e0 di Cagliari, di cui \u00e8 responsabile la prof.ssa Cecilia Tasca. Il progetto di salvaguardia e ordinamento dell\u2019ASDALO, coordinato da Fulvia Putzolu, \u00e8 stato avviato nel 2005-06. Hanno collaborato in quell\u2019anno: Anna Lecca, Grazia Loi, Anna Luigia Moica, Livia Monne, Annarita Perra, Stefania Pili, \u00a0Susanna Sitzia, Teresa Usala e i familiari di Luisa Orr\u00f9: Giovanni Di Malta, Carmina Orr\u00f9, Giovanna Orr\u00f9. Alla base del progetto di ricerca vi era la volont\u00e0 di conservare nel miglior modo possibile il materiale raccolto in oltre 20 anni di lavoro <a href='https:\/\/people.unica.it\/archiviosonoroluisaorru\/progetto\/' class='excerpt-more'>[&#8230;]<\/a><\/p>\n","protected":false},"author":1,"featured_media":0,"parent":0,"menu_order":50,"comment_status":"closed","ping_status":"closed","template":"","meta":{"footnotes":""},"class_list":["post-7","page","type-page","status-publish","hentry","category-143-id","post-seq-1","post-parity-odd","meta-position-corners","fix"],"_links":{"self":[{"href":"https:\/\/people.unica.it\/archiviosonoroluisaorru\/wp-json\/wp\/v2\/pages\/7","targetHints":{"allow":["GET"]}}],"collection":[{"href":"https:\/\/people.unica.it\/archiviosonoroluisaorru\/wp-json\/wp\/v2\/pages"}],"about":[{"href":"https:\/\/people.unica.it\/archiviosonoroluisaorru\/wp-json\/wp\/v2\/types\/page"}],"author":[{"embeddable":true,"href":"https:\/\/people.unica.it\/archiviosonoroluisaorru\/wp-json\/wp\/v2\/users\/1"}],"replies":[{"embeddable":true,"href":"https:\/\/people.unica.it\/archiviosonoroluisaorru\/wp-json\/wp\/v2\/comments?post=7"}],"version-history":[{"count":19,"href":"https:\/\/people.unica.it\/archiviosonoroluisaorru\/wp-json\/wp\/v2\/pages\/7\/revisions"}],"predecessor-version":[{"id":226,"href":"https:\/\/people.unica.it\/archiviosonoroluisaorru\/wp-json\/wp\/v2\/pages\/7\/revisions\/226"}],"wp:attachment":[{"href":"https:\/\/people.unica.it\/archiviosonoroluisaorru\/wp-json\/wp\/v2\/media?parent=7"}],"curies":[{"name":"wp","href":"https:\/\/api.w.org\/{rel}","templated":true}]}}