{"id":5,"date":"2007-01-19T17:04:22","date_gmt":"2007-01-19T17:04:22","guid":{"rendered":"http:\/\/people.unica.it\/archiviosonoroluisaorru\/inchieste\/"},"modified":"2017-10-20T11:09:20","modified_gmt":"2017-10-20T11:09:20","slug":"inchieste","status":"publish","type":"page","link":"https:\/\/people.unica.it\/archiviosonoroluisaorru\/inchieste\/","title":{"rendered":"Inchieste"},"content":{"rendered":"<p>Luisa Orr\u00f9, presentando il libro <em>Le piante nelle terapie tradizionali. Sardegna sud-occidentale<\/em>, cos\u00ec parlava dei temi di ricerca da lei affrontati:<\/p>\n<blockquote><p><em>Ho iniziato ad occuparmi di medicina popolare sarda nella seconda met\u00e0 degli anni &#8217;70 su sollecitazione di Joyce Lussu che coordinava un gruppo di studio facente capo al CISO (Centro Italiano di Storia Sanitaria e Ospitaliera). Al centro della ricerca del gruppo era &#8220;il ruolo delle donne nella storia della difesa della salute delle masse popolari&#8221;. <\/em>[&#8230;]<br \/>\n<em>Anni dopo avrei scelto il metodo biografico come quello pi\u00f9 adatto ad esplorare, dal punto di vista dei soggetti, aspetti altrimenti non altrettanto ben documentabili di medicina popolare e di antropologia medica. La mia prima intervista ad una levatrice empirica \u00e8 del 1982 e la parte della ricerca sul ciclo riproduttivo, su parto e nascita in Sardegna, basata su inchieste, \u00e8 impiantata sull&#8217;intervista biografica a levatrici empiriche, ostetriche, mamme, medici.<br \/>\nMa allora, nella seconda met\u00e0 degli anni &#8217;70, al momento del mio primo approccio alla medicina popolare nell&#8217;isola, non ero ancora matura per l&#8217;utilizzazione di questo strumento di indagine, volevo s\u00ec occuparmi &#8220;del ruolo delle donne nella storia della difesa della salute&#8221; ma non mi riusciva di farlo se non a partire da una considerazione, da una riflessione sullo stato degli studi sulla medicina popolare sarda, sentivo insomma l&#8217;esigenza di esplorare preliminarmente la bibliografia esistente sull&#8217;argomento.<br \/>\nDa questa prima ricognizione bibliografica ne dedussi che &#8220;il ruolo delle donne nella storia della difesa della salute&#8221; non era stato sufficientemente focalizzato, perch\u00e9 era rimasto fino ad allora in ombra, non documentato e studiato, l&#8217;aspetto empirico delle cure. Per\u00f2 l&#8217;empiria era o no importante nella medicina popolare sarda?<br \/>\nGiuseppe Vidossi nel 1935, basandosi sulla bibliografia fino ad allora disponibile, nel prendere in esame la situazione degli studi sulla medicina popolare in Italia, aveva affermato che la Sardegna, come in genere il Centro e il Mezzogiorno, appariva pi\u00f9 ricca di tradizioni mediche di tipo magico-religioso che non il resto d&#8217;Italia. E la Sardegna continuava ad apparire cos\u00ec, anche nella seconda met\u00e0 degli anni &#8217;70, nonostante la documentazione e gli studi apparsi nel frattempo, relativi sempre per\u00f2 agli aspetti magico-religiosi.<br \/>\nMa quanto di questa caratterizzazione era dovuto ad una situazione di fatto e quanto al modo di fare ricerca, alla preferenza accordata dagli autori agli aspetti magico-religiosi, pi\u00f9 &#8220;lontani&#8221;, &#8220;diversi&#8221;, &#8220;altri&#8221;, degli empirici rispetto alla medicina ufficiale?<br \/>\n&#8220;Buoni&#8221; temi di ricerca per verificare la rilevanza o meno dell&#8217;empiria nella medicina popolare sarda mi apparvero allora &#8220;le piante&#8221; da un lato e &#8220;il parto&#8221; dall&#8217;altro.<\/em> [&#8230;]<br \/>\n<em>Quanto alle piante, il progetto di ricerca matur\u00f2 lentamente e ha una storia tutta sua. Le prime interviste sull&#8217;utilizzazione delle piante nelle terapie tradizionali nella zona in cui abbiamo svolto l&#8217;indagine sono state effettuate nel 1988, a 10 anni circa di distanza dall&#8217;individuazione del tema &#8220;piante&#8221; come &#8220;buono&#8221; da indagare. In questo lungo intervallo si \u00e8 rinsaldato, pi\u00f9 che costituito, un gruppo di lavoro a carattere interdisciplinare. Le inchieste sulle piante sono iniziate quando Aldo Domenico Atzei, studioso di etnobotanica, ha assicurato la sua collaborazione, ma il gruppo di lavoro esisteva da prima. Si trattava di un gruppo interdisciplinare che progettava ed effettuava interventi di educazione sanitaria nelle scuole della fascia dell&#8217;obbligo, coordinato da Gerolama Rozzo, in cui gi\u00e0 operavano Teresa Usala e Fulvia Putzolu.<br \/>\nFui invitata a farne parte nel 1981 e da allora collaborai alle varie iniziative del gruppo fino a quando non si decise di sospendere momentaneamente gli interventi di educazione sanitaria per effettuare la ricerca sulla piante&#8230;<\/em><\/p><\/blockquote>\n<p>Luisa Orr\u00f9, mese della Cultura, appuntamenti organizzati dal <a title=\"vai al sito esterno\" href=\"http:\/\/www.gruppoonnigaza.it\/\">Gruppo Onnigaza<\/a>.<br \/>\nGhilarza, 16 Ottobre 1994<\/p>\n","protected":false},"excerpt":{"rendered":"<p>Luisa Orr\u00f9, presentando il libro Le piante nelle terapie tradizionali. Sardegna sud-occidentale, cos\u00ec parlava dei temi di ricerca da lei affrontati: Ho iniziato ad occuparmi di medicina popolare sarda nella seconda met\u00e0 degli anni &#8217;70 su sollecitazione di Joyce Lussu che coordinava un gruppo di studio facente capo al CISO (Centro Italiano di Storia Sanitaria e Ospitaliera). Al centro della ricerca del gruppo era &#8220;il ruolo delle donne nella storia della difesa della salute delle masse popolari&#8221;. [&#8230;] Anni dopo avrei scelto il metodo biografico come quello pi\u00f9 adatto ad esplorare, dal punto di vista dei soggetti, aspetti altrimenti non <a href='https:\/\/people.unica.it\/archiviosonoroluisaorru\/inchieste\/' class='excerpt-more'>[&#8230;]<\/a><\/p>\n","protected":false},"author":34,"featured_media":0,"parent":0,"menu_order":30,"comment_status":"closed","ping_status":"closed","template":"","meta":{"footnotes":""},"class_list":["post-5","page","type-page","status-publish","hentry","category-143-id","post-seq-1","post-parity-odd","meta-position-corners","fix"],"_links":{"self":[{"href":"https:\/\/people.unica.it\/archiviosonoroluisaorru\/wp-json\/wp\/v2\/pages\/5","targetHints":{"allow":["GET"]}}],"collection":[{"href":"https:\/\/people.unica.it\/archiviosonoroluisaorru\/wp-json\/wp\/v2\/pages"}],"about":[{"href":"https:\/\/people.unica.it\/archiviosonoroluisaorru\/wp-json\/wp\/v2\/types\/page"}],"author":[{"embeddable":true,"href":"https:\/\/people.unica.it\/archiviosonoroluisaorru\/wp-json\/wp\/v2\/users\/34"}],"replies":[{"embeddable":true,"href":"https:\/\/people.unica.it\/archiviosonoroluisaorru\/wp-json\/wp\/v2\/comments?post=5"}],"version-history":[{"count":1,"href":"https:\/\/people.unica.it\/archiviosonoroluisaorru\/wp-json\/wp\/v2\/pages\/5\/revisions"}],"predecessor-version":[{"id":212,"href":"https:\/\/people.unica.it\/archiviosonoroluisaorru\/wp-json\/wp\/v2\/pages\/5\/revisions\/212"}],"wp:attachment":[{"href":"https:\/\/people.unica.it\/archiviosonoroluisaorru\/wp-json\/wp\/v2\/media?parent=5"}],"curies":[{"name":"wp","href":"https:\/\/api.w.org\/{rel}","templated":true}]}}