{"id":47,"date":"2007-02-13T11:56:06","date_gmt":"2007-02-13T11:56:06","guid":{"rendered":"http:\/\/people.unica.it\/archiviosonoroluisaorru\/contatti\/"},"modified":"2026-04-14T13:52:54","modified_gmt":"2026-04-14T13:52:54","slug":"contatti","status":"publish","type":"page","link":"https:\/\/people.unica.it\/archiviosonoroluisaorru\/contatti\/","title":{"rendered":"Contatti"},"content":{"rendered":"\n<p>Archivio Sonoro Demo-Antropologico Luisa Orr\u00f9<br>Universit\u00e0 degli Studi di Cagliari<br>Archivio Storico dell&#8217;Universit\u00e0 di Cagliari<br>Dipartimento di Lettere, Lingue e Beni culturali<\/p>\n\n\n\n<p>Telefono: +39 070 6752125<br>Email: <a href=\"mailto:archiviostorico@unica.it\">archiviostorico@unica.it<\/a><\/p>\n\n\n\n<p>Per notizie sulla storia dell&#8217;archivio si pu\u00f2 inoltre contattare Fulvia Putzolu <a href=\"mailto:fulviaputzolu@gmail.com\">fulviaputzolu@gmail.com<\/a><\/p>\n","protected":false},"excerpt":{"rendered":"<p>Archivio Sonoro Demo-Antropologico Luisa Orr\u00f9Universit\u00e0 degli Studi di CagliariArchivio Storico dell&#8217;Universit\u00e0 di CagliariDipartimento di Lettere, Lingue e Beni culturali Telefono: +39 070 6752125Email: archiviostorico@unica.it Per notizie sulla storia dell&#8217;archivio si pu\u00f2 inoltre contattare Fulvia Putzolu fulviaputzolu@gmail.com<\/p>\n","protected":false},"author":34,"featured_media":0,"parent":0,"menu_order":150,"comment_status":"closed","ping_status":"closed","template":"","meta":{"footnotes":""},"class_list":["post-47","page","type-page","status-publish","hentry","category-143-id","post-seq-1","post-parity-odd","meta-position-corners","fix"],"_links":{"self":[{"href":"https:\/\/people.unica.it\/archiviosonoroluisaorru\/wp-json\/wp\/v2\/pages\/47","targetHints":{"allow":["GET"]}}],"collection":[{"href":"https:\/\/people.unica.it\/archiviosonoroluisaorru\/wp-json\/wp\/v2\/pages"}],"about":[{"href":"https:\/\/people.unica.it\/archiviosonoroluisaorru\/wp-json\/wp\/v2\/types\/page"}],"author":[{"embeddable":true,"href":"https:\/\/people.unica.it\/archiviosonoroluisaorru\/wp-json\/wp\/v2\/users\/34"}],"replies":[{"embeddable":true,"href":"https:\/\/people.unica.it\/archiviosonoroluisaorru\/wp-json\/wp\/v2\/comments?post=47"}],"version-history":[{"count":4,"href":"https:\/\/people.unica.it\/archiviosonoroluisaorru\/wp-json\/wp\/v2\/pages\/47\/revisions"}],"predecessor-version":[{"id":264,"href":"https:\/\/people.unica.it\/archiviosonoroluisaorru\/wp-json\/wp\/v2\/pages\/47\/revisions\/264"}],"wp:attachment":[{"href":"https:\/\/people.unica.it\/archiviosonoroluisaorru\/wp-json\/wp\/v2\/media?parent=47"}],"curies":[{"name":"wp","href":"https:\/\/api.w.org\/{rel}","templated":true}]}}