{"id":40,"date":"2007-02-11T17:10:15","date_gmt":"2007-02-11T17:10:15","guid":{"rendered":"http:\/\/people.unica.it\/archiviosonoroluisaorru\/luisa-orru\/bibliografia\/"},"modified":"2017-10-20T11:17:28","modified_gmt":"2017-10-20T11:17:28","slug":"bibliografia","status":"publish","type":"page","link":"https:\/\/people.unica.it\/archiviosonoroluisaorru\/luisa-orru\/bibliografia\/","title":{"rendered":"Bibliografia"},"content":{"rendered":"<p><strong>1977-1978<\/strong>, Orr\u00f9 Luisa, <em>Materiali per lo studio del Carnevale in Sardegna<\/em>. <em>Saggio di repertorio delle voci organizzazione e balli<\/em>, in &#8220;BRADS&#8221;, n. 8, pp. 33-60<br \/>\n<strong>1978<\/strong>, Orr\u00f9 Luisa, <em>Note per una ricerca in Sardegna<\/em>, in M. Temide Bergamaschi et al. (a cura di), <em>L&#8217;erba delle donne: maghe, streghe, guaritrici, la riscoperta di un&#8217;altra medicina<\/em>, Roma, Roberto Napoleone, pp. 125-136<br \/>\n<strong>1979<\/strong>, Orr\u00f9 Luisa, <em>Espressivit\u00e0 tradizionale e pittura murale colta<\/em>, in &#8220;La grotta della vipera&#8221;, a. IV, n. 14, pp. 46-55<br \/>\n<strong>1980<\/strong>, Orr\u00f9 Luisa, <em>Donna, casa e salute nella Sardegna tradizionale<\/em>, in &#8220;Quaderni Sardi di Storia&#8221;, I, pp. 167-178<br \/>\n<strong>1980-1981<\/strong>, Orr\u00f9 Luisa,<em> Materiali per lo studio del Carnevale in Sardegna<\/em>. <em>Saggio di repertorio della voce denominazioni<\/em>, in &#8220;Annali della Facolt\u00e0 di Lettere e Filosofia dell&#8217;Universit\u00e0 di Cagliari&#8221;, vol. III (XL), pp. 375-411<br \/>\n<strong>1981<\/strong>, Orr\u00f9 Luisa, <em>Materiali per lo studio del Carnevale in Sardegna<\/em>. <em>Saggio di repertorio della voce personificazioni<\/em>, in &#8220;BRADS&#8221;, 10, pp. 5-37<br \/>\n<strong>1981<\/strong>, Orr\u00f9 Luisa, <em>Scheda bibliografica: CLARA GALLINI,<\/em> <em>Intervista a Maria,<\/em> in &#8220;BRADS&#8221;, 10, p. 84<br \/>\n<strong>1982<\/strong>, Clemente Pietro e Orr\u00f9 Luisa, <em>Sondaggi sull&#8217;arte popolare<\/em>, in <em>Storia dell&#8217;arte italiana<\/em>, vol. XI, <em>Forme e modelli<\/em>, Torino, Einaudi, pp. 237-341<br \/>\n<strong>1982-1983<\/strong>, Orr\u00f9 Luisa, <em>Materiali per lo studio del Carnevale in Sardegna<\/em>. <em>Saggio di repertorio della voce maschere<\/em>, in &#8220;BRADS&#8221;, 11, pp. 41-84<br \/>\n<strong>1982-1983<\/strong>, Orr\u00f9 Luisa, <em>Materiali per lo studio del Carnevale in Sardegna<\/em>. <em>Saggio di repertorio della voce questue e doni<\/em>, in &#8220;Annali della Facolt\u00e0 di Lettere e Filosofia dell&#8217;Universit\u00e0 di Cagliari&#8221;, vol. IV-XLI, pp. 41-84<br \/>\n<strong>1984-1986<\/strong>, Orr\u00f9 Luisa,<em> Stato della documentazione e prospettive di ricerca sul ciclo riproduttivo in Sardegna<\/em>, in &#8220;BRADS&#8221;, n. 12-13, pp. 17-37<br \/>\n<strong>1986<\/strong>, Orr\u00f9 Luisa, <em>Il parto nella Sardegna tradizionale<\/em>, in AA. VV., <em>Il parto tra passato e presente: gesto e parola<\/em>, Atti del Convegno 29-30 gennaio 1985 Cagliari-Cittadella dei Musei, Cagliari, La Tarantola Edizioni pp. 25-44<br \/>\n<strong>1987-88<\/strong>, Orr\u00f9 Luisa (a cura di), <em>Materiali per lo studio del parto e del ciclo riproduttivo<\/em>, Dispensa, Cagliari, CUEC<br \/>\n<strong>1987-88<\/strong>, Orr\u00f9 Luisa, <em>Scritti su fonti orali, ricerca storica e demo-antropologica<\/em>, Dispensa, Cagliari CUEC<br \/>\n<strong>1988<\/strong>, Orr\u00f9 Luisa, <em>Ciclo riproduttivo e parto in Sardegna: aspetti e problemi<\/em>, in C. Valenti e G. Tore (a cura di), Sanit\u00e0 e Societ\u00e0 . Sicilia e Sardegna, Secoli XVI-XX, Udine, Casamassima, pp. 404-416<br \/>\n<strong>1988<\/strong>, Orr\u00f9 Luisa, Rozzo Gerolama, <em>Critical consideration on health experiences in Sardinia<\/em>, in I Conferencia Europea de Education para la Salud U. I. E. S. Actes II, Madrid, pp. 577-581<br \/>\n<strong>1988-89<\/strong>, Orr\u00f9 Luisa, (a cura di), <em>Scritti su soggettivit\u00e0 , autobiografie e scienze sociali<\/em>, Dispensa, Cagliari, CUEC<br \/>\n<strong>1989<\/strong>, <em>Carnevali tradizionali in Sardegna<\/em>, in M. Atzori, L. Orr\u00f9, P. Piquereddu, M. M. Satta (a cura di), <em>Il Carnevale in Sardegna<\/em>, introduzione di D. Carpitella, Sassari, 2D Editrice Mediterranea, pp. 201-227<br \/>\n<strong>1990<\/strong>, Orr\u00f9 Luisa, <em>Ritualit\u00e0 di grani e pani in Sardegna<\/em>, in &#8220;BRADS&#8221;, 14, pp. 43-61<br \/>\n<strong>1991<\/strong>, Orr\u00f9 Luisa,<em> Immaginario e ciclo riproduttivo in Sardegna<\/em>. <em>Voglie, mostri, streghe,<\/em> in G. Cerina, M. Domenichelli, P. Tucci, M. Virdis, (a cura di), <em>Metamorfosi, mostri, labirinti<\/em>, Roma, Bulzoni, pp. 139-169<br \/>\n<strong>1993<\/strong>, Atzei Aldo Domenico, Orr\u00f9 Luisa, Rozzo Gerolama, Usala Teresa, <em>Le piante nella tradizione terapeutica popolare della Sardegna sud-occidentale<\/em>, in &#8220;BRADS&#8221;, 15, pp. 73-90<br \/>\n<strong>1994a<\/strong>, Atzei Aldo Domenico, Orr\u00f9\u00b9 Luisa, Putzolu Fulvia, Rozzo Gerolama, Usala Teresa, <em>Le piante nelle terapie tradizionali<\/em>. <em>Sardegna sud-occidentale<\/em>, Cagliari, Stef<br \/>\n<strong>1994b<\/strong>, Orr\u00f9 Luisa e Putzolu Fulvia (a cura di), <em>Il parto e la nascita in Sardegna<\/em>. <em>Tradizione Medicalizzazione Ospedalizzazione<\/em>, Cagliari, Cuec<br \/>\n<strong>1996<\/strong>, Atzei Aldo Domenico, Orr\u00f9 Luisa, Putzolu Fulvia, Usala Teresa, <em>L&#8217;uso terapeutico delle piante nella tradizione popolare<\/em> (Sardegna centro-orientale) in Atti dell&#8217;VII Convegno della Societ\u00e0 Italiana di Fitochimica. <em>Alla ricerca della scoperta della digitale del Gennargentu<\/em>, Arzana, 1996<br \/>\n<strong>1996-97<\/strong>, Orr\u00f9 Luisa, (a cura di), <em>Medicina e magia in Sardegna<\/em>, Dispensa, Cagliari, CUEC<br \/>\n<strong>1999<\/strong>, Orr\u00f9 Luisa, <em>Maschere e doni, musiche e balli<\/em>. <em>Carnevale in Sardegna<\/em>, (a cura di F. Putzolu e T. Usala) Cagliari, CUEC<\/p>\n","protected":false},"excerpt":{"rendered":"<p>1977-1978, Orr\u00f9 Luisa, Materiali per lo studio del Carnevale in Sardegna. Saggio di repertorio delle voci organizzazione e balli, in &#8220;BRADS&#8221;, n. 8, pp. 33-60 1978, Orr\u00f9 Luisa, Note per una ricerca in Sardegna, in M. Temide Bergamaschi et al. (a cura di), L&#8217;erba delle donne: maghe, streghe, guaritrici, la riscoperta di un&#8217;altra medicina, Roma, Roberto Napoleone, pp. 125-136 1979, Orr\u00f9 Luisa, Espressivit\u00e0 tradizionale e pittura murale colta, in &#8220;La grotta della vipera&#8221;, a. IV, n. 14, pp. 46-55 1980, Orr\u00f9 Luisa, Donna, casa e salute nella Sardegna tradizionale, in &#8220;Quaderni Sardi di Storia&#8221;, I, pp. 167-178 1980-1981, Orr\u00f9 Luisa, <a href='https:\/\/people.unica.it\/archiviosonoroluisaorru\/luisa-orru\/bibliografia\/' class='excerpt-more'>[&#8230;]<\/a><\/p>\n","protected":false},"author":34,"featured_media":0,"parent":6,"menu_order":0,"comment_status":"closed","ping_status":"closed","template":"","meta":{"footnotes":""},"class_list":["post-40","page","type-page","status-publish","hentry","category-143-id","post-seq-1","post-parity-odd","meta-position-corners","fix"],"_links":{"self":[{"href":"https:\/\/people.unica.it\/archiviosonoroluisaorru\/wp-json\/wp\/v2\/pages\/40","targetHints":{"allow":["GET"]}}],"collection":[{"href":"https:\/\/people.unica.it\/archiviosonoroluisaorru\/wp-json\/wp\/v2\/pages"}],"about":[{"href":"https:\/\/people.unica.it\/archiviosonoroluisaorru\/wp-json\/wp\/v2\/types\/page"}],"author":[{"embeddable":true,"href":"https:\/\/people.unica.it\/archiviosonoroluisaorru\/wp-json\/wp\/v2\/users\/34"}],"replies":[{"embeddable":true,"href":"https:\/\/people.unica.it\/archiviosonoroluisaorru\/wp-json\/wp\/v2\/comments?post=40"}],"version-history":[{"count":1,"href":"https:\/\/people.unica.it\/archiviosonoroluisaorru\/wp-json\/wp\/v2\/pages\/40\/revisions"}],"predecessor-version":[{"id":223,"href":"https:\/\/people.unica.it\/archiviosonoroluisaorru\/wp-json\/wp\/v2\/pages\/40\/revisions\/223"}],"up":[{"embeddable":true,"href":"https:\/\/people.unica.it\/archiviosonoroluisaorru\/wp-json\/wp\/v2\/pages\/6"}],"wp:attachment":[{"href":"https:\/\/people.unica.it\/archiviosonoroluisaorru\/wp-json\/wp\/v2\/media?parent=40"}],"curies":[{"name":"wp","href":"https:\/\/api.w.org\/{rel}","templated":true}]}}