{"id":4,"date":"2007-01-19T16:08:03","date_gmt":"2007-01-19T16:08:03","guid":{"rendered":"http:\/\/people.unica.it\/archiviosonoroluisaorru\/archivio\/"},"modified":"2017-10-20T11:04:08","modified_gmt":"2017-10-20T11:04:08","slug":"archivio","status":"publish","type":"page","link":"https:\/\/people.unica.it\/archiviosonoroluisaorru\/archivio\/","title":{"rendered":"L&#8217;Archivio"},"content":{"rendered":"<p align=\"justify\"><strong><a title=\"ingrandisci\" href=\"http:\/\/people.unica.it\/archiviosonoroluisaorru\/files\/2007\/02\/archivio3.jpg\"><img decoding=\"async\" src=\"http:\/\/people.unica.it\/archiviosonoroluisaorru\/files\/2007\/02\/archivio3.miniatura.jpg\" alt=\"Ingrandisci\" align=\"right\" \/><\/a>Le fonti orali che costituiscono il materiale sonoro di questo Archivio sono frutto del lavoro scientifico e didattico dell&#8217;antropologa Luisa Orr\u00f9<\/strong>. Riguardano temi di antropologia culturale, principalmente di antropologia medica, per lo pi\u00f9 indagati <em>dall&#8217;angolo prospettico dell&#8217;oralit\u00e0 biografica, perch\u00e8 esso ci \u00e8 sembrato il pi\u00f9 idoneo per la conoscenza &#8216;dal punto di vista dei soggetti&#8217; <\/em>.<\/p>\n<p align=\"justify\"><a title=\"ingrandisci\" href=\"http:\/\/people.unica.it\/archiviosonoroluisaorru\/files\/2007\/02\/archivio.jpg\"><strong><img decoding=\"async\" src=\"http:\/\/people.unica.it\/archiviosonoroluisaorru\/files\/2007\/02\/archivio.miniatura.jpg\" alt=\"Ingrandisci\" align=\"left\" \/><\/strong><\/a>Consapevole della validit\u00e0 delle fonti orali non solo per l&#8217;ambito di indagine per cui si producono ma anche per studi futuri, nell&#8217;anno accademico 1986-87, Luisa Orr\u00f9 istituisce l&#8217;<strong>ASACL\/CA<\/strong><em>, Archivio sonoro della Cattedra di Antropologia Culturale della Facolt\u00e0 di Lettere e Filosofia dell&#8217;Universit\u00e0 di Cagliari<\/em>.<br \/>\nNel 2004 si \u00e8 costituito il Gruppo di salvaguardia e ordinamento di questo Archivio che decide di rinominare l&#8217;<em>ASACL\/CA<\/em>, in onore della sua fondatrice scomparsa nel 1998, <strong>Archivio Sonoro Demo-Antropologico Luisa Orr\u00f9<\/strong>.<\/p>\n","protected":false},"excerpt":{"rendered":"<p>Le fonti orali che costituiscono il materiale sonoro di questo Archivio sono frutto del lavoro scientifico e didattico dell&#8217;antropologa Luisa Orr\u00f9. Riguardano temi di antropologia culturale, principalmente di antropologia medica, per lo pi\u00f9 indagati dall&#8217;angolo prospettico dell&#8217;oralit\u00e0 biografica, perch\u00e8 esso ci \u00e8 sembrato il pi\u00f9 idoneo per la conoscenza &#8216;dal punto di vista dei soggetti&#8217; . Consapevole della validit\u00e0 delle fonti orali non solo per l&#8217;ambito di indagine per cui si producono ma anche per studi futuri, nell&#8217;anno accademico 1986-87, Luisa Orr\u00f9 istituisce l&#8217;ASACL\/CA, Archivio sonoro della Cattedra di Antropologia Culturale della Facolt\u00e0 di Lettere e Filosofia dell&#8217;Universit\u00e0 di Cagliari. <a href='https:\/\/people.unica.it\/archiviosonoroluisaorru\/archivio\/' class='excerpt-more'>[&#8230;]<\/a><\/p>\n","protected":false},"author":34,"featured_media":0,"parent":0,"menu_order":20,"comment_status":"closed","ping_status":"closed","template":"","meta":{"footnotes":""},"class_list":["post-4","page","type-page","status-publish","hentry","category-143-id","post-seq-1","post-parity-odd","meta-position-corners","fix"],"_links":{"self":[{"href":"https:\/\/people.unica.it\/archiviosonoroluisaorru\/wp-json\/wp\/v2\/pages\/4","targetHints":{"allow":["GET"]}}],"collection":[{"href":"https:\/\/people.unica.it\/archiviosonoroluisaorru\/wp-json\/wp\/v2\/pages"}],"about":[{"href":"https:\/\/people.unica.it\/archiviosonoroluisaorru\/wp-json\/wp\/v2\/types\/page"}],"author":[{"embeddable":true,"href":"https:\/\/people.unica.it\/archiviosonoroluisaorru\/wp-json\/wp\/v2\/users\/34"}],"replies":[{"embeddable":true,"href":"https:\/\/people.unica.it\/archiviosonoroluisaorru\/wp-json\/wp\/v2\/comments?post=4"}],"version-history":[{"count":1,"href":"https:\/\/people.unica.it\/archiviosonoroluisaorru\/wp-json\/wp\/v2\/pages\/4\/revisions"}],"predecessor-version":[{"id":206,"href":"https:\/\/people.unica.it\/archiviosonoroluisaorru\/wp-json\/wp\/v2\/pages\/4\/revisions\/206"}],"wp:attachment":[{"href":"https:\/\/people.unica.it\/archiviosonoroluisaorru\/wp-json\/wp\/v2\/media?parent=4"}],"curies":[{"name":"wp","href":"https:\/\/api.w.org\/{rel}","templated":true}]}}