{"id":38,"date":"2007-02-04T11:46:00","date_gmt":"2007-02-04T11:46:00","guid":{"rendered":"http:\/\/people.unica.it\/archiviosonoroluisaorru\/inchieste\/pubblicazioni-del-gruppo-di-ricerca\/"},"modified":"2017-10-20T11:11:42","modified_gmt":"2017-10-20T11:11:42","slug":"pubblicazioni-del-gruppo-di-ricerca","status":"publish","type":"page","link":"https:\/\/people.unica.it\/archiviosonoroluisaorru\/inchieste\/rilevatori\/pubblicazioni-del-gruppo-di-ricerca\/","title":{"rendered":"Pubblicazioni del Gruppo di Ricerca"},"content":{"rendered":"<p><em>Luisa Orr\u00f9<\/em>, antropologa, gi\u00e0 professore associato nella Facolt\u00e0 di Lettere e Filosofia dell&#8217;Universit\u00e0 di Cagliari, <em>Aldo Domenico Atzei<\/em>, botanico, dell&#8217;Ordine dei Frati Minori, ex professore associato all&#8217;Universit\u00e0 di Sassari, <em>Fulvia Putzolu<\/em>, ricercatrice in discipline demoetnoantropologiche nella Facolt\u00e0 di Medicina dell&#8217;Universit\u00e0 di Cagliari, <em>Gerolama Rozzo<\/em>, biologa, gi\u00e0 ricercatrice in Microbiologia nella Facol\u00e0 di Medicina dell&#8217;Universit\u00e0 di Cagliari, <em>Teresa Usala<\/em>, naturalista, insegnante.<\/p>\n<p><strong>ORRU&#8217; LUISA e ROZZO GEROLAMA<\/strong>, <em>Critical consideration on health experiences in Sardinia<\/em>, in I Conferencia Europea de Education para la Salud U. I. E. S. Actes II, Madrid, 1988<\/p>\n<p><strong>ATZEI ALDO DOMENICO, ORRU&#8217; LUISA, ROZZO GEROLAMA, USALA TERESA<\/strong>, <em>Le piante nella tradizione terapeutica popolare della Sardegna sud-occidentale<\/em>, in &#8220;BRADS&#8221;, 15, 1993<\/p>\n<p><strong>ATZEI ALDO DOMENICO, ORRU&#8217; LUISA, PUTZOLU FULVIA, ROZZO GEROLAMA e USALA TERESA<\/strong>, <em>Le piante nelle terapie tradizionali. Sardegna sud-occidentale<\/em>, Cagliari, STEF, 1994; II edizione riveduta e corretta, Cagliari, Ed. Della Torre, 2004<br \/>\n<a href=\"http:\/\/people.unica.it\/archiviosonoroluisaorru\/files\/2007\/02\/image00045354365.JPG\"><img decoding=\"async\" src=\"http:\/\/people.unica.it\/archiviosonoroluisaorru\/files\/2007\/02\/image00045354365.miniatura.JPG\" \/><\/a> <a href=\"http:\/\/people.unica.it\/archiviosonoroluisaorru\/files\/2007\/02\/image0fgfdgd003.JPG\"><img decoding=\"async\" src=\"http:\/\/people.unica.it\/archiviosonoroluisaorru\/files\/2007\/02\/image0fgfdgd003.miniatura.JPG\" \/><\/a><\/p>\n<p><strong>ORRU&#8217; LUISA e PUTZOLU FULVIA<\/strong> (a cura di), <em>Parto e nascita in Sardegna. Tradizione, medicalizzazione e ospedalizzazione<\/em>, Cagliari, Cuec, 1994<br \/>\n<a title=\"Ingrandisci\" href=\"http:\/\/people.unica.it\/archiviosonoroluisaorru\/files\/2007\/03\/parto-e-nascita-in-sardegna.JPG\"><img decoding=\"async\" src=\"http:\/\/people.unica.it\/archiviosonoroluisaorru\/files\/2007\/03\/parto-e-nascita-in-sardegna.miniatura.JPG\" alt=\"Ingrandisci\" \/><\/a><a title=\"ingrandisci\" href=\"http:\/\/people.unica.it\/archiviosonoroluisaorru\/files\/2007\/02\/image0004.JPG\"><br \/>\n<\/a><\/p>\n<p><strong>ATZEI ALDO DOMENICO, ORRU&#8217; LUISA, PUTZOLU FULVIA, USALA TERESA<\/strong>, <em>L&#8217;uso terapeutico delle piante nella tradizione popolare (Sardegna centro-orientale)<\/em> in Atti dell&#8217;VII Convegno della Societ\u00e0 Italiana di Fitochimica. Alla ricerca della scoperta della digitale del Gennargentu, Arzana, 1996<\/p>\n<p><strong>ORRU&#8217; LUISA<\/strong>, <em>Maschere, doni, musiche e balli. Carnevale in Sardegna<\/em> (a cura di PUTZOLU FULVIA e USALA TERESA), Cagliari, Cuec, 1999<br \/>\n<a href=\"http:\/\/people.unica.it\/archiviosonoroluisaorru\/files\/2007\/02\/imagfgfdgge0001.jpg\"><img decoding=\"async\" src=\"http:\/\/people.unica.it\/archiviosonoroluisaorru\/files\/2007\/02\/imagfgfdgge0001.miniatura.jpg\" \/><\/a><\/p>\n<p><strong>ATZEI ALDO DOMENICO<\/strong>, <em>Le piante nella tradizione popolare della Sardegna<\/em>, (<em>Soggettario<\/em> a cura di PUTZOLU FULVIA e USALA TERESA), Sassari, Delfino, 2003<br \/>\n<a href=\"http:\/\/people.unica.it\/archiviosonoroluisaorru\/files\/2007\/02\/imagecvbfdgbdb0002.jpg\"><img decoding=\"async\" src=\"http:\/\/people.unica.it\/archiviosonoroluisaorru\/files\/2007\/02\/imagecvbfdgbdb0002.miniatura.jpg\" \/><\/a><\/p>\n<p><strong>PUTZOLU FULVIA e USALA TERESA<\/strong>, <em>Les plantes de la tradition populaire de la Sardaigne: presentation de la recherche du P\u00e8re Aldo Domenico Atzei<\/em>, 8\u00b0 Symposium International d&#8217;Aromath\u00e9rapie et Plantes M\u00e9dicinales, Grasse, 2006<\/p>\n<p><strong>PUTZOLU FULVIA<\/strong>, <em>Is levadoras, Levatrici della Sardegna tra Ottocento e Novecento<\/em>, Cagliari, CUEC, 2006<br \/>\n<a href=\"http:\/\/people.unica.it\/archiviosonoroluisaorru\/files\/2007\/02\/image0007.JPG\"><img decoding=\"async\" src=\"http:\/\/people.unica.it\/archiviosonoroluisaorru\/files\/2007\/02\/image0007.miniatura.JPG\" \/><\/a><\/p>\n","protected":false},"excerpt":{"rendered":"<p>Luisa Orr\u00f9, antropologa, gi\u00e0 professore associato nella Facolt\u00e0 di Lettere e Filosofia dell&#8217;Universit\u00e0 di Cagliari, Aldo Domenico Atzei, botanico, dell&#8217;Ordine dei Frati Minori, ex professore associato all&#8217;Universit\u00e0 di Sassari, Fulvia Putzolu, ricercatrice in discipline demoetnoantropologiche nella Facolt\u00e0 di Medicina dell&#8217;Universit\u00e0 di Cagliari, Gerolama Rozzo, biologa, gi\u00e0 ricercatrice in Microbiologia nella Facol\u00e0 di Medicina dell&#8217;Universit\u00e0 di Cagliari, Teresa Usala, naturalista, insegnante. ORRU&#8217; LUISA e ROZZO GEROLAMA, Critical consideration on health experiences in Sardinia, in I Conferencia Europea de Education para la Salud U. I. E. S. Actes II, Madrid, 1988 ATZEI ALDO DOMENICO, ORRU&#8217; LUISA, ROZZO GEROLAMA, USALA TERESA, Le piante <a href='https:\/\/people.unica.it\/archiviosonoroluisaorru\/inchieste\/rilevatori\/pubblicazioni-del-gruppo-di-ricerca\/' class='excerpt-more'>[&#8230;]<\/a><\/p>\n","protected":false},"author":34,"featured_media":0,"parent":14,"menu_order":10,"comment_status":"closed","ping_status":"closed","template":"","meta":{"footnotes":""},"class_list":["post-38","page","type-page","status-publish","hentry","category-143-id","post-seq-1","post-parity-odd","meta-position-corners","fix"],"_links":{"self":[{"href":"https:\/\/people.unica.it\/archiviosonoroluisaorru\/wp-json\/wp\/v2\/pages\/38","targetHints":{"allow":["GET"]}}],"collection":[{"href":"https:\/\/people.unica.it\/archiviosonoroluisaorru\/wp-json\/wp\/v2\/pages"}],"about":[{"href":"https:\/\/people.unica.it\/archiviosonoroluisaorru\/wp-json\/wp\/v2\/types\/page"}],"author":[{"embeddable":true,"href":"https:\/\/people.unica.it\/archiviosonoroluisaorru\/wp-json\/wp\/v2\/users\/34"}],"replies":[{"embeddable":true,"href":"https:\/\/people.unica.it\/archiviosonoroluisaorru\/wp-json\/wp\/v2\/comments?post=38"}],"version-history":[{"count":1,"href":"https:\/\/people.unica.it\/archiviosonoroluisaorru\/wp-json\/wp\/v2\/pages\/38\/revisions"}],"predecessor-version":[{"id":217,"href":"https:\/\/people.unica.it\/archiviosonoroluisaorru\/wp-json\/wp\/v2\/pages\/38\/revisions\/217"}],"up":[{"embeddable":true,"href":"https:\/\/people.unica.it\/archiviosonoroluisaorru\/wp-json\/wp\/v2\/pages\/14"}],"wp:attachment":[{"href":"https:\/\/people.unica.it\/archiviosonoroluisaorru\/wp-json\/wp\/v2\/media?parent=38"}],"curies":[{"name":"wp","href":"https:\/\/api.w.org\/{rel}","templated":true}]}}