{"id":3,"date":"2007-01-19T16:05:54","date_gmt":"2007-01-19T16:05:54","guid":{"rendered":"http:\/\/people.unica.it\/archiviosonoroluisaorru\/home\/"},"modified":"2017-10-20T10:36:47","modified_gmt":"2017-10-20T10:36:47","slug":"home","status":"publish","type":"page","link":"https:\/\/people.unica.it\/archiviosonoroluisaorru\/","title":{"rendered":"Home"},"content":{"rendered":"<blockquote><p><em>E&#8217; consuetudine in vari settori disciplinari, quando su un determinato argomento non se ne sa abbastanza, quando cio\u00e8 le fonti bibliografiche disponibili tacciono o, pi\u00f9 che soddisfare, stimolano il desiderio di conoscenza con la scarsezza o l&#8217;ambiguit\u00e0 di ci\u00f2 che offrono, \u00abprodurre\u00bb le proprie fonti.<\/em><\/p><\/blockquote>\n<p align=\"right\"><strong>Luisa Orr\u00f9<\/strong><\/p>\n<p>Documento sonoro: <a title=\"vai alla pagina\" href=\"http:\/\/people.unica.it\/archiviosonoroluisaorru\/home\/intervista\/\">trascrizione\/traduzione<\/a><\/p>\n<!--[if lt IE 9]><script>document.createElement('audio');<\/script><![endif]-->\n<audio class=\"wp-audio-shortcode\" id=\"audio-3-1\" preload=\"none\" style=\"width: 100%;\" controls=\"controls\"><source type=\"audio\/mpeg\" src=\"http:\/\/people.unica.it\/archiviosonoroluisaorru\/files\/\/home\/people\/wp-content\/blogs.dir\/52\/files\/\/2007\/03\/homepage1.mp3?_=1\" \/><a href=\"http:\/\/people.unica.it\/archiviosonoroluisaorru\/files\/\/home\/people\/wp-content\/blogs.dir\/52\/files\/\/2007\/03\/homepage1.mp3\">http:\/\/people.unica.it\/archiviosonoroluisaorru\/files\/\/home\/people\/wp-content\/blogs.dir\/52\/files\/\/2007\/03\/homepage1.mp3<\/a><\/audio>\n","protected":false},"excerpt":{"rendered":"<p>E&#8217; consuetudine in vari settori disciplinari, quando su un determinato argomento non se ne sa abbastanza, quando cio\u00e8 le fonti bibliografiche disponibili tacciono o, pi\u00f9 che soddisfare, stimolano il desiderio di conoscenza con la scarsezza o l&#8217;ambiguit\u00e0 di ci\u00f2 che offrono, \u00abprodurre\u00bb le proprie fonti. Luisa Orr\u00f9 Documento sonoro: trascrizione\/traduzione<\/p>\n","protected":false},"author":34,"featured_media":0,"parent":0,"menu_order":10,"comment_status":"closed","ping_status":"closed","template":"","meta":{"footnotes":""},"class_list":["post-3","page","type-page","status-publish","hentry","category-143-id","post-seq-1","post-parity-odd","meta-position-corners","fix"],"_links":{"self":[{"href":"https:\/\/people.unica.it\/archiviosonoroluisaorru\/wp-json\/wp\/v2\/pages\/3","targetHints":{"allow":["GET"]}}],"collection":[{"href":"https:\/\/people.unica.it\/archiviosonoroluisaorru\/wp-json\/wp\/v2\/pages"}],"about":[{"href":"https:\/\/people.unica.it\/archiviosonoroluisaorru\/wp-json\/wp\/v2\/types\/page"}],"author":[{"embeddable":true,"href":"https:\/\/people.unica.it\/archiviosonoroluisaorru\/wp-json\/wp\/v2\/users\/34"}],"replies":[{"embeddable":true,"href":"https:\/\/people.unica.it\/archiviosonoroluisaorru\/wp-json\/wp\/v2\/comments?post=3"}],"version-history":[{"count":3,"href":"https:\/\/people.unica.it\/archiviosonoroluisaorru\/wp-json\/wp\/v2\/pages\/3\/revisions"}],"predecessor-version":[{"id":203,"href":"https:\/\/people.unica.it\/archiviosonoroluisaorru\/wp-json\/wp\/v2\/pages\/3\/revisions\/203"}],"wp:attachment":[{"href":"https:\/\/people.unica.it\/archiviosonoroluisaorru\/wp-json\/wp\/v2\/media?parent=3"}],"curies":[{"name":"wp","href":"https:\/\/api.w.org\/{rel}","templated":true}]}}