{"id":18,"date":"2007-01-19T18:52:17","date_gmt":"2007-01-19T18:52:17","guid":{"rendered":"http:\/\/people.unica.it\/archiviosonoroluisaorru\/inchieste\/informatori\/localita\/"},"modified":"2017-10-20T11:11:22","modified_gmt":"2017-10-20T11:11:22","slug":"localita","status":"publish","type":"page","link":"https:\/\/people.unica.it\/archiviosonoroluisaorru\/inchieste\/informatori\/localita\/","title":{"rendered":"Localit\u00e0"},"content":{"rendered":"<p><strong><a href=\"http:\/\/people.unica.it\/archiviosonoroluisaorru\/inchieste\/informatori\/localita\/distribuzione-rilevazioni\/\"><img decoding=\"async\" src=\"http:\/\/people.unica.it\/archiviosonoroluisaorru\/files\/2007\/10\/distribuzione_rilevazioni_p.jpg\" alt=\"distribuzione_rilevazioni_p.jpg\" width=\"193\" height=\"206\" align=\"right\" hspace=\"20\" vspace=\"20\" \/><\/a>Le interviste conservate nell&#8217;Archivio sono state rilevate in <a href=\"http:\/\/people.unica.it\/archiviosonoroluisaorru\/inchieste\/informatori\/localita\/distribuzione-rilevazioni\/\">114 localit\u00e0 <\/a>della Sardegna<\/strong>.<br \/>\nLe localit\u00e0 interessate alle inchieste sono in numero superiore a quello indicato, alcuni informatori, infatti, erano originari di paesi diversi da quello in cui sono stati intervistati e in molti casi hanno fatto riferimento a pi\u00f9 localit\u00e0: le ostetriche intervistate nella citt\u00e0 o paese di residenza, ad esempio, hanno riportato nei loro racconti le esperienze vissute nei vari paesi in cui avevano lavorato.<\/p>\n<p>Sono rappresentate in maniera significativa le province di Cagliari, Carbonia-Iglesias, Medio Campidano, Nuoro e Ogliastra; meno rappresentata la provincia di Olbia-Tempio. Non ci sono attualmente attestazioni sonore per la provincia di Sassari per la quale esistono comunque alcune relazioni di inchiesta.<\/p>\n<ul>\n<li><strong>Provincia di Cagliari<\/strong><\/li>\n<\/ul>\n<p>Armungia, Barrali, Burcei, Cagliari, Capoterra, Dolianova, Donori, Esterzili, Mandas, Maracalagonis, Monastir, Monserrato, Nurallao, Orroli, Quartucciu, Quartu Sant&#8217;Elena, Sadali, Samatzai, San Sperate, San Vito, Selargius, Serdiana, Sestu, Settimo San Pietro, Siliqua, Silius, Sinnai, Suelli, Teulada, Uta, Vallermosa, Villasalto, Villasimius, Villasor, Villaspeciosa<\/p>\n<ul>\n<li><strong>Provincia di Carbonia-Iglesias<\/strong><\/li>\n<\/ul>\n<p>Calasetta, Carbonia, Domusnovas, Fluminimaggiore, Giba, Gonnesa, Iglesias, Masainas, Musei, Narcao, Piscinas, Portoscuso, San Giovanni Suergiu, Santadi, Sant&#8217;Anna Arresi, Sant&#8217;Antioco, Tratalias, Villamassargia<\/p>\n<ul>\n<li><strong>Provincia del Medio Campidano<\/strong><\/li>\n<\/ul>\n<p>Arbus, Gesturi, Gonnosfanadiga, Guspini, Pabillonis, Samassi, San Gavino Monreale, Sanluri, Segariu, Serramanna, Villacidro<\/p>\n<ul>\n<li><strong>Provincia di Nuoro<\/strong><\/li>\n<\/ul>\n<p>Bitti, Bolotana, Bortigali, Desulo, Fonni, Gadoni, Gavoi, Irgoli, Lodine, Macomer, Meana Sardo, Nuoro, Oliena, Orgosolo, Orune, Ottana, Sindia, Siniscola, Teti, Tonara<\/p>\n<ul>\n<li><strong>Provincia di Ogliastra<\/strong><\/li>\n<\/ul>\n<p>Arzana, Barisardo, Baunei, Cardedu, Ilbono, Jerzu, Lanusei, Loceri, Perdasdefogu, Seui, Tertenia, Tortol\u00ec, Ulassai, Ussassai<\/p>\n<ul>\n<li><strong>Provincia di Oristano<\/strong><\/li>\n<\/ul>\n<p>Aidomaggiore, Busachi, Cabras, Cuglieri, Ghilarza, Mogoro, Morgongiori, Narbolia, Nureci, Oristano, Pau, Paulilatino, S. Nicol\u00f2 Arcidano, Seneghe, Tadasuni, Terralba, Usellus<\/p>\n<ul>\n<li><strong>Provincia di Olbia-Tempio<\/strong><\/li>\n<\/ul>\n<p>Aggius, Arzachena, La Maddalena<\/p>\n","protected":false},"excerpt":{"rendered":"<p>Le interviste conservate nell&#8217;Archivio sono state rilevate in 114 localit\u00e0 della Sardegna. Le localit\u00e0 interessate alle inchieste sono in numero superiore a quello indicato, alcuni informatori, infatti, erano originari di paesi diversi da quello in cui sono stati intervistati e in molti casi hanno fatto riferimento a pi\u00f9 localit\u00e0: le ostetriche intervistate nella citt\u00e0 o paese di residenza, ad esempio, hanno riportato nei loro racconti le esperienze vissute nei vari paesi in cui avevano lavorato. Sono rappresentate in maniera significativa le province di Cagliari, Carbonia-Iglesias, Medio Campidano, Nuoro e Ogliastra; meno rappresentata la provincia di Olbia-Tempio. Non ci sono attualmente <a href='https:\/\/people.unica.it\/archiviosonoroluisaorru\/inchieste\/informatori\/localita\/' class='excerpt-more'>[&#8230;]<\/a><\/p>\n","protected":false},"author":34,"featured_media":0,"parent":17,"menu_order":0,"comment_status":"closed","ping_status":"closed","template":"","meta":{"footnotes":""},"class_list":["post-18","page","type-page","status-publish","hentry","category-143-id","post-seq-1","post-parity-odd","meta-position-corners","fix"],"_links":{"self":[{"href":"https:\/\/people.unica.it\/archiviosonoroluisaorru\/wp-json\/wp\/v2\/pages\/18","targetHints":{"allow":["GET"]}}],"collection":[{"href":"https:\/\/people.unica.it\/archiviosonoroluisaorru\/wp-json\/wp\/v2\/pages"}],"about":[{"href":"https:\/\/people.unica.it\/archiviosonoroluisaorru\/wp-json\/wp\/v2\/types\/page"}],"author":[{"embeddable":true,"href":"https:\/\/people.unica.it\/archiviosonoroluisaorru\/wp-json\/wp\/v2\/users\/34"}],"replies":[{"embeddable":true,"href":"https:\/\/people.unica.it\/archiviosonoroluisaorru\/wp-json\/wp\/v2\/comments?post=18"}],"version-history":[{"count":1,"href":"https:\/\/people.unica.it\/archiviosonoroluisaorru\/wp-json\/wp\/v2\/pages\/18\/revisions"}],"predecessor-version":[{"id":215,"href":"https:\/\/people.unica.it\/archiviosonoroluisaorru\/wp-json\/wp\/v2\/pages\/18\/revisions\/215"}],"up":[{"embeddable":true,"href":"https:\/\/people.unica.it\/archiviosonoroluisaorru\/wp-json\/wp\/v2\/pages\/17"}],"wp:attachment":[{"href":"https:\/\/people.unica.it\/archiviosonoroluisaorru\/wp-json\/wp\/v2\/media?parent=18"}],"curies":[{"name":"wp","href":"https:\/\/api.w.org\/{rel}","templated":true}]}}