{"id":16,"date":"2007-01-19T18:29:27","date_gmt":"2007-01-19T18:29:27","guid":{"rendered":"http:\/\/people.unica.it\/archiviosonoroluisaorru\/inchieste\/rilevatori\/pubblicazioni-degli-allievi-di-luisa-orru\/"},"modified":"2017-10-20T11:11:48","modified_gmt":"2017-10-20T11:11:48","slug":"pubblicazioni-degli-allievi-di-luisa-orru","status":"publish","type":"page","link":"https:\/\/people.unica.it\/archiviosonoroluisaorru\/inchieste\/rilevatori\/pubblicazioni-degli-allievi-di-luisa-orru\/","title":{"rendered":"Pubblicazioni degli allievi di Luisa Orr\u00f9"},"content":{"rendered":"<table width=\"500\">\n<tbody>\n<tr>\n<td bgcolor=\"#eeeeee\" width=\"100\"><a title=\"ingrandisci\" href=\"http:\/\/people.unica.it\/archiviosonoroluisaorru\/files\/2007\/02\/image0005.JPG\"><img decoding=\"async\" src=\"http:\/\/people.unica.it\/archiviosonoroluisaorru\/files\/2007\/02\/image0005.miniatura.JPG\" alt=\"ingrandisci\" align=\"absMiddle\" \/><\/a><\/td>\n<td bgcolor=\"#eeeeee\" width=\"300\"><strong>Marras Marcello<\/strong>, <em><strong>Musica, canti e balli nel Carnevale di Aidomaggiore e Ghilarza<\/strong><\/em> in Orr\u00f9 Luisa, <em>Maschere e doni, musiche e balli<\/em>, Cagliari, CUEC, 1999<br \/>\n<strong>Marras Marcello<\/strong>, <em><strong>Un paese in ballo. Danza e societ\u00e0 nel Carnevale seneghese<\/strong><\/em>, Cagliari, Condaghes, 2003<\/td>\n<\/tr>\n<tr>\n<td bgcolor=\"#dddddd\"><a title=\"Ingrandisci\" href=\"http:\/\/people.unica.it\/archiviosonoroluisaorru\/files\/2007\/03\/parto-e-nascita-in-sardegna.JPG\"><img decoding=\"async\" src=\"http:\/\/people.unica.it\/archiviosonoroluisaorru\/files\/2007\/03\/parto-e-nascita-in-sardegna.miniatura.JPG\" alt=\"Ingrandisci\" \/><\/a><\/td>\n<td bgcolor=\"#dddddd\"><strong>Mocci Rosalba<\/strong>, <em><strong>L&#8217;assistenza ostetrica nella citt\u00e0 di Oristano dalla seconda met\u00e0 dell&#8217;Ottocento ai nostri giorni<\/strong><\/em> in Orr\u00f9 Luisa e Putzolu Fulvia (a cura di), <em>Il parto e la nascita in Sardegna<\/em>, Cagliari, CUEC, 1994<\/td>\n<\/tr>\n<tr>\n<td bgcolor=\"#eeeeee\"><a title=\"ingrandisci\" href=\"http:\/\/people.unica.it\/archiviosonoroluisaorru\/files\/2007\/02\/image0002.JPG\"><img decoding=\"async\" src=\"http:\/\/people.unica.it\/archiviosonoroluisaorru\/files\/2007\/02\/image0002.miniatura.JPG\" alt=\"ingrandisci\" align=\"absMiddle\" \/><\/a><\/td>\n<td bgcolor=\"#eeeeee\"><strong>Moica Anna Luigia<\/strong>, <em><strong>Sc\u00e8rasa e Pibi\u00f2nisi. La tessitura a Villamassargia<\/strong><\/em>, Cagliari, CUEC, 2004<\/td>\n<\/tr>\n<tr>\n<td bgcolor=\"#dddddd\"><a title=\"ingrandisci\" href=\"http:\/\/people.unica.it\/archiviosonoroluisaorru\/files\/2007\/02\/image0003.JPG\"><img decoding=\"async\" src=\"http:\/\/people.unica.it\/archiviosonoroluisaorru\/files\/2007\/02\/image0003.miniatura.JPG\" alt=\"ingrandisci\" align=\"absMiddle\" \/><\/a><\/td>\n<td bgcolor=\"#dddddd\"><strong>Perra Annarita<\/strong>, <em><strong>Infanzia abbandonata e maternit\u00e0 illegittima. Istituzioni a Cagliari tra Ottocento e Novecento<\/strong><\/em>, in &#8220;Quaderni Bolotanesi&#8221;, n. 28, 2002<\/td>\n<\/tr>\n<\/tbody>\n<\/table>\n","protected":false},"excerpt":{"rendered":"<p>Marras Marcello, Musica, canti e balli nel Carnevale di Aidomaggiore e Ghilarza in Orr\u00f9 Luisa, Maschere e doni, musiche e balli, Cagliari, CUEC, 1999 Marras Marcello, Un paese in ballo. Danza e societ\u00e0 nel Carnevale seneghese, Cagliari, Condaghes, 2003 Mocci Rosalba, L&#8217;assistenza ostetrica nella citt\u00e0 di Oristano dalla seconda met\u00e0 dell&#8217;Ottocento ai nostri giorni in Orr\u00f9 Luisa e Putzolu Fulvia (a cura di), Il parto e la nascita in Sardegna, Cagliari, CUEC, 1994 Moica Anna Luigia, Sc\u00e8rasa e Pibi\u00f2nisi. La tessitura a Villamassargia, Cagliari, CUEC, 2004 Perra Annarita, Infanzia abbandonata e maternit\u00e0 illegittima. Istituzioni a Cagliari tra Ottocento e Novecento, <a href='https:\/\/people.unica.it\/archiviosonoroluisaorru\/inchieste\/rilevatori\/pubblicazioni-degli-allievi-di-luisa-orru\/' class='excerpt-more'>[&#8230;]<\/a><\/p>\n","protected":false},"author":34,"featured_media":0,"parent":14,"menu_order":20,"comment_status":"closed","ping_status":"closed","template":"","meta":{"footnotes":""},"class_list":["post-16","page","type-page","status-publish","hentry","category-143-id","post-seq-1","post-parity-odd","meta-position-corners","fix"],"_links":{"self":[{"href":"https:\/\/people.unica.it\/archiviosonoroluisaorru\/wp-json\/wp\/v2\/pages\/16","targetHints":{"allow":["GET"]}}],"collection":[{"href":"https:\/\/people.unica.it\/archiviosonoroluisaorru\/wp-json\/wp\/v2\/pages"}],"about":[{"href":"https:\/\/people.unica.it\/archiviosonoroluisaorru\/wp-json\/wp\/v2\/types\/page"}],"author":[{"embeddable":true,"href":"https:\/\/people.unica.it\/archiviosonoroluisaorru\/wp-json\/wp\/v2\/users\/34"}],"replies":[{"embeddable":true,"href":"https:\/\/people.unica.it\/archiviosonoroluisaorru\/wp-json\/wp\/v2\/comments?post=16"}],"version-history":[{"count":1,"href":"https:\/\/people.unica.it\/archiviosonoroluisaorru\/wp-json\/wp\/v2\/pages\/16\/revisions"}],"predecessor-version":[{"id":218,"href":"https:\/\/people.unica.it\/archiviosonoroluisaorru\/wp-json\/wp\/v2\/pages\/16\/revisions\/218"}],"up":[{"embeddable":true,"href":"https:\/\/people.unica.it\/archiviosonoroluisaorru\/wp-json\/wp\/v2\/pages\/14"}],"wp:attachment":[{"href":"https:\/\/people.unica.it\/archiviosonoroluisaorru\/wp-json\/wp\/v2\/media?parent=16"}],"curies":[{"name":"wp","href":"https:\/\/api.w.org\/{rel}","templated":true}]}}