{"id":10,"date":"2007-01-19T17:26:20","date_gmt":"2007-01-19T17:26:20","guid":{"rendered":"http:\/\/people.unica.it\/archiviosonoroluisaorru\/archivio\/registri\/"},"modified":"2017-10-20T11:07:51","modified_gmt":"2017-10-20T11:07:51","slug":"registri","status":"publish","type":"page","link":"https:\/\/people.unica.it\/archiviosonoroluisaorru\/archivio\/registri\/","title":{"rendered":"Registri"},"content":{"rendered":"<p><img decoding=\"async\" src=\"http:\/\/people.unica.it\/archiviosonoroluisaorru\/files\/2007\/02\/registro1.jpg\" alt=\"Pagina di un registro\" width=\"160\" height=\"124\" align=\"right\" \/><strong>L&#8217;Archivio ha due registri<\/strong>:<\/p>\n<p>uno cartaceo, originario, organizzato per ordine di accesso nell&#8217;Archivio dei materiali che uno stesso rilevatore ha prodotto per una specifica inchiesta; l&#8217;altro, in formato foglio di lavoro Excel, realizzato successivamente.<\/p>\n<p>In entrambi sono riportate informazioni sui supporti sonori e le relative rilevazioni:<\/p>\n<table width=\"450\" align=\"center\">\n<tbody>\n<tr>\n<td bgcolor=\"#eeeeee\" width=\"150\"><strong>USO<\/strong><\/td>\n<td bgcolor=\"#eeeeee\" width=\"300\">n. d&#8217;inventario dell&#8217;unit\u00e0 sonora originale<\/td>\n<\/tr>\n<tr>\n<td bgcolor=\"#dddddd\"><strong>DURATA<\/strong><\/td>\n<td bgcolor=\"#dddddd\">codice di durata del supporto sonoro utilizzato<\/td>\n<\/tr>\n<tr>\n<td bgcolor=\"#eeeeee\"><strong>LATO<\/strong><\/td>\n<td bgcolor=\"#eeeeee\">il lato o i lati in cui il colloquio \u00e8 stato registrato quando si \u00e8 utilizzata una audiocassetta<\/td>\n<\/tr>\n<tr>\n<td bgcolor=\"#dddddd\"><strong>UR<\/strong><\/td>\n<td bgcolor=\"#dddddd\">n. d&#8217;inventario dell&#8217;unit\u00e0 di rilevazione<\/td>\n<\/tr>\n<tr>\n<td bgcolor=\"#eeeeee\"><strong>QUALITA&#8217;<\/strong><\/td>\n<td bgcolor=\"#eeeeee\">qualit\u00e0 della registrazione: B, buona; M, media; S, scarsa e per valori intermedi M\/S, M\/B<\/td>\n<\/tr>\n<tr>\n<td bgcolor=\"#dddddd\"><strong>LOCALITA&#8217;<\/strong><\/td>\n<td bgcolor=\"#dddddd\">localit\u00e0 in cui \u00e8 stata effettuata la rilevazione<\/td>\n<\/tr>\n<tr>\n<td bgcolor=\"#eeeeee\"><strong>ARGOMENTO<\/strong><\/td>\n<td bgcolor=\"#eeeeee\">tema della ricerca<\/td>\n<\/tr>\n<tr>\n<td bgcolor=\"#dddddd\"><strong>ANNO<\/strong><\/td>\n<td bgcolor=\"#dddddd\">anno in cui \u00e8 stata realizzata la rilevazione<\/td>\n<\/tr>\n<tr>\n<td bgcolor=\"#eeeeee\"><strong>RILEVATORE<\/strong><\/td>\n<td bgcolor=\"#eeeeee\">cognome e nome di chi ha fatto la rilevazione<\/td>\n<\/tr>\n<tr>\n<td bgcolor=\"#dddddd\"><strong>LINGUA<\/strong><\/td>\n<td bgcolor=\"#dddddd\">lingua utilizzata nel colloquio<\/td>\n<\/tr>\n<tr>\n<td bgcolor=\"#eeeeee\"><strong>INFORMATORE<\/strong><\/td>\n<td bgcolor=\"#eeeeee\">cognome e nome dell&#8217;informatore<\/td>\n<\/tr>\n<tr>\n<td bgcolor=\"#dddddd\"><strong>TRASCRIZ<strong>IONE<\/strong><\/strong><\/td>\n<td bgcolor=\"#dddddd\">presenza in Archivio della trascrizione\/traduzione<\/td>\n<\/tr>\n<tr>\n<td bgcolor=\"#eeeeee\"><strong>TRASCRITTORE<\/strong><\/td>\n<td bgcolor=\"#eeeeee\">cognome e nome del trascrittore\/traduttore<\/td>\n<\/tr>\n<tr>\n<td bgcolor=\"#dddddd\"><strong>CARTELLA<\/strong><\/td>\n<td bgcolor=\"#dddddd\">n. d&#8217;inventario della cartella comprendente i documenti cartacei corrispondenti all&#8217;unit\u00e0 sonora<\/td>\n<\/tr>\n<tr>\n<td bgcolor=\"#eeeeee\"><strong>TESI<\/strong><\/td>\n<td bgcolor=\"#eeeeee\">cognome e nome dell&#8217;autore della tesi di laurea in cui sono riportati i documenti cartacei corrispondenti all&#8217;unit\u00e0 sonora<\/td>\n<\/tr>\n<\/tbody>\n<\/table>\n<p>Nei registri non \u00e8 sempre presente l&#8217;informazione sulla lingua utilizzata nel colloquio.<\/p>\n<p>&nbsp;<\/p>\n<p><strong>DATABASE<\/strong><\/p>\n<p>Nel 2008-2009, con la collaborazione della dott.ssa M. Valeria Flore, ricercatrice del Dipartimento di Sanit\u00e0 pubblica, Medicina clinica e molecolare dell&#8217;Universit\u00e0 degli Studi di Cagliari, \u00e8 stato messo a punto un <em>Data Base Access<\/em>, organizzato in tabelle correlate per <em>Unit\u00e0 di Rilevazione, Argomento<\/em>, <em>Informatori<\/em>,<em>Rilevatori<\/em>, <em>Localit\u00e0, Lingua,<\/em> <em>Trascrizioni<\/em>, <em>Unit\u00e0 sonora<\/em>, <em>Cartella e Tesi.<\/em><\/p>\n","protected":false},"excerpt":{"rendered":"<p>L&#8217;Archivio ha due registri: uno cartaceo, originario, organizzato per ordine di accesso nell&#8217;Archivio dei materiali che uno stesso rilevatore ha prodotto per una specifica inchiesta; l&#8217;altro, in formato foglio di lavoro Excel, realizzato successivamente. In entrambi sono riportate informazioni sui supporti sonori e le relative rilevazioni: USO n. d&#8217;inventario dell&#8217;unit\u00e0 sonora originale DURATA codice di durata del supporto sonoro utilizzato LATO il lato o i lati in cui il colloquio \u00e8 stato registrato quando si \u00e8 utilizzata una audiocassetta UR n. d&#8217;inventario dell&#8217;unit\u00e0 di rilevazione QUALITA&#8217; qualit\u00e0 della registrazione: B, buona; M, media; S, scarsa e per valori intermedi M\/S, <a href='https:\/\/people.unica.it\/archiviosonoroluisaorru\/archivio\/registri\/' class='excerpt-more'>[&#8230;]<\/a><\/p>\n","protected":false},"author":34,"featured_media":0,"parent":4,"menu_order":0,"comment_status":"closed","ping_status":"closed","template":"","meta":{"footnotes":""},"class_list":["post-10","page","type-page","status-publish","hentry","category-143-id","post-seq-1","post-parity-odd","meta-position-corners","fix"],"_links":{"self":[{"href":"https:\/\/people.unica.it\/archiviosonoroluisaorru\/wp-json\/wp\/v2\/pages\/10","targetHints":{"allow":["GET"]}}],"collection":[{"href":"https:\/\/people.unica.it\/archiviosonoroluisaorru\/wp-json\/wp\/v2\/pages"}],"about":[{"href":"https:\/\/people.unica.it\/archiviosonoroluisaorru\/wp-json\/wp\/v2\/types\/page"}],"author":[{"embeddable":true,"href":"https:\/\/people.unica.it\/archiviosonoroluisaorru\/wp-json\/wp\/v2\/users\/34"}],"replies":[{"embeddable":true,"href":"https:\/\/people.unica.it\/archiviosonoroluisaorru\/wp-json\/wp\/v2\/comments?post=10"}],"version-history":[{"count":2,"href":"https:\/\/people.unica.it\/archiviosonoroluisaorru\/wp-json\/wp\/v2\/pages\/10\/revisions"}],"predecessor-version":[{"id":188,"href":"https:\/\/people.unica.it\/archiviosonoroluisaorru\/wp-json\/wp\/v2\/pages\/10\/revisions\/188"}],"up":[{"embeddable":true,"href":"https:\/\/people.unica.it\/archiviosonoroluisaorru\/wp-json\/wp\/v2\/pages\/4"}],"wp:attachment":[{"href":"https:\/\/people.unica.it\/archiviosonoroluisaorru\/wp-json\/wp\/v2\/media?parent=10"}],"curies":[{"name":"wp","href":"https:\/\/api.w.org\/{rel}","templated":true}]}}