{"id":289,"date":"2012-06-28T14:04:13","date_gmt":"2012-06-28T14:04:13","guid":{"rendered":"http:\/\/people.unica.it\/meccanica\/?page_id=289"},"modified":"2017-05-23T08:33:01","modified_gmt":"2017-05-23T08:33:01","slug":"studenti-tutor","status":"publish","type":"page","link":"https:\/\/people.unica.it\/archeologiaestoriadellarte\/chi-siamo\/studenti-tutor\/","title":{"rendered":"Studenti Tutor"},"content":{"rendered":"<p class=\"first-para\" align=\"justify\">Gli studenti tutor\u00a0sono a disposizione degli studenti iscritti ai corsi di laurea triennale, magistrale e specialistica della Facolt\u00e0. Essi svolgono attivit\u00e0 didattico-integrative, attivit\u00e0 propedeutiche e di recupero e forniscono informazioni di carattere generale e preliminare inerenti alle attivit\u00e0 formative programmate dalla Facolt\u00e0.<\/p>\n<p align=\"justify\">Inoltre assistono gli studenti nell\u2019elaborazione del piano di studi individuale e nelle attivit\u00e0 legate alla redazione della tesi.<\/p>\n<p align=\"justify\">L\u2019obiettivo del servizio \u00e8 anche quello di chiarire eventuali dubbi e di indirizzare gli studenti verso i servizi e le figure competenti, ponendosi come strumento di intermediazione fra loro e il personale docente e amministrativo della Facolt\u00e0.<\/p>\n","protected":false},"excerpt":{"rendered":"<p>Gli studenti tutor\u00a0sono a disposizione degli studenti iscritti ai corsi di laurea triennale, magistrale e specialistica della Facolt\u00e0. Essi svolgono attivit\u00e0 didattico-integrative, attivit\u00e0 propedeutiche e di recupero e forniscono informazioni di carattere generale e preliminare inerenti alle attivit\u00e0 formative programmate dalla Facolt\u00e0. Inoltre assistono gli studenti nell\u2019elaborazione del piano di studi individuale e nelle attivit\u00e0 legate alla redazione della tesi. L\u2019obiettivo del servizio \u00e8 anche quello di chiarire eventuali dubbi e di indirizzare gli studenti verso i servizi e le figure competenti, ponendosi come strumento di intermediazione fra loro e il personale docente e amministrativo della Facolt\u00e0.<\/p>\n","protected":false},"author":1,"featured_media":0,"parent":90,"menu_order":0,"comment_status":"closed","ping_status":"closed","template":"","meta":{"footnotes":""},"class_list":["post-289","page","type-page","status-publish","hentry","post-seq-1","post-parity-odd","meta-position-corners","fix"],"_links":{"self":[{"href":"https:\/\/people.unica.it\/archeologiaestoriadellarte\/wp-json\/wp\/v2\/pages\/289","targetHints":{"allow":["GET"]}}],"collection":[{"href":"https:\/\/people.unica.it\/archeologiaestoriadellarte\/wp-json\/wp\/v2\/pages"}],"about":[{"href":"https:\/\/people.unica.it\/archeologiaestoriadellarte\/wp-json\/wp\/v2\/types\/page"}],"author":[{"embeddable":true,"href":"https:\/\/people.unica.it\/archeologiaestoriadellarte\/wp-json\/wp\/v2\/users\/1"}],"replies":[{"embeddable":true,"href":"https:\/\/people.unica.it\/archeologiaestoriadellarte\/wp-json\/wp\/v2\/comments?post=289"}],"version-history":[{"count":8,"href":"https:\/\/people.unica.it\/archeologiaestoriadellarte\/wp-json\/wp\/v2\/pages\/289\/revisions"}],"predecessor-version":[{"id":2373,"href":"https:\/\/people.unica.it\/archeologiaestoriadellarte\/wp-json\/wp\/v2\/pages\/289\/revisions\/2373"}],"up":[{"embeddable":true,"href":"https:\/\/people.unica.it\/archeologiaestoriadellarte\/wp-json\/wp\/v2\/pages\/90"}],"wp:attachment":[{"href":"https:\/\/people.unica.it\/archeologiaestoriadellarte\/wp-json\/wp\/v2\/media?parent=289"}],"curies":[{"name":"wp","href":"https:\/\/api.w.org\/{rel}","templated":true}]}}