{"id":2442,"date":"2017-06-07T09:43:53","date_gmt":"2017-06-07T09:43:53","guid":{"rendered":"http:\/\/people.unica.it\/archeologiaestoriadellarte\/?page_id=2442"},"modified":"2017-06-07T10:29:32","modified_gmt":"2017-06-07T10:29:32","slug":"profili-professionali","status":"publish","type":"page","link":"https:\/\/people.unica.it\/archeologiaestoriadellarte\/chi-siamo\/il-corso\/profili-professionali\/","title":{"rendered":"Profili professionali"},"content":{"rendered":"<p>Il CdL prepara alle seguenti attivit\u00e0 professionali:<\/p>\n<ul style=\"list-style-type: circle\">\n<li>\u00a0attivit\u00e0 professionali in enti pubblici e privati, nei settori dei beni e dei servizi culturali, del recupero di attivit\u00e0, tradizioni e identit\u00e0 locali (quali biblioteche, archivi, istituti di ricerca e di cultura, centri di studio, che richiedano competenze coerenti con la tipologia di quelle acquisite nel corso di laurea) e nelle istituzioni che organizzano attivit\u00e0 culturali o operano nel campo della conservazione e della fruizione del patrimonio storico, linguistico e letterario di ogni tempo e di qualsiasi realt\u00e0 geografica;<\/li>\n<li>attivit\u00e0 professionali nei settori dell&#8217;informazione e della comunicazione in ambito culturale, dell&#8217;editoria tradizionale e multimediale, del giornalismo e della comunicazione tradizionale, informatica e telematica;<\/li>\n<li>attivit\u00e0 di pubbliche relazioni in ambiti aziendali, di addetto culturale presso istituzioni ed enti pubblici e privati, di consulente per l&#8217;organizzazione di manifestazioni culturali.<\/li>\n<\/ul>\n<p>In particolare, in base alle nuove codifiche dell\u2019ISTAT, il corso di laurea fornisce competenze per alcune specifiche professioni quali:<\/p>\n<ul style=\"list-style-type: circle\">\n<li>Segretari, archivisti, tecnici degli affari generali ed assimilati;<\/li>\n<li>Assistenti di archivio e di biblioteca;<\/li>\n<li>Tutor, istitutori, insegnanti nella formazione professionale e assimilati;<\/li>\n<li>Istruttori nel campo artistico-letterario;<\/li>\n<li>Tecnici dei servizi ricreativi e culturali.<\/li>\n<\/ul>\n<p>Il percorso formativo \u00e8 altres\u00ec finalizzato:<\/p>\n<ul style=\"list-style-type: circle\">\n<li>all&#8217;acquisizione dei CFU necessari per l\u2019accesso alla laurea magistrale per la formazione degli insegnanti;<\/li>\n<li>all&#8217;avvio alla ricerca scientifica;<\/li>\n<li>all&#8217;assunzione di compiti di elevata responsabilit\u00e0 nelle istituzioni culturali.<\/li>\n<\/ul>\n<p>Rimangono aperti ovviamente anche gli sbocchi nei corsi di studio di livello superiore (altre lauree magistrali, scuole di specializzazione post-laurea, master post-laurea di primo livello, etc\u2026).<\/p>","protected":false},"excerpt":{"rendered":"<p>Il CdL prepara alle seguenti attivit\u00e0 professionali: \u00a0attivit\u00e0 professionali in enti pubblici e privati, nei settori dei beni e dei servizi culturali, del recupero di attivit\u00e0, tradizioni e identit\u00e0 locali (quali biblioteche, archivi, istituti di ricerca e di cultura, centri di studio, che richiedano competenze coerenti con la tipologia di quelle acquisite nel corso di laurea) e nelle istituzioni che organizzano attivit\u00e0 culturali o operano nel campo della conservazione e della fruizione del patrimonio storico, linguistico e letterario di ogni tempo e di qualsiasi realt\u00e0 geografica; attivit\u00e0 professionali nei settori dell&#8217;informazione e della comunicazione in ambito culturale, dell&#8217;editoria tradizionale e <a href='https:\/\/people.unica.it\/archeologiaestoriadellarte\/chi-siamo\/il-corso\/profili-professionali\/' class='excerpt-more'>[&#8230;]<\/a><\/p>\n","protected":false},"author":1816,"featured_media":0,"parent":1236,"menu_order":0,"comment_status":"closed","ping_status":"closed","template":"","meta":{"footnotes":""},"class_list":["post-2442","page","type-page","status-publish","hentry","post-seq-1","post-parity-odd","meta-position-corners","fix"],"_links":{"self":[{"href":"https:\/\/people.unica.it\/archeologiaestoriadellarte\/wp-json\/wp\/v2\/pages\/2442","targetHints":{"allow":["GET"]}}],"collection":[{"href":"https:\/\/people.unica.it\/archeologiaestoriadellarte\/wp-json\/wp\/v2\/pages"}],"about":[{"href":"https:\/\/people.unica.it\/archeologiaestoriadellarte\/wp-json\/wp\/v2\/types\/page"}],"author":[{"embeddable":true,"href":"https:\/\/people.unica.it\/archeologiaestoriadellarte\/wp-json\/wp\/v2\/users\/1816"}],"replies":[{"embeddable":true,"href":"https:\/\/people.unica.it\/archeologiaestoriadellarte\/wp-json\/wp\/v2\/comments?post=2442"}],"version-history":[{"count":3,"href":"https:\/\/people.unica.it\/archeologiaestoriadellarte\/wp-json\/wp\/v2\/pages\/2442\/revisions"}],"predecessor-version":[{"id":2458,"href":"https:\/\/people.unica.it\/archeologiaestoriadellarte\/wp-json\/wp\/v2\/pages\/2442\/revisions\/2458"}],"up":[{"embeddable":true,"href":"https:\/\/people.unica.it\/archeologiaestoriadellarte\/wp-json\/wp\/v2\/pages\/1236"}],"wp:attachment":[{"href":"https:\/\/people.unica.it\/archeologiaestoriadellarte\/wp-json\/wp\/v2\/media?parent=2442"}],"curies":[{"name":"wp","href":"https:\/\/api.w.org\/{rel}","templated":true}]}}