{"id":2403,"date":"2017-05-31T10:51:10","date_gmt":"2017-05-31T10:51:10","guid":{"rendered":"http:\/\/people.unica.it\/archeologiaestoriadellarte\/?page_id=2403"},"modified":"2017-06-01T09:14:20","modified_gmt":"2017-06-01T09:14:20","slug":"strutture","status":"publish","type":"page","link":"https:\/\/people.unica.it\/archeologiaestoriadellarte\/strutture\/","title":{"rendered":"Strutture"},"content":{"rendered":"<p class=\"first-para\">L\u2019attribuzione delle aule per lo svolgimento delle attivit\u00e0 didattiche \u00e8 gestita dalla Presidenza di Facolt\u00e0 in un\u2019ottica di ottimizzazione delle risorse. L\u2019assegnazione specifica delle aule viene stabilita in fase di definizione dell\u2019orario delle lezioni, concordato con i singoli CdS, tenendo conto del numero di studenti previsti e della tipologia della lezione. La sede e le strutture logistiche di supporto alle attivit\u00e0 didattiche e di laboratorio sono di norma quelle della Facolt\u00e0 di Studi Umanistici, fatta salva la possibilit\u00e0 che alcune possano svolgersi presso altre Facolt\u00e0 dell\u2019Universit\u00e0 di Cagliari. Altre attivit\u00e0 didattiche (seminari, stages, tirocini presso istituzioni culturali pubbliche o private, biblioteche, archivi, istituti editoriali, giornali e altri organi di comunicazione) potranno essere svolte presso Enti esterni, pubblici e privati.<\/p>\n<p>&nbsp;<\/p>\n<ul>\n<li><strong>Polo di Sa Duchessa<\/strong>\n<ul>\n<li><a title=\"Aule Corpo centrale\" href=\"http:\/\/facolta.unica.it\/studiumanistici\/strutture\/aule\/corpo-centrale\/\">Corpo Centrale<\/a><\/li>\n<li><a title=\"Aule corpo aggiunto\" href=\"http:\/\/facolta.unica.it\/studiumanistici\/strutture\/aule\/aule-corpo-aggiunto\/\">Corpo Aggiunto<\/a><\/li>\n<li><a title=\"Aule blocco psicologia\" href=\"http:\/\/facolta.unica.it\/studiumanistici\/strutture\/aule\/aule-blocco-psicologia\/\">Blocco Psicologia<\/a><\/li>\n<\/ul>\n<\/li>\n<li><strong><a title=\"Aule cittadelle dei musei\" href=\"http:\/\/facolta.unica.it\/studiumanistici\/strutture\/aule\/aule-cittadelle-dei-musei\/\">Cittadella dei Musei<\/a><\/strong><\/li>\n<li><strong><a title=\"Aule Via S. Giorgio\" href=\"http:\/\/facolta.unica.it\/studiumanistici\/strutture\/aule\/aule-via-s-giorgio\/\">Polo Aresu (Via S. Giorgio<\/a>)<\/strong><\/li>\n<\/ul>\n<p>&nbsp;<\/p>\n<p><a href=\"http:\/\/facolta.unica.it\/studiumanistici\/files\/2016\/11\/sa-duchessa-mappa-generale_1.jpg\"><img decoding=\"async\" class=\"aligncenter wp-image-20542 \" src=\"http:\/\/facolta.unica.it\/studiumanistici\/files\/2016\/11\/sa-duchessa-mappa-generale_1-e1478690649141.jpg\" alt=\"sa-duchessa-mappa-generale_1\" width=\"1306\" \/><\/a><\/p>\n","protected":false},"excerpt":{"rendered":"<p>L\u2019attribuzione delle aule per lo svolgimento delle attivit\u00e0 didattiche \u00e8 gestita dalla Presidenza di Facolt\u00e0 in un\u2019ottica di ottimizzazione delle risorse. L\u2019assegnazione specifica delle aule viene stabilita in fase di definizione dell\u2019orario delle lezioni, concordato con i singoli CdS, tenendo conto del numero di studenti previsti e della tipologia della lezione. La sede e le strutture logistiche di supporto alle attivit\u00e0 didattiche e di laboratorio sono di norma quelle della Facolt\u00e0 di Studi Umanistici, fatta salva la possibilit\u00e0 che alcune possano svolgersi presso altre Facolt\u00e0 dell\u2019Universit\u00e0 di Cagliari. Altre attivit\u00e0 didattiche (seminari, stages, tirocini presso istituzioni culturali pubbliche o private, <a href='https:\/\/people.unica.it\/archeologiaestoriadellarte\/strutture\/' class='excerpt-more'>[&#8230;]<\/a><\/p>\n","protected":false},"author":1816,"featured_media":0,"parent":0,"menu_order":0,"comment_status":"closed","ping_status":"closed","template":"","meta":{"footnotes":""},"class_list":["post-2403","page","type-page","status-publish","hentry","post-seq-1","post-parity-odd","meta-position-corners","fix"],"_links":{"self":[{"href":"https:\/\/people.unica.it\/archeologiaestoriadellarte\/wp-json\/wp\/v2\/pages\/2403","targetHints":{"allow":["GET"]}}],"collection":[{"href":"https:\/\/people.unica.it\/archeologiaestoriadellarte\/wp-json\/wp\/v2\/pages"}],"about":[{"href":"https:\/\/people.unica.it\/archeologiaestoriadellarte\/wp-json\/wp\/v2\/types\/page"}],"author":[{"embeddable":true,"href":"https:\/\/people.unica.it\/archeologiaestoriadellarte\/wp-json\/wp\/v2\/users\/1816"}],"replies":[{"embeddable":true,"href":"https:\/\/people.unica.it\/archeologiaestoriadellarte\/wp-json\/wp\/v2\/comments?post=2403"}],"version-history":[{"count":2,"href":"https:\/\/people.unica.it\/archeologiaestoriadellarte\/wp-json\/wp\/v2\/pages\/2403\/revisions"}],"predecessor-version":[{"id":2412,"href":"https:\/\/people.unica.it\/archeologiaestoriadellarte\/wp-json\/wp\/v2\/pages\/2403\/revisions\/2412"}],"wp:attachment":[{"href":"https:\/\/people.unica.it\/archeologiaestoriadellarte\/wp-json\/wp\/v2\/media?parent=2403"}],"curies":[{"name":"wp","href":"https:\/\/api.w.org\/{rel}","templated":true}]}}