{"id":2361,"date":"2017-05-19T09:58:04","date_gmt":"2017-05-19T09:58:04","guid":{"rendered":"http:\/\/people.unica.it\/archeologiaestoriadellarte\/?page_id=2361"},"modified":"2017-06-07T07:55:09","modified_gmt":"2017-06-07T07:55:09","slug":"orientamento-e-tutorato","status":"publish","type":"page","link":"https:\/\/people.unica.it\/archeologiaestoriadellarte\/chi-siamo\/orientamento-e-tutorato\/","title":{"rendered":"Orientamento e tutorato"},"content":{"rendered":"<p style=\"text-align: justify\">Il Cds promuove attivit\u00e0 di orientamento in ingresso, in itinere e in uscita attraverso la \u00a0Commissione di Orientamento, il Manager didattico del CdS e figure tutoriali preposte.<\/p>\n<p style=\"text-align: justify\">La <strong>Commissione di orientamento<\/strong> (CO) promuove le attivit\u00e0 di orientamento verso gli studenti delle scuole superiori e gestisce le attivit\u00e0 di orientamento durante le giornate organizzate dall\u2019Universit\u00e0. Il\u00a0<strong>Manager didattico del CdS<\/strong> \u00e8 un\u00a0operatore dei servizi formativi\u00a0che contribuisce alla gestione dei processi per garantire un elevato standard di qualit\u00e0 in relazione ai mutamenti che avvengono nel mondo della formazione, nella societ\u00e0 civile e nelle attivit\u00e0 produttive. La Commissione di orientamento si interfaccia con il Manager didattico del CdS al fine di\u00a0\u00a0programmare e\u00a0organizzare le specifiche attivit\u00e0, nell\u2019ambito di iniziative proposte dall\u2019Ateneo, dalla Facolt\u00e0, dai Dipartimenti e dal CdS, promuovendo e gestendo i rapporti con le scuole del territorio.<\/p>\n<p style=\"text-align: justify\"><strong>\u00a0<\/strong><\/p>\n<p style=\"text-align: justify\"><strong>Orientamento in ingresso<\/strong><\/p>\n<ul style=\"text-align: justify\">\n<li>Il CdS partecipa alle <strong>Giornate di Orientamento <\/strong>organizzate annualmente dall\u2019Ateneo<u>,<\/u>con le seguenti attivit\u00e0: presentazioni giornaliere del CdS;\u00a0conferenze divulgative; Lezioni a tema attinenti agli insegnamenti impartiti nel CdS; Workshop in collaborazione con gli esponenti del Mondo del Lavoro. Inoltre a partire dall\u2019a.a. 2012\/2013 il CdS partecipa attivamente alle Giornate di orientamento (<em>OPENDAY<\/em>) organizzate presso la Facolt\u00e0 di Studi Umanistici, accogliendo diverse scuole del territorio cagliaritano e delle province limitrofe. Le giornate prevedono la presentazione dell\u2019offerta formativa, la visita alle strutture e la partecipazione alle lezioni accademiche e seminari.<\/li>\n<li>Per le\u00a0attivit\u00e0 di orientamento svolte a livello di \u00a0Facolt\u00e0 di Studi Umanistici si veda il\u00a0<a href=\"http:\/\/facolta.unica.it\/studiumanistici\/servizi-studenti\/orientamento\/archivio-attivita-di-orientamento-in-facolta\/\"><strong>link<\/strong><\/a> .<\/li>\n<\/ul>\n<p style=\"text-align: justify\"><strong>\u00a0<\/strong><\/p>\n<p style=\"text-align: justify\"><strong>Orientamento in itinere<\/strong><\/p>\n<p style=\"text-align: justify\">Il corso di studi mette a disposizione degli studenti i seguenti servizi:<\/p>\n<ul style=\"text-align: justify\">\n<li><strong>Docenti tutor<\/strong><strong>:<\/strong>L\u2019attivit\u00e0 di tutoraggio ha l\u2019obiettivo di fornire a ciascuno studente un riferimento specifico tra i professori di ruolo ed i ricercatori che tengono insegnamenti nel CdS, cui rivolgersi per avere consigli ed assistenza per la soluzione degli eventuali problemi che dovessero presentarsi durante la carriera universitaria. Obiettivo del tutorato \u00e8 orientare ed assistere gli studenti nel corso degli studi, renderli attivamente partecipi del processo formativo, aiutarli a rimuovere eventuali ostacoli ad una proficua frequenza dei corsi e assisterli nelle loro scelte formative. Le attivit\u00e0\u00a0 di\u00a0 tutoraggio\u00a0 per\u00a0 gli\u00a0 studenti, volte a prevenire la dispersione e il ritardo nel conseguimento del titolo di studi, prevedono: attivit\u00e0 di <em>counseling<\/em> periodiche, atte a definire l\u2019andamento del percorso formativo; somministrazione di questionari, finalizzati a far emergere ostacoli e situazioni problematiche del percorso formativo e quindi delineare le relative soluzioni.<\/li>\n<li><strong>Tutor didattici<\/strong>,\u00a0che\u00a0supportano gli studenti nel processo di apprendimento del percorso formativo, soprattutto nelle materie di base del primo anno;<\/li>\n<li><strong>Corsi di riallineamento<\/strong>,\u00a0in presenza o in modalit\u00e0 telematica, organizzati per aiutare gli studenti con obblighi formativi aggiuntivi, emersi in occasione della prova di valutazione della preparazione iniziale, a colmare tali lacune;<\/li>\n<li><strong>Tutor di orientamento<\/strong>, \u00e8 a disposizione per risolvere ogni dubbio sull\u2019organizzazione degli studi ma anche per aiutare gli studenti per\u00a0migliorare la qualit\u00e0 dello studio;<\/li>\n<li><strong>Seminari<\/strong>, il CdS organizza, periodicamente, cicli di seminari tenuti sia da docenti del dipartimento che da professori visitatori, rivolti agli studenti al fine di fornire approfondimenti tematici inerenti i programmi di studio degli insegnamenti previsti in percorso.<\/li>\n<\/ul>\n<p style=\"text-align: justify\">Per le\u00a0attivit\u00e0 di orientamento svolte a livello di Facolt\u00e0 di Studi Umanistici si veda il\u00a0<a href=\"http:\/\/facolta.unica.it\/studiumanistici\/eventi\/\"><strong>link<\/strong><\/a> .<\/p>\n<p style=\"text-align: justify\"><strong>\u00a0<\/strong><\/p>\n<p style=\"text-align: justify\"><strong>Orientamento in uscita\u00a0<\/strong><\/p>\n<p style=\"text-align: justify\">Il Corso di studi organizza attivit\u00e0 periodiche con l\u2019obiettivo di informare gli studenti sulle possibili prospettive dei laureati nel mondo del lavoro.<\/p>\n<p style=\"text-align: justify\">Nell\u2019A.A. 2016\/2017 le iniziative sono state:<\/p>\n<ul style=\"text-align: justify\">\n<li><a href=\"http:\/\/facolta.unica.it\/studiumanistici\/openday-umanamente-2017\/\"><em>UMANAmente<\/em> OPENDAY<\/a><em> ;<\/em><\/li>\n<\/ul>\n<ul>\n<li style=\"text-align: justify\"><a href=\"http:\/\/facolta.unica.it\/studiumanistici\/files\/2017\/04\/Locandina_03_05_17-1-seminario-sbocchi-occupazionali-laureati-umanistici.pdf\">Fra tradizione e innovazione. Seminario su \u201cSbocchi occupazionali per i laureati del settore umanistico\u201d<\/a> .<\/li>\n<\/ul>\n<p>Il Corso di Studio inoltre si avvale della collaborazione col servizio di accompagnamento al lavoro, curato dall\u2019<a href=\"http:\/\/www.unica.it\/pub\/3\/index.jsp?is=3&amp;iso=769\">Ufficio orientamento al lavoro &#8211; Job Placement<\/a> in capo alla Direzione per la Ricerca e il Territorio di Ateneo. L\u2019Ufficio fornisce supporto per orientarsi all&#8217;ingresso nel mondo del lavoro e costruire il proprio percorso professionale; in particolare, i servizi offerti ai laureati sono:<\/p>\n<ul>\n<li>consulenze di orientamento, volte a chiarire l\u2019obiettivo professionale, individuare l\u2019azienda giusta con la quale collaborare, presentare un\u2019efficace autocandidatura, ritrovare la motivazione nella ricerca di lavoro;<\/li>\n<li>corsi di orientamento per apprendere, in poche giornate, tutto quello che occorre per condurre un\u2019efficace ricerca di lavoro, dall\u2019obiettivo professionale all\u2019autocandidatura, ai contratti di lavoro, alle prospettive offerte dal mercato del lavoro;<\/li>\n<li>attivazione di tirocini formativi extracurriculari: ogni laureato pu\u00f2 attivare fino a due tirocini facoltativi e di orientamento entro i dodici mesi dalla laurea; l\u2019Universit\u00e0 di Cagliari \u00e8 soggetto promotore e si fa carico della copertura assicurativa;<\/li>\n<li>giornate di incontro con le aziende, dedicate alla selezione del personale laureato;<\/li>\n<li>servizio di incontro domanda \u2013 offerta di lavoro, attraverso il portale di AlmaLaurea, in cui le aziende possono selezionare i curricula dei laureati e pubblicare le offerte di lavoro.<\/li>\n<\/ul>\n<p>&nbsp;<\/p>\n<p>&nbsp;<\/p>\n","protected":false},"excerpt":{"rendered":"<p>Il Cds promuove attivit\u00e0 di orientamento in ingresso, in itinere e in uscita attraverso la \u00a0Commissione di Orientamento, il Manager didattico del CdS e figure tutoriali preposte. La Commissione di orientamento (CO) promuove le attivit\u00e0 di orientamento verso gli studenti delle scuole superiori e gestisce le attivit\u00e0 di orientamento durante le giornate organizzate dall\u2019Universit\u00e0. Il\u00a0Manager didattico del CdS \u00e8 un\u00a0operatore dei servizi formativi\u00a0che contribuisce alla gestione dei processi per garantire un elevato standard di qualit\u00e0 in relazione ai mutamenti che avvengono nel mondo della formazione, nella societ\u00e0 civile e nelle attivit\u00e0 produttive. La Commissione di orientamento si interfaccia con il <a href='https:\/\/people.unica.it\/archeologiaestoriadellarte\/chi-siamo\/orientamento-e-tutorato\/' class='excerpt-more'>[&#8230;]<\/a><\/p>\n","protected":false},"author":1816,"featured_media":0,"parent":90,"menu_order":0,"comment_status":"closed","ping_status":"closed","template":"","meta":{"footnotes":""},"class_list":["post-2361","page","type-page","status-publish","hentry","post-seq-1","post-parity-odd","meta-position-corners","fix"],"_links":{"self":[{"href":"https:\/\/people.unica.it\/archeologiaestoriadellarte\/wp-json\/wp\/v2\/pages\/2361","targetHints":{"allow":["GET"]}}],"collection":[{"href":"https:\/\/people.unica.it\/archeologiaestoriadellarte\/wp-json\/wp\/v2\/pages"}],"about":[{"href":"https:\/\/people.unica.it\/archeologiaestoriadellarte\/wp-json\/wp\/v2\/types\/page"}],"author":[{"embeddable":true,"href":"https:\/\/people.unica.it\/archeologiaestoriadellarte\/wp-json\/wp\/v2\/users\/1816"}],"replies":[{"embeddable":true,"href":"https:\/\/people.unica.it\/archeologiaestoriadellarte\/wp-json\/wp\/v2\/comments?post=2361"}],"version-history":[{"count":5,"href":"https:\/\/people.unica.it\/archeologiaestoriadellarte\/wp-json\/wp\/v2\/pages\/2361\/revisions"}],"predecessor-version":[{"id":2428,"href":"https:\/\/people.unica.it\/archeologiaestoriadellarte\/wp-json\/wp\/v2\/pages\/2361\/revisions\/2428"}],"up":[{"embeddable":true,"href":"https:\/\/people.unica.it\/archeologiaestoriadellarte\/wp-json\/wp\/v2\/pages\/90"}],"wp:attachment":[{"href":"https:\/\/people.unica.it\/archeologiaestoriadellarte\/wp-json\/wp\/v2\/media?parent=2361"}],"curies":[{"name":"wp","href":"https:\/\/api.w.org\/{rel}","templated":true}]}}