{"id":1233,"date":"2012-11-26T10:28:47","date_gmt":"2012-11-26T10:28:47","guid":{"rendered":"http:\/\/people.unica.it\/provacds2\/?page_id=1233"},"modified":"2021-09-30T13:13:08","modified_gmt":"2021-09-30T13:13:08","slug":"commissione-gruppo-di-autovalutazione-gav","status":"publish","type":"page","link":"https:\/\/people.unica.it\/archeologiaestoriadellarte\/chi-siamo\/commissioni\/commissione-gruppo-di-autovalutazione-gav\/","title":{"rendered":"Commissione di autovalutazione (CAV)"},"content":{"rendered":"<p><strong>La commissione \u00e8 cos\u00ec composta:<\/strong><\/p>\n<p class=\"first-para\">Prof.ssa Rapetti (Presidentessa), Prof. Tiragallo, Prof. Macchiarella, Prof. Pala, Prof. Lugli\u00e8.<\/p>\n<p>Personale T.A:\u00a0 Myriam Viglino, Alessandra D&#8217;Alessandro.<\/p>\n<p>Studentesse: Silvia Baldussi, Sofia Gardella.<\/p>\n<p>&nbsp;<\/p>\n<p><strong>Riferimenti nomina componenti:<\/strong><\/p>\n<ul>\n<li><a href=\"https:\/\/people.unica.it\/archeologiaestoriadellarte\/files\/2021\/09\/verbale210419.pdf\"><strong>verbale del 21 Aprile 2021<\/strong><\/a><\/li>\n<li><strong><span style=\"color: #008000\"><a style=\"color: #008000\" href=\"http:\/\/corsi.unica.it\/beniculturaliespettacolo\/files\/2017\/05\/verbale-BB-CC-11-11-2016-230517.pdf\" target=\"_blank\" rel=\"noopener noreferrer\">verbale del 11 Novembre 2016<\/a><\/span><\/strong><\/li>\n<li><strong><span style=\"color: #008000\"><a style=\"color: #008000\" href=\"http:\/\/corsi.unica.it\/beniculturaliespettacolo\/files\/2015\/07\/Verbale-BB-CC-13-07-2015.pdf\" target=\"_blank\" rel=\"noopener noreferrer\">verbale del 13 Luglio 2015<\/a><\/span><\/strong><\/li>\n<\/ul>\n","protected":false},"excerpt":{"rendered":"<p>La commissione \u00e8 cos\u00ec composta: Prof.ssa Rapetti (Presidentessa), Prof. Tiragallo, Prof. Macchiarella, Prof. Pala, Prof. Lugli\u00e8. Personale T.A:\u00a0 Myriam Viglino, Alessandra D&#8217;Alessandro. Studentesse: Silvia Baldussi, Sofia Gardella. &nbsp; Riferimenti nomina componenti: verbale del 21 Aprile 2021 verbale del 11 Novembre 2016 verbale del 13 Luglio 2015<\/p>\n","protected":false},"author":643,"featured_media":0,"parent":14,"menu_order":0,"comment_status":"closed","ping_status":"closed","template":"","meta":{"footnotes":""},"class_list":["post-1233","page","type-page","status-publish","hentry","post-seq-1","post-parity-odd","meta-position-corners","fix"],"_links":{"self":[{"href":"https:\/\/people.unica.it\/archeologiaestoriadellarte\/wp-json\/wp\/v2\/pages\/1233","targetHints":{"allow":["GET"]}}],"collection":[{"href":"https:\/\/people.unica.it\/archeologiaestoriadellarte\/wp-json\/wp\/v2\/pages"}],"about":[{"href":"https:\/\/people.unica.it\/archeologiaestoriadellarte\/wp-json\/wp\/v2\/types\/page"}],"author":[{"embeddable":true,"href":"https:\/\/people.unica.it\/archeologiaestoriadellarte\/wp-json\/wp\/v2\/users\/643"}],"replies":[{"embeddable":true,"href":"https:\/\/people.unica.it\/archeologiaestoriadellarte\/wp-json\/wp\/v2\/comments?post=1233"}],"version-history":[{"count":13,"href":"https:\/\/people.unica.it\/archeologiaestoriadellarte\/wp-json\/wp\/v2\/pages\/1233\/revisions"}],"predecessor-version":[{"id":3281,"href":"https:\/\/people.unica.it\/archeologiaestoriadellarte\/wp-json\/wp\/v2\/pages\/1233\/revisions\/3281"}],"up":[{"embeddable":true,"href":"https:\/\/people.unica.it\/archeologiaestoriadellarte\/wp-json\/wp\/v2\/pages\/14"}],"wp:attachment":[{"href":"https:\/\/people.unica.it\/archeologiaestoriadellarte\/wp-json\/wp\/v2\/media?parent=1233"}],"curies":[{"name":"wp","href":"https:\/\/api.w.org\/{rel}","templated":true}]}}