{"id":1229,"date":"2012-11-26T10:27:42","date_gmt":"2012-11-26T10:27:42","guid":{"rendered":"http:\/\/people.unica.it\/provacds2\/?page_id=1229"},"modified":"2021-11-05T12:30:11","modified_gmt":"2021-11-05T12:30:11","slug":"commissione-approvazione-piani-di-studio","status":"publish","type":"page","link":"https:\/\/people.unica.it\/archeologiaestoriadellarte\/chi-siamo\/commissioni\/commissione-approvazione-piani-di-studio\/","title":{"rendered":"Commissione Piani di studio"},"content":{"rendered":"<p>La Commissione per i piani di studio esamina i piani di studio degli studenti per verificarne la congruenza con l\u2019Ordinamento e il Regolamento del CdL; esaminare le richieste di passaggi da altri corsi di laurea al CdL, le richieste di abbreviazione e di prosecuzione degli studi nonch\u00e9 quelle di transito al nuovo Ordinamento.<\/p>\n<p><strong>La Commissione \u00e8 cos\u00ec composta:<\/strong><\/p>\n<p class=\"first-para\">Prof.ssa, B. Fadda, Prof.ri R. Cicilloni, D. Bruni, A. Pala.<\/p>\n<p>Studenti\/esse da nominare<\/p>\n<p>&nbsp;<\/p>\n<p><strong>Riferimenti nomina componenti:<\/strong><\/p>\n<ul>\n<li><span style=\"color: #008000\"><strong><a style=\"color: #008000\" href=\"http:\/\/corsi.unica.it\/beniculturaliespettacolo\/files\/2017\/05\/verbale-BB-CC-11-11-2016-230517.pdf\" target=\"_blank\" rel=\"noopener\">verbale del 11 Novembre 2016<\/a><\/strong><\/span><\/li>\n<li><span style=\"color: #008000\"><a style=\"color: #008000\" href=\"http:\/\/corsi.unica.it\/beniculturaliespettacolo\/files\/2015\/07\/Verbale-BB-CC-13-07-2015.pdf\" target=\"_blank\" rel=\"noopener\"><strong>verbale del 13 Luglio 2015<\/strong><\/a><\/span><\/li>\n<\/ul>\n<p>&nbsp;<\/p>","protected":false},"excerpt":{"rendered":"<p>La Commissione per i piani di studio esamina i piani di studio degli studenti per verificarne la congruenza con l\u2019Ordinamento e il Regolamento del CdL; esaminare le richieste di passaggi da altri corsi di laurea al CdL, le richieste di abbreviazione e di prosecuzione degli studi nonch\u00e9 quelle di transito al nuovo Ordinamento. La Commissione \u00e8 cos\u00ec composta: Prof.ssa, B. Fadda, Prof.ri R. Cicilloni, D. Bruni, A. Pala. Studenti\/esse da nominare &nbsp; Riferimenti nomina componenti: verbale del 11 Novembre 2016 verbale del 13 Luglio 2015 &nbsp;<\/p>\n","protected":false},"author":643,"featured_media":0,"parent":14,"menu_order":0,"comment_status":"closed","ping_status":"closed","template":"","meta":{"footnotes":""},"class_list":["post-1229","page","type-page","status-publish","hentry","post-seq-1","post-parity-odd","meta-position-corners","fix"],"_links":{"self":[{"href":"https:\/\/people.unica.it\/archeologiaestoriadellarte\/wp-json\/wp\/v2\/pages\/1229","targetHints":{"allow":["GET"]}}],"collection":[{"href":"https:\/\/people.unica.it\/archeologiaestoriadellarte\/wp-json\/wp\/v2\/pages"}],"about":[{"href":"https:\/\/people.unica.it\/archeologiaestoriadellarte\/wp-json\/wp\/v2\/types\/page"}],"author":[{"embeddable":true,"href":"https:\/\/people.unica.it\/archeologiaestoriadellarte\/wp-json\/wp\/v2\/users\/643"}],"replies":[{"embeddable":true,"href":"https:\/\/people.unica.it\/archeologiaestoriadellarte\/wp-json\/wp\/v2\/comments?post=1229"}],"version-history":[{"count":14,"href":"https:\/\/people.unica.it\/archeologiaestoriadellarte\/wp-json\/wp\/v2\/pages\/1229\/revisions"}],"predecessor-version":[{"id":3300,"href":"https:\/\/people.unica.it\/archeologiaestoriadellarte\/wp-json\/wp\/v2\/pages\/1229\/revisions\/3300"}],"up":[{"embeddable":true,"href":"https:\/\/people.unica.it\/archeologiaestoriadellarte\/wp-json\/wp\/v2\/pages\/14"}],"wp:attachment":[{"href":"https:\/\/people.unica.it\/archeologiaestoriadellarte\/wp-json\/wp\/v2\/media?parent=1229"}],"curies":[{"name":"wp","href":"https:\/\/api.w.org\/{rel}","templated":true}]}}