{"id":422,"date":"2011-03-07T18:55:20","date_gmt":"2011-03-07T16:55:20","guid":{"rendered":"http:\/\/people.unica.it\/antoniocazzani\/"},"modified":"2012-06-19T08:49:39","modified_gmt":"2012-06-19T06:49:39","slug":"visiting-professor-peter-ruge","status":"publish","type":"page","link":"https:\/\/people.unica.it\/antoniocazzani\/visiting-professor-peter-ruge\/","title":{"rendered":"Visiting Professor &#8211; Peter Ruge"},"content":{"rendered":"<p>Il Prof. Emeritus Dr.-Ing. <strong>Peter Ruge <\/strong>della<strong> <\/strong><em>Technische\u00a0 Universit\u00e4t Dresden<\/em>, Institut Statik und Dynamik der Tragwerke, Dresda (Germania) \u00e8 ospite dell&#8217;Universit\u00e0 degli Studi di Cagliari nell&#8217;ambito del Programma Visiting Professor 2011-2012, finanziato dalla\u00a0Regione Autonoma della Sardegna dal\u00a028 marzo 2012 al 29 giugno 2012.<\/p>\n<p>Durante la sua permanenza svolger\u00e0 queste attivit\u00e0 didattiche integrative:<\/p>\n<p><strong>Advanced Methods for Transmitting Boundaries for Soil-Structure Interaction <\/strong>nell&#8217;ambito del corso di <em>Dottorato in Ingegneria delle Strutture <\/em>(i giorni 19\/06\/2012 ore 16:00-18:00, 20\/06\/2012, ore 10:00-12:00, sempre nell&#8217;aula Berio,\u00a0 ex DISIG &#8211; Dipartimento di Ingegneria Strutturale, Infrastrutturale e Geomatica) [<a href=\"http:\/\/people.unica.it\/antoniocazzani\/files\/2011\/03\/phd-robust2.pdf\">Annuncio<\/a>, <a href=\"http:\/\/people.unica.it\/antoniocazzani\/files\/2011\/03\/birk-prem-song-paper.pdf\">articolo birk-prem-song<\/a>, <a href=\"http:\/\/people.unica.it\/antoniocazzani\/files\/2011\/03\/mixed-variables.pdf\">articolo mixed-variables<\/a>, <a href=\"http:\/\/people.unica.it\/antoniocazzani\/files\/2011\/03\/cazzani-ruge-sdee.pdf\">articolo cazzani-ruge<\/a>, <a href=\"http:\/\/people.unica.it\/antoniocazzani\/files\/2011\/03\/Ruge_AMFTBFSSI2.pdf\">Note Ruge<\/a>]<\/p>\n<p>Il Prof. Emeritus Dr.-Ing. <strong>Peter Ruge <\/strong>della<strong> <\/strong><em>Technische\u00a0 Universit\u00e4t Dresden<\/em>, Institut Statik und Dynamik der Tragwerke, Dresda (Germania) \u00e8 ospite dell&#8217;Universit\u00e0 degli Studi di Cagliari nell&#8217;ambito del Programma Visiting Professor 2010, finanziato dalla\u00a0Regione Autonoma della Sardegna dal 1 marzo 2011 al 21 giugno 2011.<\/p>\n<p>Durante la sua permanenza svolger\u00e0 queste attivit\u00e0 didattiche integrative:<\/p>\n<ul>\n<li><a href=\"http:\/\/people.unica.it\/antoniocazzani\/files\/2011\/03\/bridgedyn_Program-and-Notes.pdf\">Dynamics of Bridges with Moving Loads<\/a>\u00a0nell&#8217;ambito del corso di <em>Teoria e Progetto di Ponti<\/em> &#8211; <em>modulo B<\/em> dei proff. G.P. Gamberini e G.F. Giaccu (nei giorni 11\/03\/2011\u00a0e 24\/03\/2011, ore 11:00-13:00, aula L)<\/li>\n<li><strong>World of Waves and Vibrations <\/strong>nell&#8217;ambito della <em>Facolt\u00e0 di Architettura <\/em>(il giorno 25\/05\/2011, ore 18:00-19:00, aula Magna della Facolt\u00e0 di Architettura, via corte d&#8217;Appello, 87)<\/li>\n<li><strong>Vibration-induced Effects on Buildings <\/strong>nell&#8217;ambito del corso di <em>Statica delle Murature <\/em>del prof. A. Cazzani (il giorno 01\/06\/2011, \u00a0ore 09:00-11:00, aula Berio, DISIG &#8211; Dipartimento di Ingegneria Strutturale, Infrastrutturale e Geomatica)<\/li>\n<li><strong>Advanced Methods for Solutions in the Time-Domain <\/strong>nell&#8217;ambito del corso di <em>Dottorato in Ingegneria delle Strutture <\/em>(i giorni 07\/06\/2011, 09\/06\/2011, 10\/06\/2011, 13\/06\/2011, 15\/06\/2011, ore 10:00-12:00, aula Berio, DISIG &#8211; Dipartimento di Ingegneria Strutturale, Infrastrutturale e Geomatica) [<a href=\"http:\/\/people.unica.it\/antoniocazzani\/files\/2011\/03\/Ausgew_kap_umdruck.pdf\">Articolo 1<\/a>, <a href=\"http:\/\/people.unica.it\/antoniocazzani\/files\/2011\/03\/restricted.pdf\">Articolo 2<\/a>, <a href=\"http:\/\/people.unica.it\/antoniocazzani\/files\/2011\/03\/discont-hamilton.pdf\">Articolo 3<\/a>, <a href=\"http:\/\/people.unica.it\/antoniocazzani\/files\/2011\/03\/eccm99.pdf\">Articolo 4<\/a>, <a href=\"http:\/\/people.unica.it\/antoniocazzani\/files\/2011\/03\/Radiation_rehab.pdf\">Articolo 5<\/a>\u00a0&#8211; <a href=\"http:\/\/people.unica.it\/antoniocazzani\/files\/2011\/03\/Notes-Advanced-Methods-for-Solutions-in-the-Time-Domain.pdf\">Note Lezioni parte 1-2<\/a>,\u00a0<a href=\"http:\/\/people.unica.it\/antoniocazzani\/files\/2011\/03\/Notes-Advanced-Methods-for-Solutions-in-the-Time-Domain-2.pdf\">Note Lezioni parte 2- 2<\/a>]<\/li>\n<\/ul>\n","protected":false},"excerpt":{"rendered":"<p>Il Prof. Emeritus Dr.-Ing. Peter Ruge della Technische\u00a0 Universit\u00e4t Dresden, Institut Statik und Dynamik der Tragwerke, Dresda (Germania) \u00e8 ospite dell&#8217;Universit\u00e0 degli Studi di Cagliari nell&#8217;ambito del Programma Visiting Professor 2011-2012, finanziato dalla\u00a0Regione Autonoma della Sardegna dal\u00a028 marzo 2012 al 29 giugno 2012. Durante la sua permanenza svolger\u00e0 queste attivit\u00e0 didattiche integrative: Advanced Methods for Transmitting Boundaries for Soil-Structure Interaction nell&#8217;ambito del corso di Dottorato in Ingegneria delle Strutture (i giorni 19\/06\/2012 ore 16:00-18:00, 20\/06\/2012, ore 10:00-12:00, sempre nell&#8217;aula Berio,\u00a0 ex DISIG &#8211; Dipartimento di Ingegneria Strutturale, Infrastrutturale e Geomatica) [Annuncio, articolo birk-prem-song, articolo mixed-variables, articolo cazzani-ruge, Note Ruge] Il <a href='https:\/\/people.unica.it\/antoniocazzani\/visiting-professor-peter-ruge\/' class='excerpt-more'>[&#8230;]<\/a><\/p>\n","protected":false},"author":191,"featured_media":0,"parent":0,"menu_order":0,"comment_status":"open","ping_status":"open","template":"","meta":{"footnotes":""},"class_list":["post-422","page","type-page","status-publish","hentry","post-seq-1","post-parity-odd","meta-position-corners","fix"],"_links":{"self":[{"href":"https:\/\/people.unica.it\/antoniocazzani\/wp-json\/wp\/v2\/pages\/422","targetHints":{"allow":["GET"]}}],"collection":[{"href":"https:\/\/people.unica.it\/antoniocazzani\/wp-json\/wp\/v2\/pages"}],"about":[{"href":"https:\/\/people.unica.it\/antoniocazzani\/wp-json\/wp\/v2\/types\/page"}],"author":[{"embeddable":true,"href":"https:\/\/people.unica.it\/antoniocazzani\/wp-json\/wp\/v2\/users\/191"}],"replies":[{"embeddable":true,"href":"https:\/\/people.unica.it\/antoniocazzani\/wp-json\/wp\/v2\/comments?post=422"}],"version-history":[{"count":11,"href":"https:\/\/people.unica.it\/antoniocazzani\/wp-json\/wp\/v2\/pages\/422\/revisions"}],"predecessor-version":[{"id":633,"href":"https:\/\/people.unica.it\/antoniocazzani\/wp-json\/wp\/v2\/pages\/422\/revisions\/633"}],"wp:attachment":[{"href":"https:\/\/people.unica.it\/antoniocazzani\/wp-json\/wp\/v2\/media?parent=422"}],"curies":[{"name":"wp","href":"https:\/\/api.w.org\/{rel}","templated":true}]}}