{"id":1059,"date":"2017-06-14T11:01:30","date_gmt":"2017-06-14T09:01:30","guid":{"rendered":"http:\/\/people.unica.it\/antoniocazzani\/?page_id=1059"},"modified":"2020-12-21T18:15:50","modified_gmt":"2020-12-21T16:15:50","slug":"tutoraggio","status":"publish","type":"page","link":"https:\/\/people.unica.it\/antoniocazzani\/tutoraggio\/","title":{"rendered":"Tutoraggio"},"content":{"rendered":"<p>21 dicembre 2020<\/p>\n<p>Si avvisano gli studenti del corso di Scienza delle Costruzioni che \u00e8 stato fissato il\u00a0 calendario degli incontri di tutoraggio della sessione invernale per via telematica (Microsoft Teams) nel seguente modo:<\/p>\n<p>04\/01\/2021\u00a0 \u00a0ore 15.30-17.30<br \/>\n22\/01\/2021\u00a0 \u00a0ore 15.30-17.30<br \/>\n06\/02\/2021\u00a0 \u00a0ore 16.30-18.00<\/p>\n<p>&nbsp;<\/p>\n<p>3 gennaio 2020<\/p>\n<p>Si avvisano gli studenti del corso di Scienza delle Costruzioni che \u00e8 stato fissato il\u00a0 calendario degli incontri di tutoraggio della sessione invernale nel seguente modo:<\/p>\n<p>7 gennaio 2020\u00a0 \u00a0 \u00a0 \u00a0 \u00a0 \u00a0ore 15.30-18.00\u00a0 \u00a0aula BI<\/p>\n<p>15\u00a0 gennaio 2020\u00a0 \u00a0 \u00a0 \u00a0 ore 15.30-18.00\u00a0 \u00a0aula D;<\/p>\n<p>29\u00a0 gennaio 2019\u00a0 \u00a0 \u00a0 \u00a0 \u00a0ore 15.30-18.00\u00a0 \u00a0aula L.<\/p>\n<p>&nbsp;<\/p>\n<p>2 dicembre 2019<\/p>\n<p>Si avvisano gli studenti del corso di Scienza delle Costruzioni che \u00e8 stato fissato il primo incontro di tutoraggio della sessione invernale\u00a0 nel pomeriggio del 7 gennaio 2020 dalle ore 15.30 alle ore 18.00 in aula BI (polo Ingegneria).<\/p>\n<p>A breve si presenter\u00e0 il calendario completo degli incontri di tutoraggio della sessione invernale.<\/p>\n<p>&nbsp;<\/p>\n<p>5 giugno 2019<\/p>\n<p>Si avvisano gli studenti del corso di Scienza delle Costruzioni che \u00e8 confermato l&#8217;incontro di tutoraggio previsto per il 6 giugno alle ore 15.00 in aula alfa.<\/p>\n<p>&nbsp;<\/p>\n<p>&nbsp;<\/p>\n<p>&nbsp;<\/p>\n<p>12 maggio 2019<\/p>\n<p>Si avvisano gli studenti del corso di Scienza delle Costruzioni che sono stati fissati i primi incontri di tutoraggio della sessione estiva\u00a0 nelle seguenti giornate:<\/p>\n<p>30 maggio 2019\u00a0 \u00a0 \u00a0 ore 15.00-18.00\u00a0 aula U;<\/p>\n<p>6\u00a0 giugno 2019\u00a0 \u00a0 \u00a0 \u00a0 ore 15.00-18.00\u00a0 \u00a0aula alfa;<\/p>\n<p>&nbsp;<\/p>\n<p>20.12.2018<\/p>\n<p>Si avvisano gli studenti del corso di Scienza delle Costruzioni che \u00e8 stato modificato il\u00a0 calendario degli incontri di tutoraggio della sessione invernale nel seguente modo:<\/p>\n<p>7 gennaio 2019\u00a0 \u00a0 \u00a0 \u00a0 \u00a0 \u00a0ore 15.00-18.00\u00a0 \u00a0aula D<\/p>\n<p>17\u00a0 gennaio 2019\u00a0 \u00a0 \u00a0 \u00a0 ore 15.00-18.00\u00a0 \u00a0aula CD;<\/p>\n<p>31 gennaio 2019\u00a0 \u00a0 \u00a0 \u00a0 \u00a0ore 15.00-18.00\u00a0 \u00a0aula CD.<\/p>\n<p>&nbsp;<\/p>\n<p>10.12.2018<\/p>\n<p>Si avvisano gli studenti del corso di Scienza delle Costruzioni che \u00e8 stato fissato il seguente calendario degli incontri di tutoraggio della sessione invernale con l&#8217;Ing. Teresa Ruggeri:<\/p>\n<p>21 dicembre 2018\u00a0 \u00a0 \u00a0 ore 16.00-18.00\u00a0 aula U;<\/p>\n<p>17\u00a0 gennaio 2019\u00a0 \u00a0 \u00a0 \u00a0 ore 15.00-18.00\u00a0 \u00a0aula CD;<\/p>\n<p>31 gennaio 2019\u00a0 \u00a0 \u00a0 \u00a0 \u00a0ore 15.00-18.00\u00a0 \u00a0aula CD.<\/p>\n<p>&nbsp;<\/p>\n<p>&nbsp;<\/p>\n<p>&nbsp;<\/p>\n<p>&nbsp;<\/p>\n<p>18.07.2018<\/p>\n<p>Si avvisano gli studenti del corso in Scienza delle Costruzioni che salter\u00e0 l&#8217;incontro di tutoraggio previsto per il 6 settembre. Qualora ci fossero studenti che necessitano di ulteriori chiarimenti sullo svolgimento dei compiti d&#8217;esame contattare \u00a0il \u00a0prof. Antonio Cazzani e \u00a0l&#8217;ing. Teresa Ruggeri<\/p>\n<p>&nbsp;<\/p>\n<p>11.06.2018<\/p>\n<p>Si avvisano gli studenti del corso in Scienza delle Costruzioni che \u00e8 stato aggiunto un ulteriore incontro di tutoraggio con l&#8217;Ing. Teresa Ruggeri.<\/p>\n<p>Pertanto questa settimana gli incontri saranno nei seguenti giorni<\/p>\n<p>13 giugno \u00a0 \u00a0 ore 15.00-18.00 \u00a0 \u00a0 Aula U<\/p>\n<p>14 giugno \u00a0 \u00a0 ore 15.00-18.00 \u00a0 \u00a0 \u00a0Aula Z<\/p>\n<p>Per quanto riguarda il tutoraggio del mese di settembre si indicheranno tra breve eventuali altre date differenti dal 6 settembre.<\/p>\n<p>14.05.2018<\/p>\n<p>Si avvisano gli studenti del corso in Scienza delle Costruzioni che \u00e8 stato fissato il seguente calendario del tutoraggio di esercitazioni curato dall&#8217; Ing. Teresa Ruggeri per la sessione estiva:<\/p>\n<div><span style=\"font-family: Arial;font-size: small\">4 giugno \u00a0 \u00a0 \u00a0 \u00a0 \u00a0 \u00a0ore 15.00-18.00 \u00a0 \u00a0 \u00a0 Aula U;<\/span><\/div>\n<div><span style=\"font-family: Arial;font-size: small\">13 giugno \u00a0 \u00a0 \u00a0 \u00a0 \u00a0ore 15.00-18.00 \u00a0 \u00a0 \u00a0 Aula U;<\/span><\/div>\n<div><span style=\"font-family: Arial;font-size: small\">28 giugno \u00a0 \u00a0 \u00a0 \u00a0 \u00a0ore 15.00-18.00 \u00a0 \u00a0 \u00a0 Aula U;<\/span><\/div>\n<div><span style=\"font-family: Arial;font-size: small\">6 settembre \u00a0 \u00a0 \u00a0 ore 15.00-18.00 \u00a0 \u00a0 \u00a0 Aula U.<\/span><\/div>\n<div><\/div>\n<p>&nbsp;<\/p>\n<p>31.01.2018<\/p>\n<p>Per ovviare all&#8217;inconveniente dell&#8217;annullamento della sessione di tutoraggio prevista per il 30\/01 u.s. in qualit\u00e0 di docente titolare del corso\u00a0do la disponibilit\u00e0 a svolgere io stesso una sessione di tutoraggio prima del prossimo appello di Statica e Scienza delle costruzioni.<\/p>\n<p>L&#8217;incontro si svolger\u00e0<strong>\u00a0luned\u00ec 5 febbraio<\/strong> p.v. <strong>alle ore 15:00 in aula A<\/strong>, viale Merello. La sessione si concluder\u00e0 entro le ore 18:00.<\/p>\n<p>&nbsp;<\/p>\n<p>28.01.2018<\/p>\n<p>Si avvisano gli studenti del corso in Scienza delle Costruzioni che, per impegni sopraggiunti dell&#8217;Ing. Teresa Ruggeri, salter\u00e0 l&#8217;incontro di tutoraggio previsto per marted\u00ec 30 gennaio. Tale incontro verr\u00e0 recuperato nella prossima sessione di tutoraggio.<\/p>\n<p>&nbsp;<\/p>\n<p>&nbsp;<\/p>\n<p>17.12.2017<\/p>\n<p>Per gli studenti del corso in Scienza delle Costruzioni si riporta di seguito il calendario dell&#8217;attivit\u00e0 di tutoraggio, tenuta dall&#8217; Ing. Teresa Ruggeri, per la sessione invernale:<\/p>\n<p>20.12.2017 \u00a0 \u00a0 \u00a0 \u00a0 \u00a0ore 10.00-13.00 \u00a0aula A (biennio Matematica)<\/p>\n<p>8.01.2018 \u00a0 \u00a0 \u00a0 \u00a0 \u00a0 \u00a0ore 15.00-18.00 \u00a0aula BI (ex-sala lettura)<\/p>\n<p>30.01.2018 \u00a0 \u00a0 \u00a0 \u00a0 \u00a0ore 16.00-19.00 \u00a0aula BI (ex-sala lettura)<\/p>\n<p>&nbsp;<\/p>\n<p>14.06.2017<\/p>\n<p>Si avvisano gli studenti del corso in Scienza delle Costruzioni che \u00e8 stato fissato il calendario del tutoraggio di esercitazioni curato dall&#8217; Ing. Teresa Ruggeri per la sessione estiva, gi\u00e0 pubblicato nella vecchia pagina web degli avvisi, eliminata in questi ultimi giorni dal sito.<\/p>\n<p>Viene, dunque, riportato di seguito il calendario degli incontri:<\/p>\n<p>&nbsp;<\/p>\n<div><span style=\"font-family: Arial;font-size: small\">13 giugno\u00a0\u00a0\u00a0\u00a0\u00a0 ore 15.00-18-.00\u00a0\u00a0\u00a0\u00a0 Aula Ab;<\/span><\/div>\n<div><span style=\"font-family: Arial;font-size: small\">15 giugno\u00a0\u00a0\u00a0\u00a0\u00a0\u00a0ore 15.00-18-.00\u00a0\u00a0\u00a0\u00a0 Aula Ab;<\/span><\/div>\n<div><span style=\"font-family: Arial;font-size: small\">28 giugno\u00a0\u00a0\u00a0\u00a0\u00a0 ore 15.00-18-.00\u00a0\u00a0\u00a0\u00a0 Aula Ab;<\/span><\/div>\n<div><span style=\"font-family: Arial;font-size: small\">6 settembre\u00a0\u00a0 ore 15.00-18-.00\u00a0\u00a0\u00a0\u00a0 Aula Ab.<\/span><\/div>\n<div><\/div>\n<div><\/div>\n<div><\/div>\n<div><\/div>\n<div><\/div>\n<div><\/div>\n<div><\/div>\n","protected":false},"excerpt":{"rendered":"<p>21 dicembre 2020 Si avvisano gli studenti del corso di Scienza delle Costruzioni che \u00e8 stato fissato il\u00a0 calendario degli incontri di tutoraggio della sessione invernale per via telematica (Microsoft Teams) nel seguente modo: 04\/01\/2021\u00a0 \u00a0ore 15.30-17.30 22\/01\/2021\u00a0 \u00a0ore 15.30-17.30 06\/02\/2021\u00a0 \u00a0ore 16.30-18.00 &nbsp; 3 gennaio 2020 Si avvisano gli studenti del corso di Scienza delle Costruzioni che \u00e8 stato fissato il\u00a0 calendario degli incontri di tutoraggio della sessione invernale nel seguente modo: 7 gennaio 2020\u00a0 \u00a0 \u00a0 \u00a0 \u00a0 \u00a0ore 15.30-18.00\u00a0 \u00a0aula BI 15\u00a0 gennaio 2020\u00a0 \u00a0 \u00a0 \u00a0 ore 15.30-18.00\u00a0 \u00a0aula D; 29\u00a0 gennaio 2019\u00a0 \u00a0 \u00a0 \u00a0 <a href='https:\/\/people.unica.it\/antoniocazzani\/tutoraggio\/' class='excerpt-more'>[&#8230;]<\/a><\/p>\n","protected":false},"author":191,"featured_media":0,"parent":0,"menu_order":0,"comment_status":"open","ping_status":"open","template":"","meta":{"footnotes":""},"class_list":["post-1059","page","type-page","status-publish","hentry","post-seq-1","post-parity-odd","meta-position-corners","fix"],"_links":{"self":[{"href":"https:\/\/people.unica.it\/antoniocazzani\/wp-json\/wp\/v2\/pages\/1059","targetHints":{"allow":["GET"]}}],"collection":[{"href":"https:\/\/people.unica.it\/antoniocazzani\/wp-json\/wp\/v2\/pages"}],"about":[{"href":"https:\/\/people.unica.it\/antoniocazzani\/wp-json\/wp\/v2\/types\/page"}],"author":[{"embeddable":true,"href":"https:\/\/people.unica.it\/antoniocazzani\/wp-json\/wp\/v2\/users\/191"}],"replies":[{"embeddable":true,"href":"https:\/\/people.unica.it\/antoniocazzani\/wp-json\/wp\/v2\/comments?post=1059"}],"version-history":[{"count":19,"href":"https:\/\/people.unica.it\/antoniocazzani\/wp-json\/wp\/v2\/pages\/1059\/revisions"}],"predecessor-version":[{"id":1895,"href":"https:\/\/people.unica.it\/antoniocazzani\/wp-json\/wp\/v2\/pages\/1059\/revisions\/1895"}],"wp:attachment":[{"href":"https:\/\/people.unica.it\/antoniocazzani\/wp-json\/wp\/v2\/media?parent=1059"}],"curies":[{"name":"wp","href":"https:\/\/api.w.org\/{rel}","templated":true}]}}