{"id":370,"date":"2015-02-27T08:34:40","date_gmt":"2015-02-27T08:34:40","guid":{"rendered":"http:\/\/people.unica.it\/alophis\/?page_id=370"},"modified":"2017-12-27T17:03:47","modified_gmt":"2017-12-27T17:03:47","slug":"corpina-fabio","status":"publish","type":"page","link":"https:\/\/people.unica.it\/alophis\/members\/corpina-fabio\/","title":{"rendered":"Corpina Fabio"},"content":{"rendered":"<p class=\"p1\"><img decoding=\"async\" class=\"alignleft wp-image-371\" src=\"http:\/\/people.unica.it\/alophis\/files\/2015\/02\/Foto-fabio-250x300.jpg\" alt=\"\" width=\"198\" height=\"237\" srcset=\"https:\/\/people.unica.it\/alophis\/files\/2015\/02\/Foto-fabio-250x300.jpg 250w, https:\/\/people.unica.it\/alophis\/files\/2015\/02\/Foto-fabio-853x1024.jpg 853w, https:\/\/people.unica.it\/alophis\/files\/2015\/02\/Foto-fabio-500x600.jpg 500w, https:\/\/people.unica.it\/alophis\/files\/2015\/02\/Foto-fabio.jpg 866w\" sizes=\"(max-width: 198px) 100vw, 198px\" \/><\/p>\n<p class=\"p1\">\u00a0 <strong>Short Biography<\/strong><\/p>\n<p>I was born in Sicily (1985), at the foot of Nebrodi Mountains and opposite the Aeolian Islands.<\/p>\n<p>I am graduated in <i>Philosophy and History of Ideas<\/i> at the University of Palermo (2011).\u00a0I received my Ph.D in <i>History, Philosophy and Didactics of Science<\/i> from University of Cagliari (2017), under the supervision of Francesco Paoli. <i>Time, tenses and modalities. Diodorus\u2019\u00a0 kurieuon, Prior\u2019s Master Argument and his heritage <\/i>is the title of my thesis.\u00a0I visited the Universit\u00e9 de Gen\u00e8ve under Paolo Crivelli (2013), and the Aalborg University under Peter \u00d8hrstr\u00f8m (2014, 2017).\u00a0I am following the <i>Virtual Lab for A. Prior Studies<\/i>, a joint project between the University of Copenhagen and the Aalborg University.\u00a0Moreover, I am interested in didactics and I am teaching history and philosophy at high school (liceo classico <i>Siotto<\/i> &#8211; Cagliari).<\/p>\n<p><strong>Contacts<\/strong><\/p>\n<p class=\"p1\"><strong>e-mail:<\/strong> fabcorpina@libero.it<\/p>\n<div class=\"page\" title=\"Page 1\">\n<div class=\"layoutArea\">\n<div class=\"column\">\n<p><strong>Academia:<\/strong> http:\/\/unica.academia.edu\/FabioCorpina<\/p>\n<div class=\"page\" title=\"Page 1\">\n<div class=\"layoutArea\">\n<div class=\"column\">\n<p><strong>Skype:<\/strong> fabio.corpina<\/p>\n<\/div>\n<\/div>\n<\/div>\n<\/div>\n<\/div>\n<\/div>\n<p class=\"p1\"><strong>Research Interests<\/strong><\/p>\n<ul>\n<li class=\"p1\">History of logic<\/li>\n<li class=\"p1\">Megarics and Stoics<\/li>\n<li class=\"p1\">Philosophy<\/li>\n<li class=\"p1\">Diodorus Cronus<\/li>\n<li class=\"p1\">Arthur N. Prior<\/li>\n<li class=\"p1\">Temporal logics<\/li>\n<li class=\"p1\">Modal logics<\/li>\n<\/ul>\n<p><strong>Publications<\/strong><\/p>\n<div class=\"page\" title=\"Page 2\">\n<div class=\"layoutArea\">\n<div class=\"column\">\n<ol>\n<li>F. Corpina and P. \u00d8hrstr\u00f8m, \u201cThe Diodorean approach to time and modality from a historical and a philosophical perspective\u201d, in Logic and Philosophy of Time: Themes from Prior (eds. P. Hasle, et al.), ISBN 978-87-7112-674-7, pp. 83-101.<\/li>\n<li>F. Corpina, The Ancient Master Argument and some examples of tense logic, in Argumenta, The Journal of the Italian Society for Analytic Philosophy (SIFA), 2016, 1 (2), ISSN: 2465- 2334, pp. 245-258.<\/li>\n<li>F. Corpina and L. Marongiu, \u201cDialogo urbano e beffardo. Ha senso studiare la filosofia?\u201d, Niente che non sia umano. Otto motivi per studiare discipline umanistiche (eds. C. Farci and G. Melis), ISBN 978-88-548-9214-9, pp. 103-112.<\/li>\n<li>(Review to) G. Ventimiglia, \u00abTo be o esse?\u00bb La questione dell&#8217;essere nel tomismo analitico, Carocci, Roma 2012, pp.391, Giornale di Metafisica, n. 2, 2012, Tilgher, ISSN: 0017-0372, pp. 202-204.<\/li>\n<\/ol>\n<p><strong>Referee activity<\/strong><\/p>\n<div class=\"page\" title=\"Page 2\">\n<div class=\"layoutArea\">\n<div class=\"column\">\n<ul>\n<li>Reviewer for APhEx Network Journal of Analytic Philosophy ISSN 2036-9972 (http:\/\/www.aphex.it\/)<\/li>\n<\/ul>\n<\/div>\n<p><strong>Affiliations<\/strong><\/p>\n<div class=\"page\" title=\"Page 2\">\n<div class=\"layoutArea\">\n<div class=\"column\">\n<ul>\n<li>SILFS &#8211; Italian Society for Logic and the Philosophy of Science<\/li>\n<\/ul>\n<p style=\"text-align: center\"><strong><a href=\"http:\/\/people.unica.it\/alophis\/files\/2017\/12\/fabcorpinaupdatedcv.pdf\">See the full CV<\/a><\/strong><\/p>\n<\/div>\n<\/div>\n<\/div>\n<\/div>\n<\/div>\n<\/div>\n<\/div>\n<\/div>\n<p class=\"p1\">\n","protected":false},"excerpt":{"rendered":"<p>\u00a0 Short Biography I was born in Sicily (1985), at the foot of Nebrodi Mountains and opposite the Aeolian Islands. I am graduated in Philosophy and History of Ideas at the University of Palermo (2011).\u00a0I received my Ph.D in History, Philosophy and Didactics of Science from University of Cagliari (2017), under the supervision of Francesco Paoli. Time, tenses and modalities. Diodorus\u2019\u00a0 kurieuon, Prior\u2019s Master Argument and his heritage is the title of my thesis.\u00a0I visited the Universit\u00e9 de Gen\u00e8ve under Paolo Crivelli (2013), and the Aalborg University under Peter \u00d8hrstr\u00f8m (2014, 2017).\u00a0I am following the Virtual Lab for A. Prior <a href='https:\/\/people.unica.it\/alophis\/members\/corpina-fabio\/' class='excerpt-more'>[&#8230;]<\/a><\/p>\n","protected":false},"author":524,"featured_media":0,"parent":12,"menu_order":15,"comment_status":"closed","ping_status":"closed","template":"","meta":{"footnotes":""},"class_list":["post-370","page","type-page","status-publish","hentry","post-seq-1","post-parity-odd","meta-position-corners","fix"],"_links":{"self":[{"href":"https:\/\/people.unica.it\/alophis\/wp-json\/wp\/v2\/pages\/370","targetHints":{"allow":["GET"]}}],"collection":[{"href":"https:\/\/people.unica.it\/alophis\/wp-json\/wp\/v2\/pages"}],"about":[{"href":"https:\/\/people.unica.it\/alophis\/wp-json\/wp\/v2\/types\/page"}],"author":[{"embeddable":true,"href":"https:\/\/people.unica.it\/alophis\/wp-json\/wp\/v2\/users\/524"}],"replies":[{"embeddable":true,"href":"https:\/\/people.unica.it\/alophis\/wp-json\/wp\/v2\/comments?post=370"}],"version-history":[{"count":8,"href":"https:\/\/people.unica.it\/alophis\/wp-json\/wp\/v2\/pages\/370\/revisions"}],"predecessor-version":[{"id":749,"href":"https:\/\/people.unica.it\/alophis\/wp-json\/wp\/v2\/pages\/370\/revisions\/749"}],"up":[{"embeddable":true,"href":"https:\/\/people.unica.it\/alophis\/wp-json\/wp\/v2\/pages\/12"}],"wp:attachment":[{"href":"https:\/\/people.unica.it\/alophis\/wp-json\/wp\/v2\/media?parent=370"}],"curies":[{"name":"wp","href":"https:\/\/api.w.org\/{rel}","templated":true}]}}