{"id":162,"date":"2009-02-04T19:08:09","date_gmt":"2009-02-04T18:08:09","guid":{"rendered":"http:\/\/people.unica.it\/abitaresociale\/?page_id=162&amp;lang=it"},"modified":"2009-02-17T11:00:44","modified_gmt":"2009-02-17T10:00:44","slug":"news","status":"publish","type":"page","link":"https:\/\/people.unica.it\/abitaresociale\/news\/","title":{"rendered":"Iscrizione"},"content":{"rendered":"<p><strong>Modalit\u00e0 d&#8217;iscrizione:<\/strong><br \/>\nL&#8217;iscrizione dovr\u00e0 essere effettuata mediante la compilazione della scheda allegata e dovr\u00e0 pervenire via fax al n\u00b0 070\/6755816 o e-mail all\u2019indirizzo abitaresociale@unica.it,<br \/>\nQuota di iscrizione<br \/>\nIl Workshop \u2013 Seminario \u00e8 a numero chiuso per 100 partecipanti.<br \/>\nPer la quota di iscrizione sono previste due aliquote:<br \/>\n\u2022\t200 Euro come quota ordinaria<br \/>\n\u2022\t100 Euro per la partecipazione (formula studenti)<br \/>\nAlla conclusione dei lavori verr\u00e0 consegnato a tutti gli iscritti l\u2019attestato di partecipazione.<br \/>\nLe richieste di iscrizione dovranno pervenire alla segreteria, via mail o fax, entro luned\u00ec 23 febbraio.<\/p>\n<p>La partecipazione \u00e8 gratuita per i primi 60 studenti che invieranno richiesta di iscrizione.<\/p>\n<p><a href='http:\/\/people.unica.it\/abitaresociale\/files\/2009\/02\/scheda-iscriz_abitare-sociale.doc'>scheda-iscriz_abitare-sociale<\/a><\/p>\n","protected":false},"excerpt":{"rendered":"<p>Modalit\u00e0 d&#8217;iscrizione: L&#8217;iscrizione dovr\u00e0 essere effettuata mediante la compilazione della scheda allegata e dovr\u00e0 pervenire via fax al n\u00b0 070\/6755816 o e-mail all\u2019indirizzo abitaresociale@unica.it, Quota di iscrizione Il Workshop \u2013 Seminario \u00e8 a numero chiuso per 100 partecipanti. Per la quota di iscrizione sono previste due aliquote: \u2022 200 Euro come quota ordinaria \u2022 100 Euro per la partecipazione (formula studenti) Alla conclusione dei lavori verr\u00e0 consegnato a tutti gli iscritti l\u2019attestato di partecipazione. Le richieste di iscrizione dovranno pervenire alla segreteria, via mail o fax, entro luned\u00ec 23 febbraio. La partecipazione \u00e8 gratuita per i primi 60 studenti che <a href='https:\/\/people.unica.it\/abitaresociale\/news\/' class='excerpt-more'>[&#8230;]<\/a><\/p>\n","protected":false},"author":266,"featured_media":0,"parent":0,"menu_order":8,"comment_status":"closed","ping_status":"closed","template":"","meta":{"footnotes":""},"class_list":["post-162","page","type-page","status-publish","hentry","category-1-id","post-seq-1","post-parity-odd","meta-position-corners","fix"],"_links":{"self":[{"href":"https:\/\/people.unica.it\/abitaresociale\/wp-json\/wp\/v2\/pages\/162","targetHints":{"allow":["GET"]}}],"collection":[{"href":"https:\/\/people.unica.it\/abitaresociale\/wp-json\/wp\/v2\/pages"}],"about":[{"href":"https:\/\/people.unica.it\/abitaresociale\/wp-json\/wp\/v2\/types\/page"}],"author":[{"embeddable":true,"href":"https:\/\/people.unica.it\/abitaresociale\/wp-json\/wp\/v2\/users\/266"}],"replies":[{"embeddable":true,"href":"https:\/\/people.unica.it\/abitaresociale\/wp-json\/wp\/v2\/comments?post=162"}],"version-history":[{"count":9,"href":"https:\/\/people.unica.it\/abitaresociale\/wp-json\/wp\/v2\/pages\/162\/revisions"}],"predecessor-version":[{"id":220,"href":"https:\/\/people.unica.it\/abitaresociale\/wp-json\/wp\/v2\/pages\/162\/revisions\/220"}],"wp:attachment":[{"href":"https:\/\/people.unica.it\/abitaresociale\/wp-json\/wp\/v2\/media?parent=162"}],"curies":[{"name":"wp","href":"https:\/\/api.w.org\/{rel}","templated":true}]}}